{"id":8473,"date":"2023-10-26T20:45:03","date_gmt":"2023-10-26T18:45:03","guid":{"rendered":"https:\/\/dev.bre-trafo.de\/kunskap\/info-kretsar-och-vektorgrupper\/"},"modified":"2025-10-16T17:20:42","modified_gmt":"2025-10-16T15:20:42","slug":"info-kretsar-och-vektorgrupper","status":"publish","type":"page","link":"https:\/\/bre-trafo.de\/sv\/kunskap\/info-kretsar-och-vektorgrupper\/","title":{"rendered":"INFO Kretsar och vektorgrupper"},"content":{"rendered":"","protected":false},"excerpt":{"rendered":"","protected":false},"author":6,"featured_media":0,"parent":8466,"menu_order":0,"comment_status":"closed","ping_status":"closed","template":"templates\/contentbuilder.php","meta":{"_acf_changed":false,"footnotes":""},"class_list":["post-8473","page","type-page","status-publish","hentry"],"acf":[],"yoast_head":"<!-- This site is optimized with the Yoast SEO plugin v27.4 - https:\/\/yoast.com\/product\/yoast-seo-wordpress\/ -->\n<title>Kretsar och vektorgrupper | Breimer-Roth<\/title>\n<meta name=\"description\" content=\"Transformatorenwerk Breimer-Roth f\u00f6rklarar hur man identifierar kretsar och vektorgrupper p\u00e5 v\u00e5ra trefastransformatorer.\" \/>\n<meta name=\"robots\" content=\"index, follow, max-snippet:-1, max-image-preview:large, max-video-preview:-1\" \/>\n<link rel=\"canonical\" href=\"https:\/\/bre-trafo.de\/sv\/kunskap\/info-kretsar-och-vektorgrupper\/\" \/>\n<meta property=\"og:locale\" content=\"sv_SE\" \/>\n<meta property=\"og:type\" content=\"article\" \/>\n<meta property=\"og:title\" content=\"Kretsar och vektorgrupper | Breimer-Roth\" \/>\n<meta property=\"og:description\" content=\"Transformatorenwerk Breimer-Roth f\u00f6rklarar hur man identifierar kretsar och vektorgrupper p\u00e5 v\u00e5ra trefastransformatorer.\" \/>\n<meta property=\"og:url\" content=\"https:\/\/bre-trafo.de\/sv\/kunskap\/info-kretsar-och-vektorgrupper\/\" \/>\n<meta property=\"og:site_name\" content=\"Breimer-Roth Transformatoren\" \/>\n<meta property=\"article:modified_time\" content=\"2025-10-16T15:20:42+00:00\" \/>\n<meta name=\"twitter:card\" content=\"summary_large_image\" \/>\n<script type=\"application\/ld+json\" class=\"yoast-schema-graph\">{\"@context\":\"https:\\\/\\\/schema.org\",\"@graph\":[{\"@type\":\"WebPage\",\"@id\":\"https:\\\/\\\/bre-trafo.de\\\/sv\\\/kunskap\\\/info-kretsar-och-vektorgrupper\\\/\",\"url\":\"https:\\\/\\\/bre-trafo.de\\\/sv\\\/kunskap\\\/info-kretsar-och-vektorgrupper\\\/\",\"name\":\"Kretsar och vektorgrupper | Breimer-Roth\",\"isPartOf\":{\"@id\":\"https:\\\/\\\/bre-trafo.de\\\/sv\\\/#website\"},\"datePublished\":\"2023-10-26T18:45:03+00:00\",\"dateModified\":\"2025-10-16T15:20:42+00:00\",\"description\":\"Transformatorenwerk Breimer-Roth f\u00f6rklarar hur man identifierar kretsar och vektorgrupper p\u00e5 v\u00e5ra trefastransformatorer.\",\"breadcrumb\":{\"@id\":\"https:\\\/\\\/bre-trafo.de\\\/sv\\\/kunskap\\\/info-kretsar-och-vektorgrupper\\\/#breadcrumb\"},\"inLanguage\":\"sv-SE\",\"potentialAction\":[{\"@type\":\"ReadAction\",\"target\":[\"https:\\\/\\\/bre-trafo.de\\\/sv\\\/kunskap\\\/info-kretsar-och-vektorgrupper\\\/\"]}]},{\"@type\":\"BreadcrumbList\",\"@id\":\"https:\\\/\\\/bre-trafo.de\\\/sv\\\/kunskap\\\/info-kretsar-och-vektorgrupper\\\/#breadcrumb\",\"itemListElement\":[{\"@type\":\"ListItem\",\"position\":1,\"name\":\"Home\",\"item\":\"https:\\\/\\\/bre-trafo.de\\\/sv\\\/hem\\\/\"},{\"@type\":\"ListItem\",\"position\":2,\"name\":\"Kunskap\",\"item\":\"https:\\\/\\\/bre-trafo.de\\\/sv\\\/kunskap\\\/\"},{\"@type\":\"ListItem\",\"position\":3,\"name\":\"INFO Kretsar och vektorgrupper\"}]},{\"@type\":\"WebSite\",\"@id\":\"https:\\\/\\\/bre-trafo.de\\\/sv\\\/#website\",\"url\":\"https:\\\/\\\/bre-trafo.de\\\/sv\\\/\",\"name\":\"Breimer-Roth Transformatoren\",\"description\":\"Trafo Hersteller\",\"publisher\":{\"@id\":\"https:\\\/\\\/bre-trafo.de\\\/sv\\\/#organization\"},\"potentialAction\":[{\"@type\":\"SearchAction\",\"target\":{\"@type\":\"EntryPoint\",\"urlTemplate\":\"https:\\\/\\\/bre-trafo.de\\\/sv\\\/?s={search_term_string}\"},\"query-input\":{\"@type\":\"PropertyValueSpecification\",\"valueRequired\":true,\"valueName\":\"search_term_string\"}}],\"inLanguage\":\"sv-SE\"},{\"@type\":\"Organization\",\"@id\":\"https:\\\/\\\/bre-trafo.de\\\/sv\\\/#organization\",\"name\":\"Breimer-Roth Transformatoren Erbach\",\"url\":\"https:\\\/\\\/bre-trafo.de\\\/sv\\\/\",\"logo\":{\"@type\":\"ImageObject\",\"inLanguage\":\"sv-SE\",\"@id\":\"https:\\\/\\\/bre-trafo.de\\\/sv\\\/#\\\/schema\\\/logo\\\/image\\\/\",\"url\":\"https:\\\/\\\/bre-trafo.de\\\/wp-content\\\/uploads\\\/2025\\\/01\\\/Breimer-Roth-Sonderlogo_farbig.svg\",\"contentUrl\":\"https:\\\/\\\/bre-trafo.de\\\/wp-content\\\/uploads\\\/2025\\\/01\\\/Breimer-Roth-Sonderlogo_farbig.svg\",\"caption\":\"Breimer-Roth Transformatoren Erbach\"},\"image\":{\"@id\":\"https:\\\/\\\/bre-trafo.de\\\/sv\\\/#\\\/schema\\\/logo\\\/image\\\/\"}}]}<\/script>\n<!-- \/ Yoast SEO plugin. -->","yoast_head_json":{"title":"Kretsar och vektorgrupper | Breimer-Roth","description":"Transformatorenwerk Breimer-Roth f\u00f6rklarar hur man identifierar kretsar och vektorgrupper p\u00e5 v\u00e5ra trefastransformatorer.","robots":{"index":"index","follow":"follow","max-snippet":"max-snippet:-1","max-image-preview":"max-image-preview:large","max-video-preview":"max-video-preview:-1"},"canonical":"https:\/\/bre-trafo.de\/sv\/kunskap\/info-kretsar-och-vektorgrupper\/","og_locale":"sv_SE","og_type":"article","og_title":"Kretsar och vektorgrupper | Breimer-Roth","og_description":"Transformatorenwerk Breimer-Roth f\u00f6rklarar hur man identifierar kretsar och vektorgrupper p\u00e5 v\u00e5ra trefastransformatorer.","og_url":"https:\/\/bre-trafo.de\/sv\/kunskap\/info-kretsar-och-vektorgrupper\/","og_site_name":"Breimer-Roth Transformatoren","article_modified_time":"2025-10-16T15:20:42+00:00","twitter_card":"summary_large_image","schema":{"@context":"https:\/\/schema.org","@graph":[{"@type":"WebPage","@id":"https:\/\/bre-trafo.de\/sv\/kunskap\/info-kretsar-och-vektorgrupper\/","url":"https:\/\/bre-trafo.de\/sv\/kunskap\/info-kretsar-och-vektorgrupper\/","name":"Kretsar och vektorgrupper | Breimer-Roth","isPartOf":{"@id":"https:\/\/bre-trafo.de\/sv\/#website"},"datePublished":"2023-10-26T18:45:03+00:00","dateModified":"2025-10-16T15:20:42+00:00","description":"Transformatorenwerk Breimer-Roth f\u00f6rklarar hur man identifierar kretsar och vektorgrupper p\u00e5 v\u00e5ra trefastransformatorer.","breadcrumb":{"@id":"https:\/\/bre-trafo.de\/sv\/kunskap\/info-kretsar-och-vektorgrupper\/#breadcrumb"},"inLanguage":"sv-SE","potentialAction":[{"@type":"ReadAction","target":["https:\/\/bre-trafo.de\/sv\/kunskap\/info-kretsar-och-vektorgrupper\/"]}]},{"@type":"BreadcrumbList","@id":"https:\/\/bre-trafo.de\/sv\/kunskap\/info-kretsar-och-vektorgrupper\/#breadcrumb","itemListElement":[{"@type":"ListItem","position":1,"name":"Home","item":"https:\/\/bre-trafo.de\/sv\/hem\/"},{"@type":"ListItem","position":2,"name":"Kunskap","item":"https:\/\/bre-trafo.de\/sv\/kunskap\/"},{"@type":"ListItem","position":3,"name":"INFO Kretsar och vektorgrupper"}]},{"@type":"WebSite","@id":"https:\/\/bre-trafo.de\/sv\/#website","url":"https:\/\/bre-trafo.de\/sv\/","name":"Breimer-Roth Transformatoren","description":"Trafo Hersteller","publisher":{"@id":"https:\/\/bre-trafo.de\/sv\/#organization"},"potentialAction":[{"@type":"SearchAction","target":{"@type":"EntryPoint","urlTemplate":"https:\/\/bre-trafo.de\/sv\/?s={search_term_string}"},"query-input":{"@type":"PropertyValueSpecification","valueRequired":true,"valueName":"search_term_string"}}],"inLanguage":"sv-SE"},{"@type":"Organization","@id":"https:\/\/bre-trafo.de\/sv\/#organization","name":"Breimer-Roth Transformatoren Erbach","url":"https:\/\/bre-trafo.de\/sv\/","logo":{"@type":"ImageObject","inLanguage":"sv-SE","@id":"https:\/\/bre-trafo.de\/sv\/#\/schema\/logo\/image\/","url":"https:\/\/bre-trafo.de\/wp-content\/uploads\/2025\/01\/Breimer-Roth-Sonderlogo_farbig.svg","contentUrl":"https:\/\/bre-trafo.de\/wp-content\/uploads\/2025\/01\/Breimer-Roth-Sonderlogo_farbig.svg","caption":"Breimer-Roth Transformatoren Erbach"},"image":{"@id":"https:\/\/bre-trafo.de\/sv\/#\/schema\/logo\/image\/"}}]}},"_links":{"self":[{"href":"https:\/\/bre-trafo.de\/sv\/wp-json\/wp\/v2\/pages\/8473","targetHints":{"allow":["GET"]}}],"collection":[{"href":"https:\/\/bre-trafo.de\/sv\/wp-json\/wp\/v2\/pages"}],"about":[{"href":"https:\/\/bre-trafo.de\/sv\/wp-json\/wp\/v2\/types\/page"}],"author":[{"embeddable":true,"href":"https:\/\/bre-trafo.de\/sv\/wp-json\/wp\/v2\/users\/6"}],"replies":[{"embeddable":true,"href":"https:\/\/bre-trafo.de\/sv\/wp-json\/wp\/v2\/comments?post=8473"}],"version-history":[{"count":1,"href":"https:\/\/bre-trafo.de\/sv\/wp-json\/wp\/v2\/pages\/8473\/revisions"}],"predecessor-version":[{"id":8664,"href":"https:\/\/bre-trafo.de\/sv\/wp-json\/wp\/v2\/pages\/8473\/revisions\/8664"}],"up":[{"embeddable":true,"href":"https:\/\/bre-trafo.de\/sv\/wp-json\/wp\/v2\/pages\/8466"}],"wp:attachment":[{"href":"https:\/\/bre-trafo.de\/sv\/wp-json\/wp\/v2\/media?parent=8473"}],"curies":[{"name":"wp","href":"https:\/\/api.w.org\/{rel}","templated":true}]}}