{"id":8440,"date":"2018-05-03T09:26:58","date_gmt":"2018-05-03T07:26:58","guid":{"rendered":"https:\/\/dev.bre-trafo.de\/oevriga-produkter-och-tillbehoer\/inkopplingsstroembegraensare\/"},"modified":"2025-10-16T17:50:36","modified_gmt":"2025-10-16T15:50:36","slug":"inkopplingsstroembegraensare","status":"publish","type":"page","link":"https:\/\/bre-trafo.de\/sv\/oevriga-produkter-och-tillbehoer\/inkopplingsstroembegraensare\/","title":{"rendered":"Inkopplingsstr\u00f6mbegr\u00e4nsare"},"content":{"rendered":"","protected":false},"excerpt":{"rendered":"","protected":false},"author":6,"featured_media":0,"parent":8437,"menu_order":0,"comment_status":"closed","ping_status":"closed","template":"templates\/contentbuilder.php","meta":{"_acf_changed":false,"footnotes":""},"class_list":["post-8440","page","type-page","status-publish","hentry"],"acf":[],"yoast_head":"<!-- This site is optimized with the Yoast SEO plugin v27.3 - https:\/\/yoast.com\/product\/yoast-seo-wordpress\/ -->\n<title>Inkopplingsstr\u00f6mbegr\u00e4nsare fr\u00e5n Breimer-Roth<\/title>\n<meta name=\"description\" content=\"Breimer Roth erbjuder inrush-str\u00f6mbegr\u00e4nsare f\u00f6r enfas och trefas. L\u00e4s mer om rusningsstr\u00f6mbegr\u00e4nsare h\u00e4r.\" \/>\n<meta name=\"robots\" content=\"index, follow, max-snippet:-1, max-image-preview:large, max-video-preview:-1\" \/>\n<link rel=\"canonical\" href=\"https:\/\/bre-trafo.de\/sv\/oevriga-produkter-och-tillbehoer\/inkopplingsstroembegraensare\/\" \/>\n<meta property=\"og:locale\" content=\"sv_SE\" \/>\n<meta property=\"og:type\" content=\"article\" \/>\n<meta property=\"og:title\" content=\"Inkopplingsstr\u00f6mbegr\u00e4nsare fr\u00e5n Breimer-Roth\" \/>\n<meta property=\"og:description\" content=\"Breimer Roth erbjuder inrush-str\u00f6mbegr\u00e4nsare f\u00f6r enfas och trefas. L\u00e4s mer om rusningsstr\u00f6mbegr\u00e4nsare h\u00e4r.\" \/>\n<meta property=\"og:url\" content=\"https:\/\/bre-trafo.de\/sv\/oevriga-produkter-och-tillbehoer\/inkopplingsstroembegraensare\/\" \/>\n<meta property=\"og:site_name\" content=\"Breimer-Roth Transformatoren\" \/>\n<meta property=\"article:modified_time\" content=\"2025-10-16T15:50:36+00:00\" \/>\n<meta name=\"twitter:card\" content=\"summary_large_image\" \/>\n<script type=\"application\/ld+json\" class=\"yoast-schema-graph\">{\"@context\":\"https:\\\/\\\/schema.org\",\"@graph\":[{\"@type\":\"WebPage\",\"@id\":\"https:\\\/\\\/bre-trafo.de\\\/sv\\\/oevriga-produkter-och-tillbehoer\\\/inkopplingsstroembegraensare\\\/\",\"url\":\"https:\\\/\\\/bre-trafo.de\\\/sv\\\/oevriga-produkter-och-tillbehoer\\\/inkopplingsstroembegraensare\\\/\",\"name\":\"Inkopplingsstr\u00f6mbegr\u00e4nsare fr\u00e5n Breimer-Roth\",\"isPartOf\":{\"@id\":\"https:\\\/\\\/bre-trafo.de\\\/sv\\\/#website\"},\"datePublished\":\"2018-05-03T07:26:58+00:00\",\"dateModified\":\"2025-10-16T15:50:36+00:00\",\"description\":\"Breimer Roth erbjuder inrush-str\u00f6mbegr\u00e4nsare f\u00f6r enfas och trefas. L\u00e4s mer om rusningsstr\u00f6mbegr\u00e4nsare h\u00e4r.\",\"breadcrumb\":{\"@id\":\"https:\\\/\\\/bre-trafo.de\\\/sv\\\/oevriga-produkter-och-tillbehoer\\\/inkopplingsstroembegraensare\\\/#breadcrumb\"},\"inLanguage\":\"sv-SE\",\"potentialAction\":[{\"@type\":\"ReadAction\",\"target\":[\"https:\\\/\\\/bre-trafo.de\\\/sv\\\/oevriga-produkter-och-tillbehoer\\\/inkopplingsstroembegraensare\\\/\"]}]},{\"@type\":\"BreadcrumbList\",\"@id\":\"https:\\\/\\\/bre-trafo.de\\\/sv\\\/oevriga-produkter-och-tillbehoer\\\/inkopplingsstroembegraensare\\\/#breadcrumb\",\"itemListElement\":[{\"@type\":\"ListItem\",\"position\":1,\"name\":\"Home\",\"item\":\"https:\\\/\\\/bre-trafo.de\\\/sv\\\/hem\\\/\"},{\"@type\":\"ListItem\",\"position\":2,\"name\":\"\u00d6vriga produkter och tillbeh\u00f6r\",\"item\":\"https:\\\/\\\/bre-trafo.de\\\/sv\\\/oevriga-produkter-och-tillbehoer\\\/\"},{\"@type\":\"ListItem\",\"position\":3,\"name\":\"Inkopplingsstr\u00f6mbegr\u00e4nsare\"}]},{\"@type\":\"WebSite\",\"@id\":\"https:\\\/\\\/bre-trafo.de\\\/sv\\\/#website\",\"url\":\"https:\\\/\\\/bre-trafo.de\\\/sv\\\/\",\"name\":\"Breimer-Roth Transformatoren\",\"description\":\"Trafo Hersteller\",\"publisher\":{\"@id\":\"https:\\\/\\\/bre-trafo.de\\\/sv\\\/#organization\"},\"potentialAction\":[{\"@type\":\"SearchAction\",\"target\":{\"@type\":\"EntryPoint\",\"urlTemplate\":\"https:\\\/\\\/bre-trafo.de\\\/sv\\\/?s={search_term_string}\"},\"query-input\":{\"@type\":\"PropertyValueSpecification\",\"valueRequired\":true,\"valueName\":\"search_term_string\"}}],\"inLanguage\":\"sv-SE\"},{\"@type\":\"Organization\",\"@id\":\"https:\\\/\\\/bre-trafo.de\\\/sv\\\/#organization\",\"name\":\"Breimer-Roth Transformatoren Erbach\",\"url\":\"https:\\\/\\\/bre-trafo.de\\\/sv\\\/\",\"logo\":{\"@type\":\"ImageObject\",\"inLanguage\":\"sv-SE\",\"@id\":\"https:\\\/\\\/bre-trafo.de\\\/sv\\\/#\\\/schema\\\/logo\\\/image\\\/\",\"url\":\"https:\\\/\\\/bre-trafo.de\\\/wp-content\\\/uploads\\\/2025\\\/01\\\/Breimer-Roth-Sonderlogo_farbig.svg\",\"contentUrl\":\"https:\\\/\\\/bre-trafo.de\\\/wp-content\\\/uploads\\\/2025\\\/01\\\/Breimer-Roth-Sonderlogo_farbig.svg\",\"caption\":\"Breimer-Roth Transformatoren Erbach\"},\"image\":{\"@id\":\"https:\\\/\\\/bre-trafo.de\\\/sv\\\/#\\\/schema\\\/logo\\\/image\\\/\"}}]}<\/script>\n<!-- \/ Yoast SEO plugin. -->","yoast_head_json":{"title":"Inkopplingsstr\u00f6mbegr\u00e4nsare fr\u00e5n Breimer-Roth","description":"Breimer Roth erbjuder inrush-str\u00f6mbegr\u00e4nsare f\u00f6r enfas och trefas. L\u00e4s mer om rusningsstr\u00f6mbegr\u00e4nsare h\u00e4r.","robots":{"index":"index","follow":"follow","max-snippet":"max-snippet:-1","max-image-preview":"max-image-preview:large","max-video-preview":"max-video-preview:-1"},"canonical":"https:\/\/bre-trafo.de\/sv\/oevriga-produkter-och-tillbehoer\/inkopplingsstroembegraensare\/","og_locale":"sv_SE","og_type":"article","og_title":"Inkopplingsstr\u00f6mbegr\u00e4nsare fr\u00e5n Breimer-Roth","og_description":"Breimer Roth erbjuder inrush-str\u00f6mbegr\u00e4nsare f\u00f6r enfas och trefas. L\u00e4s mer om rusningsstr\u00f6mbegr\u00e4nsare h\u00e4r.","og_url":"https:\/\/bre-trafo.de\/sv\/oevriga-produkter-och-tillbehoer\/inkopplingsstroembegraensare\/","og_site_name":"Breimer-Roth Transformatoren","article_modified_time":"2025-10-16T15:50:36+00:00","twitter_card":"summary_large_image","schema":{"@context":"https:\/\/schema.org","@graph":[{"@type":"WebPage","@id":"https:\/\/bre-trafo.de\/sv\/oevriga-produkter-och-tillbehoer\/inkopplingsstroembegraensare\/","url":"https:\/\/bre-trafo.de\/sv\/oevriga-produkter-och-tillbehoer\/inkopplingsstroembegraensare\/","name":"Inkopplingsstr\u00f6mbegr\u00e4nsare fr\u00e5n Breimer-Roth","isPartOf":{"@id":"https:\/\/bre-trafo.de\/sv\/#website"},"datePublished":"2018-05-03T07:26:58+00:00","dateModified":"2025-10-16T15:50:36+00:00","description":"Breimer Roth erbjuder inrush-str\u00f6mbegr\u00e4nsare f\u00f6r enfas och trefas. L\u00e4s mer om rusningsstr\u00f6mbegr\u00e4nsare h\u00e4r.","breadcrumb":{"@id":"https:\/\/bre-trafo.de\/sv\/oevriga-produkter-och-tillbehoer\/inkopplingsstroembegraensare\/#breadcrumb"},"inLanguage":"sv-SE","potentialAction":[{"@type":"ReadAction","target":["https:\/\/bre-trafo.de\/sv\/oevriga-produkter-och-tillbehoer\/inkopplingsstroembegraensare\/"]}]},{"@type":"BreadcrumbList","@id":"https:\/\/bre-trafo.de\/sv\/oevriga-produkter-och-tillbehoer\/inkopplingsstroembegraensare\/#breadcrumb","itemListElement":[{"@type":"ListItem","position":1,"name":"Home","item":"https:\/\/bre-trafo.de\/sv\/hem\/"},{"@type":"ListItem","position":2,"name":"\u00d6vriga produkter och tillbeh\u00f6r","item":"https:\/\/bre-trafo.de\/sv\/oevriga-produkter-och-tillbehoer\/"},{"@type":"ListItem","position":3,"name":"Inkopplingsstr\u00f6mbegr\u00e4nsare"}]},{"@type":"WebSite","@id":"https:\/\/bre-trafo.de\/sv\/#website","url":"https:\/\/bre-trafo.de\/sv\/","name":"Breimer-Roth Transformatoren","description":"Trafo Hersteller","publisher":{"@id":"https:\/\/bre-trafo.de\/sv\/#organization"},"potentialAction":[{"@type":"SearchAction","target":{"@type":"EntryPoint","urlTemplate":"https:\/\/bre-trafo.de\/sv\/?s={search_term_string}"},"query-input":{"@type":"PropertyValueSpecification","valueRequired":true,"valueName":"search_term_string"}}],"inLanguage":"sv-SE"},{"@type":"Organization","@id":"https:\/\/bre-trafo.de\/sv\/#organization","name":"Breimer-Roth Transformatoren Erbach","url":"https:\/\/bre-trafo.de\/sv\/","logo":{"@type":"ImageObject","inLanguage":"sv-SE","@id":"https:\/\/bre-trafo.de\/sv\/#\/schema\/logo\/image\/","url":"https:\/\/bre-trafo.de\/wp-content\/uploads\/2025\/01\/Breimer-Roth-Sonderlogo_farbig.svg","contentUrl":"https:\/\/bre-trafo.de\/wp-content\/uploads\/2025\/01\/Breimer-Roth-Sonderlogo_farbig.svg","caption":"Breimer-Roth Transformatoren Erbach"},"image":{"@id":"https:\/\/bre-trafo.de\/sv\/#\/schema\/logo\/image\/"}}]}},"_links":{"self":[{"href":"https:\/\/bre-trafo.de\/sv\/wp-json\/wp\/v2\/pages\/8440","targetHints":{"allow":["GET"]}}],"collection":[{"href":"https:\/\/bre-trafo.de\/sv\/wp-json\/wp\/v2\/pages"}],"about":[{"href":"https:\/\/bre-trafo.de\/sv\/wp-json\/wp\/v2\/types\/page"}],"author":[{"embeddable":true,"href":"https:\/\/bre-trafo.de\/sv\/wp-json\/wp\/v2\/users\/6"}],"replies":[{"embeddable":true,"href":"https:\/\/bre-trafo.de\/sv\/wp-json\/wp\/v2\/comments?post=8440"}],"version-history":[{"count":2,"href":"https:\/\/bre-trafo.de\/sv\/wp-json\/wp\/v2\/pages\/8440\/revisions"}],"predecessor-version":[{"id":8770,"href":"https:\/\/bre-trafo.de\/sv\/wp-json\/wp\/v2\/pages\/8440\/revisions\/8770"}],"up":[{"embeddable":true,"href":"https:\/\/bre-trafo.de\/sv\/wp-json\/wp\/v2\/pages\/8437"}],"wp:attachment":[{"href":"https:\/\/bre-trafo.de\/sv\/wp-json\/wp\/v2\/media?parent=8440"}],"curies":[{"name":"wp","href":"https:\/\/api.w.org\/{rel}","templated":true}]}}