{"id":8434,"date":"2023-10-26T20:17:28","date_gmt":"2023-10-26T18:17:28","guid":{"rendered":"https:\/\/dev.bre-trafo.de\/bolag\/forskning-och-utveckling\/"},"modified":"2025-10-16T17:19:03","modified_gmt":"2025-10-16T15:19:03","slug":"forskning-och-utveckling","status":"publish","type":"page","link":"https:\/\/bre-trafo.de\/sv\/bolag\/forskning-och-utveckling\/","title":{"rendered":"Forskning och utveckling"},"content":{"rendered":"","protected":false},"excerpt":{"rendered":"","protected":false},"author":6,"featured_media":0,"parent":8433,"menu_order":0,"comment_status":"closed","ping_status":"closed","template":"templates\/contentbuilder.php","meta":{"_acf_changed":false,"footnotes":""},"class_list":["post-8434","page","type-page","status-publish","hentry"],"acf":[],"yoast_head":"<!-- This site is optimized with the Yoast SEO plugin v27.3 - https:\/\/yoast.com\/product\/yoast-seo-wordpress\/ -->\n<title>Framtiden f\u00f6r trefastransformatorer | Breimer-Roth<\/title>\n<meta name=\"description\" content=\"BRE Impulse: Ta en titt p\u00e5 v\u00e5r innovation inom omr\u00e5det f\u00f6r trefastransformatorer. Vi tillverkar transformatorer fr\u00e5n 3 kVA upp till 630 kVA!\" \/>\n<meta name=\"robots\" content=\"index, follow, max-snippet:-1, max-image-preview:large, max-video-preview:-1\" \/>\n<link rel=\"canonical\" href=\"https:\/\/bre-trafo.de\/sv\/bolag\/forskning-och-utveckling\/\" \/>\n<meta property=\"og:locale\" content=\"sv_SE\" \/>\n<meta property=\"og:type\" content=\"article\" \/>\n<meta property=\"og:title\" content=\"Framtiden f\u00f6r trefastransformatorer | Breimer-Roth\" \/>\n<meta property=\"og:description\" content=\"BRE Impulse: Ta en titt p\u00e5 v\u00e5r innovation inom omr\u00e5det f\u00f6r trefastransformatorer. Vi tillverkar transformatorer fr\u00e5n 3 kVA upp till 630 kVA!\" \/>\n<meta property=\"og:url\" content=\"https:\/\/bre-trafo.de\/sv\/bolag\/forskning-och-utveckling\/\" \/>\n<meta property=\"og:site_name\" content=\"Breimer-Roth Transformatoren\" \/>\n<meta property=\"article:modified_time\" content=\"2025-10-16T15:19:03+00:00\" \/>\n<meta name=\"twitter:card\" content=\"summary_large_image\" \/>\n<script type=\"application\/ld+json\" class=\"yoast-schema-graph\">{\"@context\":\"https:\\\/\\\/schema.org\",\"@graph\":[{\"@type\":\"WebPage\",\"@id\":\"https:\\\/\\\/bre-trafo.de\\\/sv\\\/bolag\\\/forskning-och-utveckling\\\/\",\"url\":\"https:\\\/\\\/bre-trafo.de\\\/sv\\\/bolag\\\/forskning-och-utveckling\\\/\",\"name\":\"Framtiden f\u00f6r trefastransformatorer | Breimer-Roth\",\"isPartOf\":{\"@id\":\"https:\\\/\\\/bre-trafo.de\\\/sv\\\/#website\"},\"datePublished\":\"2023-10-26T18:17:28+00:00\",\"dateModified\":\"2025-10-16T15:19:03+00:00\",\"description\":\"BRE Impulse: Ta en titt p\u00e5 v\u00e5r innovation inom omr\u00e5det f\u00f6r trefastransformatorer. Vi tillverkar transformatorer fr\u00e5n 3 kVA upp till 630 kVA!\",\"breadcrumb\":{\"@id\":\"https:\\\/\\\/bre-trafo.de\\\/sv\\\/bolag\\\/forskning-och-utveckling\\\/#breadcrumb\"},\"inLanguage\":\"sv-SE\",\"potentialAction\":[{\"@type\":\"ReadAction\",\"target\":[\"https:\\\/\\\/bre-trafo.de\\\/sv\\\/bolag\\\/forskning-och-utveckling\\\/\"]}]},{\"@type\":\"BreadcrumbList\",\"@id\":\"https:\\\/\\\/bre-trafo.de\\\/sv\\\/bolag\\\/forskning-och-utveckling\\\/#breadcrumb\",\"itemListElement\":[{\"@type\":\"ListItem\",\"position\":1,\"name\":\"Home\",\"item\":\"https:\\\/\\\/bre-trafo.de\\\/sv\\\/hem\\\/\"},{\"@type\":\"ListItem\",\"position\":2,\"name\":\"Bolag\",\"item\":\"https:\\\/\\\/bre-trafo.de\\\/sv\\\/bolag\\\/\"},{\"@type\":\"ListItem\",\"position\":3,\"name\":\"Forskning och utveckling\"}]},{\"@type\":\"WebSite\",\"@id\":\"https:\\\/\\\/bre-trafo.de\\\/sv\\\/#website\",\"url\":\"https:\\\/\\\/bre-trafo.de\\\/sv\\\/\",\"name\":\"Breimer-Roth Transformatoren\",\"description\":\"Trafo Hersteller\",\"publisher\":{\"@id\":\"https:\\\/\\\/bre-trafo.de\\\/sv\\\/#organization\"},\"potentialAction\":[{\"@type\":\"SearchAction\",\"target\":{\"@type\":\"EntryPoint\",\"urlTemplate\":\"https:\\\/\\\/bre-trafo.de\\\/sv\\\/?s={search_term_string}\"},\"query-input\":{\"@type\":\"PropertyValueSpecification\",\"valueRequired\":true,\"valueName\":\"search_term_string\"}}],\"inLanguage\":\"sv-SE\"},{\"@type\":\"Organization\",\"@id\":\"https:\\\/\\\/bre-trafo.de\\\/sv\\\/#organization\",\"name\":\"Breimer-Roth Transformatoren Erbach\",\"url\":\"https:\\\/\\\/bre-trafo.de\\\/sv\\\/\",\"logo\":{\"@type\":\"ImageObject\",\"inLanguage\":\"sv-SE\",\"@id\":\"https:\\\/\\\/bre-trafo.de\\\/sv\\\/#\\\/schema\\\/logo\\\/image\\\/\",\"url\":\"https:\\\/\\\/bre-trafo.de\\\/wp-content\\\/uploads\\\/2025\\\/01\\\/Breimer-Roth-Sonderlogo_farbig.svg\",\"contentUrl\":\"https:\\\/\\\/bre-trafo.de\\\/wp-content\\\/uploads\\\/2025\\\/01\\\/Breimer-Roth-Sonderlogo_farbig.svg\",\"caption\":\"Breimer-Roth Transformatoren Erbach\"},\"image\":{\"@id\":\"https:\\\/\\\/bre-trafo.de\\\/sv\\\/#\\\/schema\\\/logo\\\/image\\\/\"}}]}<\/script>\n<!-- \/ Yoast SEO plugin. -->","yoast_head_json":{"title":"Framtiden f\u00f6r trefastransformatorer | Breimer-Roth","description":"BRE Impulse: Ta en titt p\u00e5 v\u00e5r innovation inom omr\u00e5det f\u00f6r trefastransformatorer. Vi tillverkar transformatorer fr\u00e5n 3 kVA upp till 630 kVA!","robots":{"index":"index","follow":"follow","max-snippet":"max-snippet:-1","max-image-preview":"max-image-preview:large","max-video-preview":"max-video-preview:-1"},"canonical":"https:\/\/bre-trafo.de\/sv\/bolag\/forskning-och-utveckling\/","og_locale":"sv_SE","og_type":"article","og_title":"Framtiden f\u00f6r trefastransformatorer | Breimer-Roth","og_description":"BRE Impulse: Ta en titt p\u00e5 v\u00e5r innovation inom omr\u00e5det f\u00f6r trefastransformatorer. Vi tillverkar transformatorer fr\u00e5n 3 kVA upp till 630 kVA!","og_url":"https:\/\/bre-trafo.de\/sv\/bolag\/forskning-och-utveckling\/","og_site_name":"Breimer-Roth Transformatoren","article_modified_time":"2025-10-16T15:19:03+00:00","twitter_card":"summary_large_image","schema":{"@context":"https:\/\/schema.org","@graph":[{"@type":"WebPage","@id":"https:\/\/bre-trafo.de\/sv\/bolag\/forskning-och-utveckling\/","url":"https:\/\/bre-trafo.de\/sv\/bolag\/forskning-och-utveckling\/","name":"Framtiden f\u00f6r trefastransformatorer | Breimer-Roth","isPartOf":{"@id":"https:\/\/bre-trafo.de\/sv\/#website"},"datePublished":"2023-10-26T18:17:28+00:00","dateModified":"2025-10-16T15:19:03+00:00","description":"BRE Impulse: Ta en titt p\u00e5 v\u00e5r innovation inom omr\u00e5det f\u00f6r trefastransformatorer. Vi tillverkar transformatorer fr\u00e5n 3 kVA upp till 630 kVA!","breadcrumb":{"@id":"https:\/\/bre-trafo.de\/sv\/bolag\/forskning-och-utveckling\/#breadcrumb"},"inLanguage":"sv-SE","potentialAction":[{"@type":"ReadAction","target":["https:\/\/bre-trafo.de\/sv\/bolag\/forskning-och-utveckling\/"]}]},{"@type":"BreadcrumbList","@id":"https:\/\/bre-trafo.de\/sv\/bolag\/forskning-och-utveckling\/#breadcrumb","itemListElement":[{"@type":"ListItem","position":1,"name":"Home","item":"https:\/\/bre-trafo.de\/sv\/hem\/"},{"@type":"ListItem","position":2,"name":"Bolag","item":"https:\/\/bre-trafo.de\/sv\/bolag\/"},{"@type":"ListItem","position":3,"name":"Forskning och utveckling"}]},{"@type":"WebSite","@id":"https:\/\/bre-trafo.de\/sv\/#website","url":"https:\/\/bre-trafo.de\/sv\/","name":"Breimer-Roth Transformatoren","description":"Trafo Hersteller","publisher":{"@id":"https:\/\/bre-trafo.de\/sv\/#organization"},"potentialAction":[{"@type":"SearchAction","target":{"@type":"EntryPoint","urlTemplate":"https:\/\/bre-trafo.de\/sv\/?s={search_term_string}"},"query-input":{"@type":"PropertyValueSpecification","valueRequired":true,"valueName":"search_term_string"}}],"inLanguage":"sv-SE"},{"@type":"Organization","@id":"https:\/\/bre-trafo.de\/sv\/#organization","name":"Breimer-Roth Transformatoren Erbach","url":"https:\/\/bre-trafo.de\/sv\/","logo":{"@type":"ImageObject","inLanguage":"sv-SE","@id":"https:\/\/bre-trafo.de\/sv\/#\/schema\/logo\/image\/","url":"https:\/\/bre-trafo.de\/wp-content\/uploads\/2025\/01\/Breimer-Roth-Sonderlogo_farbig.svg","contentUrl":"https:\/\/bre-trafo.de\/wp-content\/uploads\/2025\/01\/Breimer-Roth-Sonderlogo_farbig.svg","caption":"Breimer-Roth Transformatoren Erbach"},"image":{"@id":"https:\/\/bre-trafo.de\/sv\/#\/schema\/logo\/image\/"}}]}},"_links":{"self":[{"href":"https:\/\/bre-trafo.de\/sv\/wp-json\/wp\/v2\/pages\/8434","targetHints":{"allow":["GET"]}}],"collection":[{"href":"https:\/\/bre-trafo.de\/sv\/wp-json\/wp\/v2\/pages"}],"about":[{"href":"https:\/\/bre-trafo.de\/sv\/wp-json\/wp\/v2\/types\/page"}],"author":[{"embeddable":true,"href":"https:\/\/bre-trafo.de\/sv\/wp-json\/wp\/v2\/users\/6"}],"replies":[{"embeddable":true,"href":"https:\/\/bre-trafo.de\/sv\/wp-json\/wp\/v2\/comments?post=8434"}],"version-history":[{"count":1,"href":"https:\/\/bre-trafo.de\/sv\/wp-json\/wp\/v2\/pages\/8434\/revisions"}],"predecessor-version":[{"id":19881,"href":"https:\/\/bre-trafo.de\/sv\/wp-json\/wp\/v2\/pages\/8434\/revisions\/19881"}],"up":[{"embeddable":true,"href":"https:\/\/bre-trafo.de\/sv\/wp-json\/wp\/v2\/pages\/8433"}],"wp:attachment":[{"href":"https:\/\/bre-trafo.de\/sv\/wp-json\/wp\/v2\/media?parent=8434"}],"curies":[{"name":"wp","href":"https:\/\/api.w.org\/{rel}","templated":true}]}}