{"id":8377,"date":"2018-04-27T12:59:34","date_gmt":"2018-04-27T10:59:34","guid":{"rendered":"https:\/\/dev.bre-trafo.de\/transformatorer\/trefas-transformatorer\/trefas-flaekttransformatorer-bdlt-upp-till-30-a\/"},"modified":"2025-10-16T17:20:48","modified_gmt":"2025-10-16T15:20:48","slug":"trefas-flaekttransformatorer-bdlt-upp-till-30-a","status":"publish","type":"page","link":"https:\/\/bre-trafo.de\/sv\/transformatorer\/trefas-transformatorer\/trefas-flaekttransformatorer-bdlt-upp-till-30-a\/","title":{"rendered":"Trefas fl\u00e4kttransformatorer BDLT upp till 30 A"},"content":{"rendered":"","protected":false},"excerpt":{"rendered":"","protected":false},"author":6,"featured_media":0,"parent":8376,"menu_order":0,"comment_status":"closed","ping_status":"closed","template":"templates\/contentbuilder.php","meta":{"_acf_changed":false,"footnotes":""},"class_list":["post-8377","page","type-page","status-publish","hentry"],"acf":[],"yoast_head":"<!-- This site is optimized with the Yoast SEO plugin v27.3 - https:\/\/yoast.com\/product\/yoast-seo-wordpress\/ -->\n<title>Trefas fl\u00e4kttransformatorer BDLT upp till 30 A | Breimer-Roth<\/title>\n<meta name=\"description\" content=\"BDLT trefas fl\u00e4kttransformatorer 1 - 30 a fr\u00e5n Transformatorenwerk Breimer-Roth f\u00f6r stegvis varvtalsreglering av fl\u00e4ktmotorer.\" \/>\n<meta name=\"robots\" content=\"index, follow, max-snippet:-1, max-image-preview:large, max-video-preview:-1\" \/>\n<link rel=\"canonical\" href=\"https:\/\/bre-trafo.de\/sv\/transformatorer\/trefas-transformatorer\/trefas-flaekttransformatorer-bdlt-upp-till-30-a\/\" \/>\n<meta property=\"og:locale\" content=\"sv_SE\" \/>\n<meta property=\"og:type\" content=\"article\" \/>\n<meta property=\"og:title\" content=\"Trefas fl\u00e4kttransformatorer BDLT upp till 30 A | Breimer-Roth\" \/>\n<meta property=\"og:description\" content=\"BDLT trefas fl\u00e4kttransformatorer 1 - 30 a fr\u00e5n Transformatorenwerk Breimer-Roth f\u00f6r stegvis varvtalsreglering av fl\u00e4ktmotorer.\" \/>\n<meta property=\"og:url\" content=\"https:\/\/bre-trafo.de\/sv\/transformatorer\/trefas-transformatorer\/trefas-flaekttransformatorer-bdlt-upp-till-30-a\/\" \/>\n<meta property=\"og:site_name\" content=\"Breimer-Roth Transformatoren\" \/>\n<meta property=\"article:modified_time\" content=\"2025-10-16T15:20:48+00:00\" \/>\n<meta name=\"twitter:card\" content=\"summary_large_image\" \/>\n<script type=\"application\/ld+json\" class=\"yoast-schema-graph\">{\"@context\":\"https:\\\/\\\/schema.org\",\"@graph\":[{\"@type\":\"WebPage\",\"@id\":\"https:\\\/\\\/bre-trafo.de\\\/sv\\\/transformatorer\\\/trefas-transformatorer\\\/trefas-flaekttransformatorer-bdlt-upp-till-30-a\\\/\",\"url\":\"https:\\\/\\\/bre-trafo.de\\\/sv\\\/transformatorer\\\/trefas-transformatorer\\\/trefas-flaekttransformatorer-bdlt-upp-till-30-a\\\/\",\"name\":\"Trefas fl\u00e4kttransformatorer BDLT upp till 30 A | Breimer-Roth\",\"isPartOf\":{\"@id\":\"https:\\\/\\\/bre-trafo.de\\\/sv\\\/#website\"},\"datePublished\":\"2018-04-27T10:59:34+00:00\",\"dateModified\":\"2025-10-16T15:20:48+00:00\",\"description\":\"BDLT trefas fl\u00e4kttransformatorer 1 - 30 a fr\u00e5n Transformatorenwerk Breimer-Roth f\u00f6r stegvis varvtalsreglering av fl\u00e4ktmotorer.\",\"breadcrumb\":{\"@id\":\"https:\\\/\\\/bre-trafo.de\\\/sv\\\/transformatorer\\\/trefas-transformatorer\\\/trefas-flaekttransformatorer-bdlt-upp-till-30-a\\\/#breadcrumb\"},\"inLanguage\":\"sv-SE\",\"potentialAction\":[{\"@type\":\"ReadAction\",\"target\":[\"https:\\\/\\\/bre-trafo.de\\\/sv\\\/transformatorer\\\/trefas-transformatorer\\\/trefas-flaekttransformatorer-bdlt-upp-till-30-a\\\/\"]}]},{\"@type\":\"BreadcrumbList\",\"@id\":\"https:\\\/\\\/bre-trafo.de\\\/sv\\\/transformatorer\\\/trefas-transformatorer\\\/trefas-flaekttransformatorer-bdlt-upp-till-30-a\\\/#breadcrumb\",\"itemListElement\":[{\"@type\":\"ListItem\",\"position\":1,\"name\":\"Home\",\"item\":\"https:\\\/\\\/bre-trafo.de\\\/sv\\\/hem\\\/\"},{\"@type\":\"ListItem\",\"position\":2,\"name\":\"Transformatorer\",\"item\":\"https:\\\/\\\/bre-trafo.de\\\/sv\\\/transformatorer\\\/\"},{\"@type\":\"ListItem\",\"position\":3,\"name\":\"Trefas-transformatorer\",\"item\":\"https:\\\/\\\/bre-trafo.de\\\/sv\\\/transformatorer\\\/trefas-transformatorer\\\/\"},{\"@type\":\"ListItem\",\"position\":4,\"name\":\"Trefas fl\u00e4kttransformatorer BDLT upp till 30 A\"}]},{\"@type\":\"WebSite\",\"@id\":\"https:\\\/\\\/bre-trafo.de\\\/sv\\\/#website\",\"url\":\"https:\\\/\\\/bre-trafo.de\\\/sv\\\/\",\"name\":\"Breimer-Roth Transformatoren\",\"description\":\"Trafo Hersteller\",\"publisher\":{\"@id\":\"https:\\\/\\\/bre-trafo.de\\\/sv\\\/#organization\"},\"potentialAction\":[{\"@type\":\"SearchAction\",\"target\":{\"@type\":\"EntryPoint\",\"urlTemplate\":\"https:\\\/\\\/bre-trafo.de\\\/sv\\\/?s={search_term_string}\"},\"query-input\":{\"@type\":\"PropertyValueSpecification\",\"valueRequired\":true,\"valueName\":\"search_term_string\"}}],\"inLanguage\":\"sv-SE\"},{\"@type\":\"Organization\",\"@id\":\"https:\\\/\\\/bre-trafo.de\\\/sv\\\/#organization\",\"name\":\"Breimer-Roth Transformatoren Erbach\",\"url\":\"https:\\\/\\\/bre-trafo.de\\\/sv\\\/\",\"logo\":{\"@type\":\"ImageObject\",\"inLanguage\":\"sv-SE\",\"@id\":\"https:\\\/\\\/bre-trafo.de\\\/sv\\\/#\\\/schema\\\/logo\\\/image\\\/\",\"url\":\"https:\\\/\\\/bre-trafo.de\\\/wp-content\\\/uploads\\\/2025\\\/01\\\/Breimer-Roth-Sonderlogo_farbig.svg\",\"contentUrl\":\"https:\\\/\\\/bre-trafo.de\\\/wp-content\\\/uploads\\\/2025\\\/01\\\/Breimer-Roth-Sonderlogo_farbig.svg\",\"caption\":\"Breimer-Roth Transformatoren Erbach\"},\"image\":{\"@id\":\"https:\\\/\\\/bre-trafo.de\\\/sv\\\/#\\\/schema\\\/logo\\\/image\\\/\"}}]}<\/script>\n<!-- \/ Yoast SEO plugin. -->","yoast_head_json":{"title":"Trefas fl\u00e4kttransformatorer BDLT upp till 30 A | Breimer-Roth","description":"BDLT trefas fl\u00e4kttransformatorer 1 - 30 a fr\u00e5n Transformatorenwerk Breimer-Roth f\u00f6r stegvis varvtalsreglering av fl\u00e4ktmotorer.","robots":{"index":"index","follow":"follow","max-snippet":"max-snippet:-1","max-image-preview":"max-image-preview:large","max-video-preview":"max-video-preview:-1"},"canonical":"https:\/\/bre-trafo.de\/sv\/transformatorer\/trefas-transformatorer\/trefas-flaekttransformatorer-bdlt-upp-till-30-a\/","og_locale":"sv_SE","og_type":"article","og_title":"Trefas fl\u00e4kttransformatorer BDLT upp till 30 A | Breimer-Roth","og_description":"BDLT trefas fl\u00e4kttransformatorer 1 - 30 a fr\u00e5n Transformatorenwerk Breimer-Roth f\u00f6r stegvis varvtalsreglering av fl\u00e4ktmotorer.","og_url":"https:\/\/bre-trafo.de\/sv\/transformatorer\/trefas-transformatorer\/trefas-flaekttransformatorer-bdlt-upp-till-30-a\/","og_site_name":"Breimer-Roth Transformatoren","article_modified_time":"2025-10-16T15:20:48+00:00","twitter_card":"summary_large_image","schema":{"@context":"https:\/\/schema.org","@graph":[{"@type":"WebPage","@id":"https:\/\/bre-trafo.de\/sv\/transformatorer\/trefas-transformatorer\/trefas-flaekttransformatorer-bdlt-upp-till-30-a\/","url":"https:\/\/bre-trafo.de\/sv\/transformatorer\/trefas-transformatorer\/trefas-flaekttransformatorer-bdlt-upp-till-30-a\/","name":"Trefas fl\u00e4kttransformatorer BDLT upp till 30 A | Breimer-Roth","isPartOf":{"@id":"https:\/\/bre-trafo.de\/sv\/#website"},"datePublished":"2018-04-27T10:59:34+00:00","dateModified":"2025-10-16T15:20:48+00:00","description":"BDLT trefas fl\u00e4kttransformatorer 1 - 30 a fr\u00e5n Transformatorenwerk Breimer-Roth f\u00f6r stegvis varvtalsreglering av fl\u00e4ktmotorer.","breadcrumb":{"@id":"https:\/\/bre-trafo.de\/sv\/transformatorer\/trefas-transformatorer\/trefas-flaekttransformatorer-bdlt-upp-till-30-a\/#breadcrumb"},"inLanguage":"sv-SE","potentialAction":[{"@type":"ReadAction","target":["https:\/\/bre-trafo.de\/sv\/transformatorer\/trefas-transformatorer\/trefas-flaekttransformatorer-bdlt-upp-till-30-a\/"]}]},{"@type":"BreadcrumbList","@id":"https:\/\/bre-trafo.de\/sv\/transformatorer\/trefas-transformatorer\/trefas-flaekttransformatorer-bdlt-upp-till-30-a\/#breadcrumb","itemListElement":[{"@type":"ListItem","position":1,"name":"Home","item":"https:\/\/bre-trafo.de\/sv\/hem\/"},{"@type":"ListItem","position":2,"name":"Transformatorer","item":"https:\/\/bre-trafo.de\/sv\/transformatorer\/"},{"@type":"ListItem","position":3,"name":"Trefas-transformatorer","item":"https:\/\/bre-trafo.de\/sv\/transformatorer\/trefas-transformatorer\/"},{"@type":"ListItem","position":4,"name":"Trefas fl\u00e4kttransformatorer BDLT upp till 30 A"}]},{"@type":"WebSite","@id":"https:\/\/bre-trafo.de\/sv\/#website","url":"https:\/\/bre-trafo.de\/sv\/","name":"Breimer-Roth Transformatoren","description":"Trafo Hersteller","publisher":{"@id":"https:\/\/bre-trafo.de\/sv\/#organization"},"potentialAction":[{"@type":"SearchAction","target":{"@type":"EntryPoint","urlTemplate":"https:\/\/bre-trafo.de\/sv\/?s={search_term_string}"},"query-input":{"@type":"PropertyValueSpecification","valueRequired":true,"valueName":"search_term_string"}}],"inLanguage":"sv-SE"},{"@type":"Organization","@id":"https:\/\/bre-trafo.de\/sv\/#organization","name":"Breimer-Roth Transformatoren Erbach","url":"https:\/\/bre-trafo.de\/sv\/","logo":{"@type":"ImageObject","inLanguage":"sv-SE","@id":"https:\/\/bre-trafo.de\/sv\/#\/schema\/logo\/image\/","url":"https:\/\/bre-trafo.de\/wp-content\/uploads\/2025\/01\/Breimer-Roth-Sonderlogo_farbig.svg","contentUrl":"https:\/\/bre-trafo.de\/wp-content\/uploads\/2025\/01\/Breimer-Roth-Sonderlogo_farbig.svg","caption":"Breimer-Roth Transformatoren Erbach"},"image":{"@id":"https:\/\/bre-trafo.de\/sv\/#\/schema\/logo\/image\/"}}]}},"_links":{"self":[{"href":"https:\/\/bre-trafo.de\/sv\/wp-json\/wp\/v2\/pages\/8377","targetHints":{"allow":["GET"]}}],"collection":[{"href":"https:\/\/bre-trafo.de\/sv\/wp-json\/wp\/v2\/pages"}],"about":[{"href":"https:\/\/bre-trafo.de\/sv\/wp-json\/wp\/v2\/types\/page"}],"author":[{"embeddable":true,"href":"https:\/\/bre-trafo.de\/sv\/wp-json\/wp\/v2\/users\/6"}],"replies":[{"embeddable":true,"href":"https:\/\/bre-trafo.de\/sv\/wp-json\/wp\/v2\/comments?post=8377"}],"version-history":[{"count":1,"href":"https:\/\/bre-trafo.de\/sv\/wp-json\/wp\/v2\/pages\/8377\/revisions"}],"predecessor-version":[{"id":19947,"href":"https:\/\/bre-trafo.de\/sv\/wp-json\/wp\/v2\/pages\/8377\/revisions\/19947"}],"up":[{"embeddable":true,"href":"https:\/\/bre-trafo.de\/sv\/wp-json\/wp\/v2\/pages\/8376"}],"wp:attachment":[{"href":"https:\/\/bre-trafo.de\/sv\/wp-json\/wp\/v2\/media?parent=8377"}],"curies":[{"name":"wp","href":"https:\/\/api.w.org\/{rel}","templated":true}]}}