{"id":8373,"date":"2023-10-25T19:04:25","date_gmt":"2023-10-25T17:04:25","guid":{"rendered":"https:\/\/dev.bre-trafo.de\/autotransformatorer\/"},"modified":"2025-10-16T17:56:24","modified_gmt":"2025-10-16T15:56:24","slug":"autotransformatorer","status":"publish","type":"page","link":"https:\/\/bre-trafo.de\/sv\/autotransformatorer\/","title":{"rendered":"Autotransformatorer"},"content":{"rendered":"<p>Lorem ipsum dolor sit amet, consectetur adipiscing elit. Nam laoreet erat eu nisl congue, eu scelerisque justo cursus. Sed vitae enim feugiat, consequat justo suscipit, bibendum sem. Nam euismod nisi tortor, eget tristique sapien congue bibendum. Suspendisse fringilla enim quis dolor tincidunt, et elementum nisl rhoncus. Suspendisse mattis dui ex, ut ultrices risus scelerisque tincidunt. Nunc lectus nisl, tincidunt sed condimentum vel, hendrerit at mi. Aliquam in nunc lacinia ante placerat bibendum a sed tortor.       <\/p>\n<p>Maecenas ornare ligula id dolor tempus, a ultrices justo pharetra. Morbi convallis, mauris et vestibulum dictum, nisl tortor molestie purus, vitae commodo nisi orci aliquet justo. Mauris a volutpat nisl. Vestibulum auctor, leo a pulvinar euismod, purus nibh porttitor nunc, nec volutpat leo orci quis mauris. Nam nunc tellus, pharetra vel nisi at, hendrerit bibendum sem. Aenean condimentum vulputate metus eu semper. Maecenas porta sapien a lorem volutpat sodales. Vestibulum ante ipsum primis in faucibus orci luctus et ultrices posuere cubilia Curae; Donec mattis dictum venenatis.       <\/p>\n","protected":false},"excerpt":{"rendered":"<p>Lorem ipsum dolor sit amet, consectetur adipiscing elit. Nam laoreet erat eu nisl congue, eu scelerisque justo cursus. Sed vitae enim feugiat, consequat justo suscipit, bibendum sem. Nam euismod nisi tortor, eget tristique sapien congue bibendum. Suspendisse fringilla enim quis dolor tincidunt, et elementum nisl rhoncus. Suspendisse mattis dui ex, ut ultrices risus scelerisque tincidunt. [&hellip;]<\/p>\n","protected":false},"author":6,"featured_media":0,"parent":0,"menu_order":0,"comment_status":"closed","ping_status":"closed","template":"templates\/contentbuilder.php","meta":{"_acf_changed":false,"footnotes":""},"class_list":["post-8373","page","type-page","status-publish","hentry"],"acf":[],"yoast_head":"<!-- This site is optimized with the Yoast SEO plugin v27.3 - https:\/\/yoast.com\/product\/yoast-seo-wordpress\/ -->\n<title>Definition av autotransformatorer | Breimer-Roth Transformation<\/title>\n<meta name=\"description\" content=\"Transformatoranl\u00e4ggningen Breimer-Roth f\u00f6rklarar vad en autotransformator \u00e4r. F\u00e5 information h\u00e4r.\" \/>\n<meta name=\"robots\" content=\"index, follow, max-snippet:-1, max-image-preview:large, max-video-preview:-1\" \/>\n<link rel=\"canonical\" href=\"https:\/\/bre-trafo.de\/sv\/autotransformatorer\/\" \/>\n<meta property=\"og:locale\" content=\"sv_SE\" \/>\n<meta property=\"og:type\" content=\"article\" \/>\n<meta property=\"og:title\" content=\"Definition av autotransformatorer | Breimer-Roth Transformation\" \/>\n<meta property=\"og:description\" content=\"Transformatoranl\u00e4ggningen Breimer-Roth f\u00f6rklarar vad en autotransformator \u00e4r. F\u00e5 information h\u00e4r.\" \/>\n<meta property=\"og:url\" content=\"https:\/\/bre-trafo.de\/sv\/autotransformatorer\/\" \/>\n<meta property=\"og:site_name\" content=\"Breimer-Roth Transformatoren\" \/>\n<meta property=\"article:modified_time\" content=\"2025-10-16T15:56:24+00:00\" \/>\n<meta name=\"twitter:card\" content=\"summary_large_image\" \/>\n<meta name=\"twitter:label1\" content=\"Ber\u00e4knad l\u00e4stid\" \/>\n\t<meta name=\"twitter:data1\" content=\"1 minut\" \/>\n<script type=\"application\/ld+json\" class=\"yoast-schema-graph\">{\"@context\":\"https:\\\/\\\/schema.org\",\"@graph\":[{\"@type\":\"WebPage\",\"@id\":\"https:\\\/\\\/bre-trafo.de\\\/sv\\\/autotransformatorer\\\/\",\"url\":\"https:\\\/\\\/bre-trafo.de\\\/sv\\\/autotransformatorer\\\/\",\"name\":\"Definition av autotransformatorer | Breimer-Roth Transformation\",\"isPartOf\":{\"@id\":\"https:\\\/\\\/bre-trafo.de\\\/sv\\\/#website\"},\"datePublished\":\"2023-10-25T17:04:25+00:00\",\"dateModified\":\"2025-10-16T15:56:24+00:00\",\"description\":\"Transformatoranl\u00e4ggningen Breimer-Roth f\u00f6rklarar vad en autotransformator \u00e4r. F\u00e5 information h\u00e4r.\",\"breadcrumb\":{\"@id\":\"https:\\\/\\\/bre-trafo.de\\\/sv\\\/autotransformatorer\\\/#breadcrumb\"},\"inLanguage\":\"sv-SE\",\"potentialAction\":[{\"@type\":\"ReadAction\",\"target\":[\"https:\\\/\\\/bre-trafo.de\\\/sv\\\/autotransformatorer\\\/\"]}]},{\"@type\":\"BreadcrumbList\",\"@id\":\"https:\\\/\\\/bre-trafo.de\\\/sv\\\/autotransformatorer\\\/#breadcrumb\",\"itemListElement\":[{\"@type\":\"ListItem\",\"position\":1,\"name\":\"Home\",\"item\":\"https:\\\/\\\/bre-trafo.de\\\/sv\\\/hem\\\/\"},{\"@type\":\"ListItem\",\"position\":2,\"name\":\"Autotransformatorer\"}]},{\"@type\":\"WebSite\",\"@id\":\"https:\\\/\\\/bre-trafo.de\\\/sv\\\/#website\",\"url\":\"https:\\\/\\\/bre-trafo.de\\\/sv\\\/\",\"name\":\"Breimer-Roth Transformatoren\",\"description\":\"Trafo Hersteller\",\"publisher\":{\"@id\":\"https:\\\/\\\/bre-trafo.de\\\/sv\\\/#organization\"},\"potentialAction\":[{\"@type\":\"SearchAction\",\"target\":{\"@type\":\"EntryPoint\",\"urlTemplate\":\"https:\\\/\\\/bre-trafo.de\\\/sv\\\/?s={search_term_string}\"},\"query-input\":{\"@type\":\"PropertyValueSpecification\",\"valueRequired\":true,\"valueName\":\"search_term_string\"}}],\"inLanguage\":\"sv-SE\"},{\"@type\":\"Organization\",\"@id\":\"https:\\\/\\\/bre-trafo.de\\\/sv\\\/#organization\",\"name\":\"Breimer-Roth Transformatoren Erbach\",\"url\":\"https:\\\/\\\/bre-trafo.de\\\/sv\\\/\",\"logo\":{\"@type\":\"ImageObject\",\"inLanguage\":\"sv-SE\",\"@id\":\"https:\\\/\\\/bre-trafo.de\\\/sv\\\/#\\\/schema\\\/logo\\\/image\\\/\",\"url\":\"https:\\\/\\\/bre-trafo.de\\\/wp-content\\\/uploads\\\/2025\\\/01\\\/Breimer-Roth-Sonderlogo_farbig.svg\",\"contentUrl\":\"https:\\\/\\\/bre-trafo.de\\\/wp-content\\\/uploads\\\/2025\\\/01\\\/Breimer-Roth-Sonderlogo_farbig.svg\",\"caption\":\"Breimer-Roth Transformatoren Erbach\"},\"image\":{\"@id\":\"https:\\\/\\\/bre-trafo.de\\\/sv\\\/#\\\/schema\\\/logo\\\/image\\\/\"}}]}<\/script>\n<!-- \/ Yoast SEO plugin. -->","yoast_head_json":{"title":"Definition av autotransformatorer | Breimer-Roth Transformation","description":"Transformatoranl\u00e4ggningen Breimer-Roth f\u00f6rklarar vad en autotransformator \u00e4r. F\u00e5 information h\u00e4r.","robots":{"index":"index","follow":"follow","max-snippet":"max-snippet:-1","max-image-preview":"max-image-preview:large","max-video-preview":"max-video-preview:-1"},"canonical":"https:\/\/bre-trafo.de\/sv\/autotransformatorer\/","og_locale":"sv_SE","og_type":"article","og_title":"Definition av autotransformatorer | Breimer-Roth Transformation","og_description":"Transformatoranl\u00e4ggningen Breimer-Roth f\u00f6rklarar vad en autotransformator \u00e4r. F\u00e5 information h\u00e4r.","og_url":"https:\/\/bre-trafo.de\/sv\/autotransformatorer\/","og_site_name":"Breimer-Roth Transformatoren","article_modified_time":"2025-10-16T15:56:24+00:00","twitter_card":"summary_large_image","twitter_misc":{"Ber\u00e4knad l\u00e4stid":"1 minut"},"schema":{"@context":"https:\/\/schema.org","@graph":[{"@type":"WebPage","@id":"https:\/\/bre-trafo.de\/sv\/autotransformatorer\/","url":"https:\/\/bre-trafo.de\/sv\/autotransformatorer\/","name":"Definition av autotransformatorer | Breimer-Roth Transformation","isPartOf":{"@id":"https:\/\/bre-trafo.de\/sv\/#website"},"datePublished":"2023-10-25T17:04:25+00:00","dateModified":"2025-10-16T15:56:24+00:00","description":"Transformatoranl\u00e4ggningen Breimer-Roth f\u00f6rklarar vad en autotransformator \u00e4r. F\u00e5 information h\u00e4r.","breadcrumb":{"@id":"https:\/\/bre-trafo.de\/sv\/autotransformatorer\/#breadcrumb"},"inLanguage":"sv-SE","potentialAction":[{"@type":"ReadAction","target":["https:\/\/bre-trafo.de\/sv\/autotransformatorer\/"]}]},{"@type":"BreadcrumbList","@id":"https:\/\/bre-trafo.de\/sv\/autotransformatorer\/#breadcrumb","itemListElement":[{"@type":"ListItem","position":1,"name":"Home","item":"https:\/\/bre-trafo.de\/sv\/hem\/"},{"@type":"ListItem","position":2,"name":"Autotransformatorer"}]},{"@type":"WebSite","@id":"https:\/\/bre-trafo.de\/sv\/#website","url":"https:\/\/bre-trafo.de\/sv\/","name":"Breimer-Roth Transformatoren","description":"Trafo Hersteller","publisher":{"@id":"https:\/\/bre-trafo.de\/sv\/#organization"},"potentialAction":[{"@type":"SearchAction","target":{"@type":"EntryPoint","urlTemplate":"https:\/\/bre-trafo.de\/sv\/?s={search_term_string}"},"query-input":{"@type":"PropertyValueSpecification","valueRequired":true,"valueName":"search_term_string"}}],"inLanguage":"sv-SE"},{"@type":"Organization","@id":"https:\/\/bre-trafo.de\/sv\/#organization","name":"Breimer-Roth Transformatoren Erbach","url":"https:\/\/bre-trafo.de\/sv\/","logo":{"@type":"ImageObject","inLanguage":"sv-SE","@id":"https:\/\/bre-trafo.de\/sv\/#\/schema\/logo\/image\/","url":"https:\/\/bre-trafo.de\/wp-content\/uploads\/2025\/01\/Breimer-Roth-Sonderlogo_farbig.svg","contentUrl":"https:\/\/bre-trafo.de\/wp-content\/uploads\/2025\/01\/Breimer-Roth-Sonderlogo_farbig.svg","caption":"Breimer-Roth Transformatoren Erbach"},"image":{"@id":"https:\/\/bre-trafo.de\/sv\/#\/schema\/logo\/image\/"}}]}},"_links":{"self":[{"href":"https:\/\/bre-trafo.de\/sv\/wp-json\/wp\/v2\/pages\/8373","targetHints":{"allow":["GET"]}}],"collection":[{"href":"https:\/\/bre-trafo.de\/sv\/wp-json\/wp\/v2\/pages"}],"about":[{"href":"https:\/\/bre-trafo.de\/sv\/wp-json\/wp\/v2\/types\/page"}],"author":[{"embeddable":true,"href":"https:\/\/bre-trafo.de\/sv\/wp-json\/wp\/v2\/users\/6"}],"replies":[{"embeddable":true,"href":"https:\/\/bre-trafo.de\/sv\/wp-json\/wp\/v2\/comments?post=8373"}],"version-history":[{"count":1,"href":"https:\/\/bre-trafo.de\/sv\/wp-json\/wp\/v2\/pages\/8373\/revisions"}],"predecessor-version":[{"id":20481,"href":"https:\/\/bre-trafo.de\/sv\/wp-json\/wp\/v2\/pages\/8373\/revisions\/20481"}],"wp:attachment":[{"href":"https:\/\/bre-trafo.de\/sv\/wp-json\/wp\/v2\/media?parent=8373"}],"curies":[{"name":"wp","href":"https:\/\/api.w.org\/{rel}","templated":true}]}}