{"id":8370,"date":"2021-01-31T10:25:22","date_gmt":"2021-01-31T09:25:22","guid":{"rendered":"https:\/\/dev.bre-trafo.de\/service\/test-foer-godkaennande-av-anlaeggning\/"},"modified":"2025-10-16T17:55:39","modified_gmt":"2025-10-16T15:55:39","slug":"test-foer-godkaennande-av-anlaeggning","status":"publish","type":"page","link":"https:\/\/bre-trafo.de\/sv\/service\/test-foer-godkaennande-av-anlaeggning\/","title":{"rendered":"Test f\u00f6r godk\u00e4nnande av anl\u00e4ggning"},"content":{"rendered":"","protected":false},"excerpt":{"rendered":"","protected":false},"author":12,"featured_media":0,"parent":8345,"menu_order":0,"comment_status":"closed","ping_status":"closed","template":"templates\/contentbuilder.php","meta":{"_acf_changed":false,"footnotes":""},"class_list":["post-8370","page","type-page","status-publish","hentry"],"acf":[],"yoast_head":"<!-- This site is optimized with the Yoast SEO plugin v27.3 - https:\/\/yoast.com\/product\/yoast-seo-wordpress\/ -->\n<title>Godk\u00e4nnandeprov av Breimer-Roth<\/title>\n<meta name=\"description\" content=\"Breimer Roth \u00e4r din kompetenta partner f\u00f6r acceptanstester p\u00e5 plats av din maskin eller anl\u00e4ggning - beg\u00e4r en offert nu!\" \/>\n<meta name=\"robots\" content=\"index, follow, max-snippet:-1, max-image-preview:large, max-video-preview:-1\" \/>\n<link rel=\"canonical\" href=\"https:\/\/bre-trafo.de\/sv\/service\/test-foer-godkaennande-av-anlaeggning\/\" \/>\n<meta property=\"og:locale\" content=\"sv_SE\" \/>\n<meta property=\"og:type\" content=\"article\" \/>\n<meta property=\"og:title\" content=\"Godk\u00e4nnandeprov av Breimer-Roth\" \/>\n<meta property=\"og:description\" content=\"Breimer Roth \u00e4r din kompetenta partner f\u00f6r acceptanstester p\u00e5 plats av din maskin eller anl\u00e4ggning - beg\u00e4r en offert nu!\" \/>\n<meta property=\"og:url\" content=\"https:\/\/bre-trafo.de\/sv\/service\/test-foer-godkaennande-av-anlaeggning\/\" \/>\n<meta property=\"og:site_name\" content=\"Breimer-Roth Transformatoren\" \/>\n<meta property=\"article:modified_time\" content=\"2025-10-16T15:55:39+00:00\" \/>\n<meta name=\"twitter:card\" content=\"summary_large_image\" \/>\n<script type=\"application\/ld+json\" class=\"yoast-schema-graph\">{\"@context\":\"https:\\\/\\\/schema.org\",\"@graph\":[{\"@type\":\"WebPage\",\"@id\":\"https:\\\/\\\/bre-trafo.de\\\/sv\\\/service\\\/test-foer-godkaennande-av-anlaeggning\\\/\",\"url\":\"https:\\\/\\\/bre-trafo.de\\\/sv\\\/service\\\/test-foer-godkaennande-av-anlaeggning\\\/\",\"name\":\"Godk\u00e4nnandeprov av Breimer-Roth\",\"isPartOf\":{\"@id\":\"https:\\\/\\\/bre-trafo.de\\\/sv\\\/#website\"},\"datePublished\":\"2021-01-31T09:25:22+00:00\",\"dateModified\":\"2025-10-16T15:55:39+00:00\",\"description\":\"Breimer Roth \u00e4r din kompetenta partner f\u00f6r acceptanstester p\u00e5 plats av din maskin eller anl\u00e4ggning - beg\u00e4r en offert nu!\",\"breadcrumb\":{\"@id\":\"https:\\\/\\\/bre-trafo.de\\\/sv\\\/service\\\/test-foer-godkaennande-av-anlaeggning\\\/#breadcrumb\"},\"inLanguage\":\"sv-SE\",\"potentialAction\":[{\"@type\":\"ReadAction\",\"target\":[\"https:\\\/\\\/bre-trafo.de\\\/sv\\\/service\\\/test-foer-godkaennande-av-anlaeggning\\\/\"]}]},{\"@type\":\"BreadcrumbList\",\"@id\":\"https:\\\/\\\/bre-trafo.de\\\/sv\\\/service\\\/test-foer-godkaennande-av-anlaeggning\\\/#breadcrumb\",\"itemListElement\":[{\"@type\":\"ListItem\",\"position\":1,\"name\":\"Home\",\"item\":\"https:\\\/\\\/bre-trafo.de\\\/sv\\\/hem\\\/\"},{\"@type\":\"ListItem\",\"position\":2,\"name\":\"Service\",\"item\":\"https:\\\/\\\/bre-trafo.de\\\/sv\\\/service\\\/\"},{\"@type\":\"ListItem\",\"position\":3,\"name\":\"Test f\u00f6r godk\u00e4nnande av anl\u00e4ggning\"}]},{\"@type\":\"WebSite\",\"@id\":\"https:\\\/\\\/bre-trafo.de\\\/sv\\\/#website\",\"url\":\"https:\\\/\\\/bre-trafo.de\\\/sv\\\/\",\"name\":\"Breimer-Roth Transformatoren\",\"description\":\"Trafo Hersteller\",\"publisher\":{\"@id\":\"https:\\\/\\\/bre-trafo.de\\\/sv\\\/#organization\"},\"potentialAction\":[{\"@type\":\"SearchAction\",\"target\":{\"@type\":\"EntryPoint\",\"urlTemplate\":\"https:\\\/\\\/bre-trafo.de\\\/sv\\\/?s={search_term_string}\"},\"query-input\":{\"@type\":\"PropertyValueSpecification\",\"valueRequired\":true,\"valueName\":\"search_term_string\"}}],\"inLanguage\":\"sv-SE\"},{\"@type\":\"Organization\",\"@id\":\"https:\\\/\\\/bre-trafo.de\\\/sv\\\/#organization\",\"name\":\"Breimer-Roth Transformatoren Erbach\",\"url\":\"https:\\\/\\\/bre-trafo.de\\\/sv\\\/\",\"logo\":{\"@type\":\"ImageObject\",\"inLanguage\":\"sv-SE\",\"@id\":\"https:\\\/\\\/bre-trafo.de\\\/sv\\\/#\\\/schema\\\/logo\\\/image\\\/\",\"url\":\"https:\\\/\\\/bre-trafo.de\\\/wp-content\\\/uploads\\\/2025\\\/01\\\/Breimer-Roth-Sonderlogo_farbig.svg\",\"contentUrl\":\"https:\\\/\\\/bre-trafo.de\\\/wp-content\\\/uploads\\\/2025\\\/01\\\/Breimer-Roth-Sonderlogo_farbig.svg\",\"caption\":\"Breimer-Roth Transformatoren Erbach\"},\"image\":{\"@id\":\"https:\\\/\\\/bre-trafo.de\\\/sv\\\/#\\\/schema\\\/logo\\\/image\\\/\"}}]}<\/script>\n<!-- \/ Yoast SEO plugin. -->","yoast_head_json":{"title":"Godk\u00e4nnandeprov av Breimer-Roth","description":"Breimer Roth \u00e4r din kompetenta partner f\u00f6r acceptanstester p\u00e5 plats av din maskin eller anl\u00e4ggning - beg\u00e4r en offert nu!","robots":{"index":"index","follow":"follow","max-snippet":"max-snippet:-1","max-image-preview":"max-image-preview:large","max-video-preview":"max-video-preview:-1"},"canonical":"https:\/\/bre-trafo.de\/sv\/service\/test-foer-godkaennande-av-anlaeggning\/","og_locale":"sv_SE","og_type":"article","og_title":"Godk\u00e4nnandeprov av Breimer-Roth","og_description":"Breimer Roth \u00e4r din kompetenta partner f\u00f6r acceptanstester p\u00e5 plats av din maskin eller anl\u00e4ggning - beg\u00e4r en offert nu!","og_url":"https:\/\/bre-trafo.de\/sv\/service\/test-foer-godkaennande-av-anlaeggning\/","og_site_name":"Breimer-Roth Transformatoren","article_modified_time":"2025-10-16T15:55:39+00:00","twitter_card":"summary_large_image","schema":{"@context":"https:\/\/schema.org","@graph":[{"@type":"WebPage","@id":"https:\/\/bre-trafo.de\/sv\/service\/test-foer-godkaennande-av-anlaeggning\/","url":"https:\/\/bre-trafo.de\/sv\/service\/test-foer-godkaennande-av-anlaeggning\/","name":"Godk\u00e4nnandeprov av Breimer-Roth","isPartOf":{"@id":"https:\/\/bre-trafo.de\/sv\/#website"},"datePublished":"2021-01-31T09:25:22+00:00","dateModified":"2025-10-16T15:55:39+00:00","description":"Breimer Roth \u00e4r din kompetenta partner f\u00f6r acceptanstester p\u00e5 plats av din maskin eller anl\u00e4ggning - beg\u00e4r en offert nu!","breadcrumb":{"@id":"https:\/\/bre-trafo.de\/sv\/service\/test-foer-godkaennande-av-anlaeggning\/#breadcrumb"},"inLanguage":"sv-SE","potentialAction":[{"@type":"ReadAction","target":["https:\/\/bre-trafo.de\/sv\/service\/test-foer-godkaennande-av-anlaeggning\/"]}]},{"@type":"BreadcrumbList","@id":"https:\/\/bre-trafo.de\/sv\/service\/test-foer-godkaennande-av-anlaeggning\/#breadcrumb","itemListElement":[{"@type":"ListItem","position":1,"name":"Home","item":"https:\/\/bre-trafo.de\/sv\/hem\/"},{"@type":"ListItem","position":2,"name":"Service","item":"https:\/\/bre-trafo.de\/sv\/service\/"},{"@type":"ListItem","position":3,"name":"Test f\u00f6r godk\u00e4nnande av anl\u00e4ggning"}]},{"@type":"WebSite","@id":"https:\/\/bre-trafo.de\/sv\/#website","url":"https:\/\/bre-trafo.de\/sv\/","name":"Breimer-Roth Transformatoren","description":"Trafo Hersteller","publisher":{"@id":"https:\/\/bre-trafo.de\/sv\/#organization"},"potentialAction":[{"@type":"SearchAction","target":{"@type":"EntryPoint","urlTemplate":"https:\/\/bre-trafo.de\/sv\/?s={search_term_string}"},"query-input":{"@type":"PropertyValueSpecification","valueRequired":true,"valueName":"search_term_string"}}],"inLanguage":"sv-SE"},{"@type":"Organization","@id":"https:\/\/bre-trafo.de\/sv\/#organization","name":"Breimer-Roth Transformatoren Erbach","url":"https:\/\/bre-trafo.de\/sv\/","logo":{"@type":"ImageObject","inLanguage":"sv-SE","@id":"https:\/\/bre-trafo.de\/sv\/#\/schema\/logo\/image\/","url":"https:\/\/bre-trafo.de\/wp-content\/uploads\/2025\/01\/Breimer-Roth-Sonderlogo_farbig.svg","contentUrl":"https:\/\/bre-trafo.de\/wp-content\/uploads\/2025\/01\/Breimer-Roth-Sonderlogo_farbig.svg","caption":"Breimer-Roth Transformatoren Erbach"},"image":{"@id":"https:\/\/bre-trafo.de\/sv\/#\/schema\/logo\/image\/"}}]}},"_links":{"self":[{"href":"https:\/\/bre-trafo.de\/sv\/wp-json\/wp\/v2\/pages\/8370","targetHints":{"allow":["GET"]}}],"collection":[{"href":"https:\/\/bre-trafo.de\/sv\/wp-json\/wp\/v2\/pages"}],"about":[{"href":"https:\/\/bre-trafo.de\/sv\/wp-json\/wp\/v2\/types\/page"}],"author":[{"embeddable":true,"href":"https:\/\/bre-trafo.de\/sv\/wp-json\/wp\/v2\/users\/12"}],"replies":[{"embeddable":true,"href":"https:\/\/bre-trafo.de\/sv\/wp-json\/wp\/v2\/comments?post=8370"}],"version-history":[{"count":1,"href":"https:\/\/bre-trafo.de\/sv\/wp-json\/wp\/v2\/pages\/8370\/revisions"}],"predecessor-version":[{"id":20732,"href":"https:\/\/bre-trafo.de\/sv\/wp-json\/wp\/v2\/pages\/8370\/revisions\/20732"}],"up":[{"embeddable":true,"href":"https:\/\/bre-trafo.de\/sv\/wp-json\/wp\/v2\/pages\/8345"}],"wp:attachment":[{"href":"https:\/\/bre-trafo.de\/sv\/wp-json\/wp\/v2\/media?parent=8370"}],"curies":[{"name":"wp","href":"https:\/\/api.w.org\/{rel}","templated":true}]}}