{"id":8344,"date":"2023-10-25T15:02:15","date_gmt":"2023-10-25T13:02:15","guid":{"rendered":"https:\/\/dev.bre-trafo.de\/skyddsklasser\/"},"modified":"2025-10-16T17:56:57","modified_gmt":"2025-10-16T15:56:57","slug":"skyddsklasser","status":"publish","type":"page","link":"https:\/\/bre-trafo.de\/sv\/skyddsklasser\/","title":{"rendered":"Skyddsklasser"},"content":{"rendered":"","protected":false},"excerpt":{"rendered":"","protected":false},"author":6,"featured_media":0,"parent":0,"menu_order":0,"comment_status":"closed","ping_status":"closed","template":"templates\/contentbuilder.php","meta":{"_acf_changed":false,"footnotes":""},"class_list":["post-8344","page","type-page","status-publish","hentry"],"acf":[],"yoast_head":"<!-- This site is optimized with the Yoast SEO plugin v27.3 - https:\/\/yoast.com\/product\/yoast-seo-wordpress\/ -->\n<title>Skyddsklasser f\u00f6r transformatorer | Breimer-Roth Transformation<\/title>\n<meta name=\"description\" content=\"Transformatoranl\u00e4ggningen Breimer-Roth ber\u00e4ttar om transformatorernas skyddsklasser. F\u00e5 information h\u00e4r.\" \/>\n<meta name=\"robots\" content=\"noindex, follow\" \/>\n<meta property=\"og:locale\" content=\"sv_SE\" \/>\n<meta property=\"og:type\" content=\"article\" \/>\n<meta property=\"og:title\" content=\"Skyddsklasser f\u00f6r transformatorer | Breimer-Roth Transformation\" \/>\n<meta property=\"og:description\" content=\"Transformatoranl\u00e4ggningen Breimer-Roth ber\u00e4ttar om transformatorernas skyddsklasser. F\u00e5 information h\u00e4r.\" \/>\n<meta property=\"og:url\" content=\"https:\/\/bre-trafo.de\/sv\/skyddsklasser\/\" \/>\n<meta property=\"og:site_name\" content=\"Breimer-Roth Transformatoren\" \/>\n<meta property=\"article:modified_time\" content=\"2025-10-16T15:56:57+00:00\" \/>\n<meta name=\"twitter:card\" content=\"summary_large_image\" \/>\n<script type=\"application\/ld+json\" class=\"yoast-schema-graph\">{\"@context\":\"https:\\\/\\\/schema.org\",\"@graph\":[{\"@type\":\"WebPage\",\"@id\":\"https:\\\/\\\/bre-trafo.de\\\/sv\\\/skyddsklasser\\\/\",\"url\":\"https:\\\/\\\/bre-trafo.de\\\/sv\\\/skyddsklasser\\\/\",\"name\":\"Skyddsklasser f\u00f6r transformatorer | Breimer-Roth Transformation\",\"isPartOf\":{\"@id\":\"https:\\\/\\\/bre-trafo.de\\\/sv\\\/#website\"},\"datePublished\":\"2023-10-25T13:02:15+00:00\",\"dateModified\":\"2025-10-16T15:56:57+00:00\",\"description\":\"Transformatoranl\u00e4ggningen Breimer-Roth ber\u00e4ttar om transformatorernas skyddsklasser. F\u00e5 information h\u00e4r.\",\"breadcrumb\":{\"@id\":\"https:\\\/\\\/bre-trafo.de\\\/sv\\\/skyddsklasser\\\/#breadcrumb\"},\"inLanguage\":\"sv-SE\",\"potentialAction\":[{\"@type\":\"ReadAction\",\"target\":[\"https:\\\/\\\/bre-trafo.de\\\/sv\\\/skyddsklasser\\\/\"]}]},{\"@type\":\"BreadcrumbList\",\"@id\":\"https:\\\/\\\/bre-trafo.de\\\/sv\\\/skyddsklasser\\\/#breadcrumb\",\"itemListElement\":[{\"@type\":\"ListItem\",\"position\":1,\"name\":\"Home\",\"item\":\"https:\\\/\\\/bre-trafo.de\\\/sv\\\/hem\\\/\"},{\"@type\":\"ListItem\",\"position\":2,\"name\":\"Skyddsklasser\"}]},{\"@type\":\"WebSite\",\"@id\":\"https:\\\/\\\/bre-trafo.de\\\/sv\\\/#website\",\"url\":\"https:\\\/\\\/bre-trafo.de\\\/sv\\\/\",\"name\":\"Breimer-Roth Transformatoren\",\"description\":\"Trafo Hersteller\",\"publisher\":{\"@id\":\"https:\\\/\\\/bre-trafo.de\\\/sv\\\/#organization\"},\"potentialAction\":[{\"@type\":\"SearchAction\",\"target\":{\"@type\":\"EntryPoint\",\"urlTemplate\":\"https:\\\/\\\/bre-trafo.de\\\/sv\\\/?s={search_term_string}\"},\"query-input\":{\"@type\":\"PropertyValueSpecification\",\"valueRequired\":true,\"valueName\":\"search_term_string\"}}],\"inLanguage\":\"sv-SE\"},{\"@type\":\"Organization\",\"@id\":\"https:\\\/\\\/bre-trafo.de\\\/sv\\\/#organization\",\"name\":\"Breimer-Roth Transformatoren Erbach\",\"url\":\"https:\\\/\\\/bre-trafo.de\\\/sv\\\/\",\"logo\":{\"@type\":\"ImageObject\",\"inLanguage\":\"sv-SE\",\"@id\":\"https:\\\/\\\/bre-trafo.de\\\/sv\\\/#\\\/schema\\\/logo\\\/image\\\/\",\"url\":\"https:\\\/\\\/bre-trafo.de\\\/wp-content\\\/uploads\\\/2025\\\/01\\\/Breimer-Roth-Sonderlogo_farbig.svg\",\"contentUrl\":\"https:\\\/\\\/bre-trafo.de\\\/wp-content\\\/uploads\\\/2025\\\/01\\\/Breimer-Roth-Sonderlogo_farbig.svg\",\"caption\":\"Breimer-Roth Transformatoren Erbach\"},\"image\":{\"@id\":\"https:\\\/\\\/bre-trafo.de\\\/sv\\\/#\\\/schema\\\/logo\\\/image\\\/\"}}]}<\/script>\n<!-- \/ Yoast SEO plugin. -->","yoast_head_json":{"title":"Skyddsklasser f\u00f6r transformatorer | Breimer-Roth Transformation","description":"Transformatoranl\u00e4ggningen Breimer-Roth ber\u00e4ttar om transformatorernas skyddsklasser. F\u00e5 information h\u00e4r.","robots":{"index":"noindex","follow":"follow"},"og_locale":"sv_SE","og_type":"article","og_title":"Skyddsklasser f\u00f6r transformatorer | Breimer-Roth Transformation","og_description":"Transformatoranl\u00e4ggningen Breimer-Roth ber\u00e4ttar om transformatorernas skyddsklasser. F\u00e5 information h\u00e4r.","og_url":"https:\/\/bre-trafo.de\/sv\/skyddsklasser\/","og_site_name":"Breimer-Roth Transformatoren","article_modified_time":"2025-10-16T15:56:57+00:00","twitter_card":"summary_large_image","schema":{"@context":"https:\/\/schema.org","@graph":[{"@type":"WebPage","@id":"https:\/\/bre-trafo.de\/sv\/skyddsklasser\/","url":"https:\/\/bre-trafo.de\/sv\/skyddsklasser\/","name":"Skyddsklasser f\u00f6r transformatorer | Breimer-Roth Transformation","isPartOf":{"@id":"https:\/\/bre-trafo.de\/sv\/#website"},"datePublished":"2023-10-25T13:02:15+00:00","dateModified":"2025-10-16T15:56:57+00:00","description":"Transformatoranl\u00e4ggningen Breimer-Roth ber\u00e4ttar om transformatorernas skyddsklasser. F\u00e5 information h\u00e4r.","breadcrumb":{"@id":"https:\/\/bre-trafo.de\/sv\/skyddsklasser\/#breadcrumb"},"inLanguage":"sv-SE","potentialAction":[{"@type":"ReadAction","target":["https:\/\/bre-trafo.de\/sv\/skyddsklasser\/"]}]},{"@type":"BreadcrumbList","@id":"https:\/\/bre-trafo.de\/sv\/skyddsklasser\/#breadcrumb","itemListElement":[{"@type":"ListItem","position":1,"name":"Home","item":"https:\/\/bre-trafo.de\/sv\/hem\/"},{"@type":"ListItem","position":2,"name":"Skyddsklasser"}]},{"@type":"WebSite","@id":"https:\/\/bre-trafo.de\/sv\/#website","url":"https:\/\/bre-trafo.de\/sv\/","name":"Breimer-Roth Transformatoren","description":"Trafo Hersteller","publisher":{"@id":"https:\/\/bre-trafo.de\/sv\/#organization"},"potentialAction":[{"@type":"SearchAction","target":{"@type":"EntryPoint","urlTemplate":"https:\/\/bre-trafo.de\/sv\/?s={search_term_string}"},"query-input":{"@type":"PropertyValueSpecification","valueRequired":true,"valueName":"search_term_string"}}],"inLanguage":"sv-SE"},{"@type":"Organization","@id":"https:\/\/bre-trafo.de\/sv\/#organization","name":"Breimer-Roth Transformatoren Erbach","url":"https:\/\/bre-trafo.de\/sv\/","logo":{"@type":"ImageObject","inLanguage":"sv-SE","@id":"https:\/\/bre-trafo.de\/sv\/#\/schema\/logo\/image\/","url":"https:\/\/bre-trafo.de\/wp-content\/uploads\/2025\/01\/Breimer-Roth-Sonderlogo_farbig.svg","contentUrl":"https:\/\/bre-trafo.de\/wp-content\/uploads\/2025\/01\/Breimer-Roth-Sonderlogo_farbig.svg","caption":"Breimer-Roth Transformatoren Erbach"},"image":{"@id":"https:\/\/bre-trafo.de\/sv\/#\/schema\/logo\/image\/"}}]}},"_links":{"self":[{"href":"https:\/\/bre-trafo.de\/sv\/wp-json\/wp\/v2\/pages\/8344","targetHints":{"allow":["GET"]}}],"collection":[{"href":"https:\/\/bre-trafo.de\/sv\/wp-json\/wp\/v2\/pages"}],"about":[{"href":"https:\/\/bre-trafo.de\/sv\/wp-json\/wp\/v2\/types\/page"}],"author":[{"embeddable":true,"href":"https:\/\/bre-trafo.de\/sv\/wp-json\/wp\/v2\/users\/6"}],"replies":[{"embeddable":true,"href":"https:\/\/bre-trafo.de\/sv\/wp-json\/wp\/v2\/comments?post=8344"}],"version-history":[{"count":1,"href":"https:\/\/bre-trafo.de\/sv\/wp-json\/wp\/v2\/pages\/8344\/revisions"}],"predecessor-version":[{"id":20471,"href":"https:\/\/bre-trafo.de\/sv\/wp-json\/wp\/v2\/pages\/8344\/revisions\/20471"}],"wp:attachment":[{"href":"https:\/\/bre-trafo.de\/sv\/wp-json\/wp\/v2\/media?parent=8344"}],"curies":[{"name":"wp","href":"https:\/\/api.w.org\/{rel}","templated":true}]}}