{"id":8330,"date":"2018-05-02T14:54:05","date_gmt":"2018-05-02T12:54:05","guid":{"rendered":"https:\/\/dev.bre-trafo.de\/naetspaenningsdrosslar-och-naetaggregat\/naetaggregat\/inbyggd-enfas-stroemfoersoerjning-mdr-sdr\/"},"modified":"2025-10-16T17:31:06","modified_gmt":"2025-10-16T15:31:06","slug":"inbyggd-enfas-stroemfoersoerjning-mdr-sdr","status":"publish","type":"page","link":"https:\/\/bre-trafo.de\/sv\/naetspaenningsdrosslar-och-naetaggregat\/naetaggregat\/inbyggd-enfas-stroemfoersoerjning-mdr-sdr\/","title":{"rendered":"Inbyggd enfas str\u00f6mf\u00f6rs\u00f6rjning MDR\/SDR"},"content":{"rendered":"","protected":false},"excerpt":{"rendered":"","protected":false},"author":6,"featured_media":0,"parent":8324,"menu_order":0,"comment_status":"closed","ping_status":"closed","template":"templates\/contentbuilder.php","meta":{"_acf_changed":false,"footnotes":""},"class_list":["post-8330","page","type-page","status-publish","hentry"],"acf":[],"yoast_head":"<!-- This site is optimized with the Yoast SEO plugin v27.4 - https:\/\/yoast.com\/product\/yoast-seo-wordpress\/ -->\n<title>Inbyggd enfas str\u00f6mf\u00f6rs\u00f6rjning MDR\/SDR | Breimer-Roth<\/title>\n<meta name=\"description\" content=\"MDR\/SDR enfas inbyggd str\u00f6mf\u00f6rs\u00f6rjning (l\u00e5g kostnad) fr\u00e5n Transformatorenwerk Breimer-Roth \u2794 Str\u00f6m p\u00e5 LED \u2714 konvektionskylning \u2714 10 - 960 W \u2714.\" \/>\n<meta name=\"robots\" content=\"index, follow, max-snippet:-1, max-image-preview:large, max-video-preview:-1\" \/>\n<link rel=\"canonical\" href=\"https:\/\/bre-trafo.de\/sv\/naetspaenningsdrosslar-och-naetaggregat\/naetaggregat\/inbyggd-enfas-stroemfoersoerjning-mdr-sdr\/\" \/>\n<meta property=\"og:locale\" content=\"sv_SE\" \/>\n<meta property=\"og:type\" content=\"article\" \/>\n<meta property=\"og:title\" content=\"Inbyggd enfas str\u00f6mf\u00f6rs\u00f6rjning MDR\/SDR | Breimer-Roth\" \/>\n<meta property=\"og:description\" content=\"MDR\/SDR enfas inbyggd str\u00f6mf\u00f6rs\u00f6rjning (l\u00e5g kostnad) fr\u00e5n Transformatorenwerk Breimer-Roth \u2794 Str\u00f6m p\u00e5 LED \u2714 konvektionskylning \u2714 10 - 960 W \u2714.\" \/>\n<meta property=\"og:url\" content=\"https:\/\/bre-trafo.de\/sv\/naetspaenningsdrosslar-och-naetaggregat\/naetaggregat\/inbyggd-enfas-stroemfoersoerjning-mdr-sdr\/\" \/>\n<meta property=\"og:site_name\" content=\"Breimer-Roth Transformatoren\" \/>\n<meta property=\"article:modified_time\" content=\"2025-10-16T15:31:06+00:00\" \/>\n<meta name=\"twitter:card\" content=\"summary_large_image\" \/>\n<script type=\"application\/ld+json\" class=\"yoast-schema-graph\">{\"@context\":\"https:\\\/\\\/schema.org\",\"@graph\":[{\"@type\":\"WebPage\",\"@id\":\"https:\\\/\\\/bre-trafo.de\\\/sv\\\/naetspaenningsdrosslar-och-naetaggregat\\\/naetaggregat\\\/inbyggd-enfas-stroemfoersoerjning-mdr-sdr\\\/\",\"url\":\"https:\\\/\\\/bre-trafo.de\\\/sv\\\/naetspaenningsdrosslar-och-naetaggregat\\\/naetaggregat\\\/inbyggd-enfas-stroemfoersoerjning-mdr-sdr\\\/\",\"name\":\"Inbyggd enfas str\u00f6mf\u00f6rs\u00f6rjning MDR\\\/SDR | Breimer-Roth\",\"isPartOf\":{\"@id\":\"https:\\\/\\\/bre-trafo.de\\\/sv\\\/#website\"},\"datePublished\":\"2018-05-02T12:54:05+00:00\",\"dateModified\":\"2025-10-16T15:31:06+00:00\",\"description\":\"MDR\\\/SDR enfas inbyggd str\u00f6mf\u00f6rs\u00f6rjning (l\u00e5g kostnad) fr\u00e5n Transformatorenwerk Breimer-Roth \u2794 Str\u00f6m p\u00e5 LED \u2714 konvektionskylning \u2714 10 - 960 W \u2714.\",\"breadcrumb\":{\"@id\":\"https:\\\/\\\/bre-trafo.de\\\/sv\\\/naetspaenningsdrosslar-och-naetaggregat\\\/naetaggregat\\\/inbyggd-enfas-stroemfoersoerjning-mdr-sdr\\\/#breadcrumb\"},\"inLanguage\":\"sv-SE\",\"potentialAction\":[{\"@type\":\"ReadAction\",\"target\":[\"https:\\\/\\\/bre-trafo.de\\\/sv\\\/naetspaenningsdrosslar-och-naetaggregat\\\/naetaggregat\\\/inbyggd-enfas-stroemfoersoerjning-mdr-sdr\\\/\"]}]},{\"@type\":\"BreadcrumbList\",\"@id\":\"https:\\\/\\\/bre-trafo.de\\\/sv\\\/naetspaenningsdrosslar-och-naetaggregat\\\/naetaggregat\\\/inbyggd-enfas-stroemfoersoerjning-mdr-sdr\\\/#breadcrumb\",\"itemListElement\":[{\"@type\":\"ListItem\",\"position\":1,\"name\":\"Home\",\"item\":\"https:\\\/\\\/bre-trafo.de\\\/sv\\\/hem\\\/\"},{\"@type\":\"ListItem\",\"position\":2,\"name\":\"N\u00e4tsp\u00e4nningsdrosslar och N\u00e4taggregat\",\"item\":\"https:\\\/\\\/bre-trafo.de\\\/sv\\\/naetspaenningsdrosslar-och-naetaggregat\\\/\"},{\"@type\":\"ListItem\",\"position\":3,\"name\":\"N\u00e4taggregat\",\"item\":\"https:\\\/\\\/bre-trafo.de\\\/sv\\\/naetspaenningsdrosslar-och-naetaggregat\\\/naetaggregat\\\/\"},{\"@type\":\"ListItem\",\"position\":4,\"name\":\"Inbyggd enfas str\u00f6mf\u00f6rs\u00f6rjning MDR\\\/SDR\"}]},{\"@type\":\"WebSite\",\"@id\":\"https:\\\/\\\/bre-trafo.de\\\/sv\\\/#website\",\"url\":\"https:\\\/\\\/bre-trafo.de\\\/sv\\\/\",\"name\":\"Breimer-Roth Transformatoren\",\"description\":\"Trafo Hersteller\",\"publisher\":{\"@id\":\"https:\\\/\\\/bre-trafo.de\\\/sv\\\/#organization\"},\"potentialAction\":[{\"@type\":\"SearchAction\",\"target\":{\"@type\":\"EntryPoint\",\"urlTemplate\":\"https:\\\/\\\/bre-trafo.de\\\/sv\\\/?s={search_term_string}\"},\"query-input\":{\"@type\":\"PropertyValueSpecification\",\"valueRequired\":true,\"valueName\":\"search_term_string\"}}],\"inLanguage\":\"sv-SE\"},{\"@type\":\"Organization\",\"@id\":\"https:\\\/\\\/bre-trafo.de\\\/sv\\\/#organization\",\"name\":\"Breimer-Roth Transformatoren Erbach\",\"url\":\"https:\\\/\\\/bre-trafo.de\\\/sv\\\/\",\"logo\":{\"@type\":\"ImageObject\",\"inLanguage\":\"sv-SE\",\"@id\":\"https:\\\/\\\/bre-trafo.de\\\/sv\\\/#\\\/schema\\\/logo\\\/image\\\/\",\"url\":\"https:\\\/\\\/bre-trafo.de\\\/wp-content\\\/uploads\\\/2025\\\/01\\\/Breimer-Roth-Sonderlogo_farbig.svg\",\"contentUrl\":\"https:\\\/\\\/bre-trafo.de\\\/wp-content\\\/uploads\\\/2025\\\/01\\\/Breimer-Roth-Sonderlogo_farbig.svg\",\"caption\":\"Breimer-Roth Transformatoren Erbach\"},\"image\":{\"@id\":\"https:\\\/\\\/bre-trafo.de\\\/sv\\\/#\\\/schema\\\/logo\\\/image\\\/\"}}]}<\/script>\n<!-- \/ Yoast SEO plugin. -->","yoast_head_json":{"title":"Inbyggd enfas str\u00f6mf\u00f6rs\u00f6rjning MDR\/SDR | Breimer-Roth","description":"MDR\/SDR enfas inbyggd str\u00f6mf\u00f6rs\u00f6rjning (l\u00e5g kostnad) fr\u00e5n Transformatorenwerk Breimer-Roth \u2794 Str\u00f6m p\u00e5 LED \u2714 konvektionskylning \u2714 10 - 960 W \u2714.","robots":{"index":"index","follow":"follow","max-snippet":"max-snippet:-1","max-image-preview":"max-image-preview:large","max-video-preview":"max-video-preview:-1"},"canonical":"https:\/\/bre-trafo.de\/sv\/naetspaenningsdrosslar-och-naetaggregat\/naetaggregat\/inbyggd-enfas-stroemfoersoerjning-mdr-sdr\/","og_locale":"sv_SE","og_type":"article","og_title":"Inbyggd enfas str\u00f6mf\u00f6rs\u00f6rjning MDR\/SDR | Breimer-Roth","og_description":"MDR\/SDR enfas inbyggd str\u00f6mf\u00f6rs\u00f6rjning (l\u00e5g kostnad) fr\u00e5n Transformatorenwerk Breimer-Roth \u2794 Str\u00f6m p\u00e5 LED \u2714 konvektionskylning \u2714 10 - 960 W \u2714.","og_url":"https:\/\/bre-trafo.de\/sv\/naetspaenningsdrosslar-och-naetaggregat\/naetaggregat\/inbyggd-enfas-stroemfoersoerjning-mdr-sdr\/","og_site_name":"Breimer-Roth Transformatoren","article_modified_time":"2025-10-16T15:31:06+00:00","twitter_card":"summary_large_image","schema":{"@context":"https:\/\/schema.org","@graph":[{"@type":"WebPage","@id":"https:\/\/bre-trafo.de\/sv\/naetspaenningsdrosslar-och-naetaggregat\/naetaggregat\/inbyggd-enfas-stroemfoersoerjning-mdr-sdr\/","url":"https:\/\/bre-trafo.de\/sv\/naetspaenningsdrosslar-och-naetaggregat\/naetaggregat\/inbyggd-enfas-stroemfoersoerjning-mdr-sdr\/","name":"Inbyggd enfas str\u00f6mf\u00f6rs\u00f6rjning MDR\/SDR | Breimer-Roth","isPartOf":{"@id":"https:\/\/bre-trafo.de\/sv\/#website"},"datePublished":"2018-05-02T12:54:05+00:00","dateModified":"2025-10-16T15:31:06+00:00","description":"MDR\/SDR enfas inbyggd str\u00f6mf\u00f6rs\u00f6rjning (l\u00e5g kostnad) fr\u00e5n Transformatorenwerk Breimer-Roth \u2794 Str\u00f6m p\u00e5 LED \u2714 konvektionskylning \u2714 10 - 960 W \u2714.","breadcrumb":{"@id":"https:\/\/bre-trafo.de\/sv\/naetspaenningsdrosslar-och-naetaggregat\/naetaggregat\/inbyggd-enfas-stroemfoersoerjning-mdr-sdr\/#breadcrumb"},"inLanguage":"sv-SE","potentialAction":[{"@type":"ReadAction","target":["https:\/\/bre-trafo.de\/sv\/naetspaenningsdrosslar-och-naetaggregat\/naetaggregat\/inbyggd-enfas-stroemfoersoerjning-mdr-sdr\/"]}]},{"@type":"BreadcrumbList","@id":"https:\/\/bre-trafo.de\/sv\/naetspaenningsdrosslar-och-naetaggregat\/naetaggregat\/inbyggd-enfas-stroemfoersoerjning-mdr-sdr\/#breadcrumb","itemListElement":[{"@type":"ListItem","position":1,"name":"Home","item":"https:\/\/bre-trafo.de\/sv\/hem\/"},{"@type":"ListItem","position":2,"name":"N\u00e4tsp\u00e4nningsdrosslar och N\u00e4taggregat","item":"https:\/\/bre-trafo.de\/sv\/naetspaenningsdrosslar-och-naetaggregat\/"},{"@type":"ListItem","position":3,"name":"N\u00e4taggregat","item":"https:\/\/bre-trafo.de\/sv\/naetspaenningsdrosslar-och-naetaggregat\/naetaggregat\/"},{"@type":"ListItem","position":4,"name":"Inbyggd enfas str\u00f6mf\u00f6rs\u00f6rjning MDR\/SDR"}]},{"@type":"WebSite","@id":"https:\/\/bre-trafo.de\/sv\/#website","url":"https:\/\/bre-trafo.de\/sv\/","name":"Breimer-Roth Transformatoren","description":"Trafo Hersteller","publisher":{"@id":"https:\/\/bre-trafo.de\/sv\/#organization"},"potentialAction":[{"@type":"SearchAction","target":{"@type":"EntryPoint","urlTemplate":"https:\/\/bre-trafo.de\/sv\/?s={search_term_string}"},"query-input":{"@type":"PropertyValueSpecification","valueRequired":true,"valueName":"search_term_string"}}],"inLanguage":"sv-SE"},{"@type":"Organization","@id":"https:\/\/bre-trafo.de\/sv\/#organization","name":"Breimer-Roth Transformatoren Erbach","url":"https:\/\/bre-trafo.de\/sv\/","logo":{"@type":"ImageObject","inLanguage":"sv-SE","@id":"https:\/\/bre-trafo.de\/sv\/#\/schema\/logo\/image\/","url":"https:\/\/bre-trafo.de\/wp-content\/uploads\/2025\/01\/Breimer-Roth-Sonderlogo_farbig.svg","contentUrl":"https:\/\/bre-trafo.de\/wp-content\/uploads\/2025\/01\/Breimer-Roth-Sonderlogo_farbig.svg","caption":"Breimer-Roth Transformatoren Erbach"},"image":{"@id":"https:\/\/bre-trafo.de\/sv\/#\/schema\/logo\/image\/"}}]}},"_links":{"self":[{"href":"https:\/\/bre-trafo.de\/sv\/wp-json\/wp\/v2\/pages\/8330","targetHints":{"allow":["GET"]}}],"collection":[{"href":"https:\/\/bre-trafo.de\/sv\/wp-json\/wp\/v2\/pages"}],"about":[{"href":"https:\/\/bre-trafo.de\/sv\/wp-json\/wp\/v2\/types\/page"}],"author":[{"embeddable":true,"href":"https:\/\/bre-trafo.de\/sv\/wp-json\/wp\/v2\/users\/6"}],"replies":[{"embeddable":true,"href":"https:\/\/bre-trafo.de\/sv\/wp-json\/wp\/v2\/comments?post=8330"}],"version-history":[{"count":1,"href":"https:\/\/bre-trafo.de\/sv\/wp-json\/wp\/v2\/pages\/8330\/revisions"}],"predecessor-version":[{"id":20224,"href":"https:\/\/bre-trafo.de\/sv\/wp-json\/wp\/v2\/pages\/8330\/revisions\/20224"}],"up":[{"embeddable":true,"href":"https:\/\/bre-trafo.de\/sv\/wp-json\/wp\/v2\/pages\/8324"}],"wp:attachment":[{"href":"https:\/\/bre-trafo.de\/sv\/wp-json\/wp\/v2\/media?parent=8330"}],"curies":[{"name":"wp","href":"https:\/\/api.w.org\/{rel}","templated":true}]}}