{"id":8324,"date":"2021-02-09T11:16:59","date_gmt":"2021-02-09T10:16:59","guid":{"rendered":"https:\/\/dev.bre-trafo.de\/naetspaenningsdrosslar-och-naetaggregat\/naetaggregat\/"},"modified":"2023-11-13T19:00:24","modified_gmt":"2023-11-13T18:00:24","slug":"naetaggregat","status":"publish","type":"page","link":"https:\/\/bre-trafo.de\/sv\/naetspaenningsdrosslar-och-naetaggregat\/naetaggregat\/","title":{"rendered":"N\u00e4taggregat"},"content":{"rendered":"","protected":false},"excerpt":{"rendered":"","protected":false},"author":12,"featured_media":0,"parent":8313,"menu_order":0,"comment_status":"closed","ping_status":"closed","template":"templates\/contentbuilder.php","meta":{"_acf_changed":false,"footnotes":""},"class_list":["post-8324","page","type-page","status-publish","hentry"],"acf":[],"yoast_head":"<!-- This site is optimized with the Yoast SEO plugin v27.5 - https:\/\/yoast.com\/product\/yoast-seo-wordpress\/ -->\n<title>Str\u00f6mf\u00f6rs\u00f6rjning: Enfas- och trefasstr\u00f6mf\u00f6rs\u00f6rjning fr\u00e5n Breimer-Roth<\/title>\n<meta name=\"description\" content=\"Hos Breimer-Roth hittar du ett stort urval av h\u00f6gkvalitativa enfas- och trefasaggregat \u2713 uppr\u00e4ttst\u00e5ende och horisontella versioner - beg\u00e4r en offert nu!\" \/>\n<meta name=\"robots\" content=\"index, follow, max-snippet:-1, max-image-preview:large, max-video-preview:-1\" \/>\n<link rel=\"canonical\" href=\"https:\/\/bre-trafo.de\/sv\/naetspaenningsdrosslar-och-naetaggregat\/naetaggregat\/\" \/>\n<meta property=\"og:locale\" content=\"sv_SE\" \/>\n<meta property=\"og:type\" content=\"article\" \/>\n<meta property=\"og:title\" content=\"Str\u00f6mf\u00f6rs\u00f6rjning: Enfas- och trefasstr\u00f6mf\u00f6rs\u00f6rjning fr\u00e5n Breimer-Roth\" \/>\n<meta property=\"og:description\" content=\"Hos Breimer-Roth hittar du ett stort urval av h\u00f6gkvalitativa enfas- och trefasaggregat \u2713 uppr\u00e4ttst\u00e5ende och horisontella versioner - beg\u00e4r en offert nu!\" \/>\n<meta property=\"og:url\" content=\"https:\/\/bre-trafo.de\/sv\/naetspaenningsdrosslar-och-naetaggregat\/naetaggregat\/\" \/>\n<meta property=\"og:site_name\" content=\"Breimer-Roth Transformatoren\" \/>\n<meta property=\"article:modified_time\" content=\"2023-11-13T18:00:24+00:00\" \/>\n<meta name=\"twitter:card\" content=\"summary_large_image\" \/>\n<script type=\"application\/ld+json\" class=\"yoast-schema-graph\">{\"@context\":\"https:\\\/\\\/schema.org\",\"@graph\":[{\"@type\":\"WebPage\",\"@id\":\"https:\\\/\\\/bre-trafo.de\\\/sv\\\/naetspaenningsdrosslar-och-naetaggregat\\\/naetaggregat\\\/\",\"url\":\"https:\\\/\\\/bre-trafo.de\\\/sv\\\/naetspaenningsdrosslar-och-naetaggregat\\\/naetaggregat\\\/\",\"name\":\"Str\u00f6mf\u00f6rs\u00f6rjning: Enfas- och trefasstr\u00f6mf\u00f6rs\u00f6rjning fr\u00e5n Breimer-Roth\",\"isPartOf\":{\"@id\":\"https:\\\/\\\/bre-trafo.de\\\/sv\\\/#website\"},\"datePublished\":\"2021-02-09T10:16:59+00:00\",\"dateModified\":\"2023-11-13T18:00:24+00:00\",\"description\":\"Hos Breimer-Roth hittar du ett stort urval av h\u00f6gkvalitativa enfas- och trefasaggregat \u2713 uppr\u00e4ttst\u00e5ende och horisontella versioner - beg\u00e4r en offert nu!\",\"breadcrumb\":{\"@id\":\"https:\\\/\\\/bre-trafo.de\\\/sv\\\/naetspaenningsdrosslar-och-naetaggregat\\\/naetaggregat\\\/#breadcrumb\"},\"inLanguage\":\"sv-SE\",\"potentialAction\":[{\"@type\":\"ReadAction\",\"target\":[\"https:\\\/\\\/bre-trafo.de\\\/sv\\\/naetspaenningsdrosslar-och-naetaggregat\\\/naetaggregat\\\/\"]}]},{\"@type\":\"BreadcrumbList\",\"@id\":\"https:\\\/\\\/bre-trafo.de\\\/sv\\\/naetspaenningsdrosslar-och-naetaggregat\\\/naetaggregat\\\/#breadcrumb\",\"itemListElement\":[{\"@type\":\"ListItem\",\"position\":1,\"name\":\"Home\",\"item\":\"https:\\\/\\\/bre-trafo.de\\\/sv\\\/hem\\\/\"},{\"@type\":\"ListItem\",\"position\":2,\"name\":\"N\u00e4tsp\u00e4nningsdrosslar och N\u00e4taggregat\",\"item\":\"https:\\\/\\\/bre-trafo.de\\\/sv\\\/naetspaenningsdrosslar-och-naetaggregat\\\/\"},{\"@type\":\"ListItem\",\"position\":3,\"name\":\"N\u00e4taggregat\"}]},{\"@type\":\"WebSite\",\"@id\":\"https:\\\/\\\/bre-trafo.de\\\/sv\\\/#website\",\"url\":\"https:\\\/\\\/bre-trafo.de\\\/sv\\\/\",\"name\":\"Breimer-Roth Transformatoren\",\"description\":\"Trafo Hersteller\",\"publisher\":{\"@id\":\"https:\\\/\\\/bre-trafo.de\\\/sv\\\/#organization\"},\"potentialAction\":[{\"@type\":\"SearchAction\",\"target\":{\"@type\":\"EntryPoint\",\"urlTemplate\":\"https:\\\/\\\/bre-trafo.de\\\/sv\\\/?s={search_term_string}\"},\"query-input\":{\"@type\":\"PropertyValueSpecification\",\"valueRequired\":true,\"valueName\":\"search_term_string\"}}],\"inLanguage\":\"sv-SE\"},{\"@type\":\"Organization\",\"@id\":\"https:\\\/\\\/bre-trafo.de\\\/sv\\\/#organization\",\"name\":\"Breimer-Roth Transformatoren Erbach\",\"url\":\"https:\\\/\\\/bre-trafo.de\\\/sv\\\/\",\"logo\":{\"@type\":\"ImageObject\",\"inLanguage\":\"sv-SE\",\"@id\":\"https:\\\/\\\/bre-trafo.de\\\/sv\\\/#\\\/schema\\\/logo\\\/image\\\/\",\"url\":\"https:\\\/\\\/bre-trafo.de\\\/wp-content\\\/uploads\\\/2025\\\/01\\\/Breimer-Roth-Sonderlogo_farbig.svg\",\"contentUrl\":\"https:\\\/\\\/bre-trafo.de\\\/wp-content\\\/uploads\\\/2025\\\/01\\\/Breimer-Roth-Sonderlogo_farbig.svg\",\"caption\":\"Breimer-Roth Transformatoren Erbach\"},\"image\":{\"@id\":\"https:\\\/\\\/bre-trafo.de\\\/sv\\\/#\\\/schema\\\/logo\\\/image\\\/\"}}]}<\/script>\n<!-- \/ Yoast SEO plugin. -->","yoast_head_json":{"title":"Str\u00f6mf\u00f6rs\u00f6rjning: Enfas- och trefasstr\u00f6mf\u00f6rs\u00f6rjning fr\u00e5n Breimer-Roth","description":"Hos Breimer-Roth hittar du ett stort urval av h\u00f6gkvalitativa enfas- och trefasaggregat \u2713 uppr\u00e4ttst\u00e5ende och horisontella versioner - beg\u00e4r en offert nu!","robots":{"index":"index","follow":"follow","max-snippet":"max-snippet:-1","max-image-preview":"max-image-preview:large","max-video-preview":"max-video-preview:-1"},"canonical":"https:\/\/bre-trafo.de\/sv\/naetspaenningsdrosslar-och-naetaggregat\/naetaggregat\/","og_locale":"sv_SE","og_type":"article","og_title":"Str\u00f6mf\u00f6rs\u00f6rjning: Enfas- och trefasstr\u00f6mf\u00f6rs\u00f6rjning fr\u00e5n Breimer-Roth","og_description":"Hos Breimer-Roth hittar du ett stort urval av h\u00f6gkvalitativa enfas- och trefasaggregat \u2713 uppr\u00e4ttst\u00e5ende och horisontella versioner - beg\u00e4r en offert nu!","og_url":"https:\/\/bre-trafo.de\/sv\/naetspaenningsdrosslar-och-naetaggregat\/naetaggregat\/","og_site_name":"Breimer-Roth Transformatoren","article_modified_time":"2023-11-13T18:00:24+00:00","twitter_card":"summary_large_image","schema":{"@context":"https:\/\/schema.org","@graph":[{"@type":"WebPage","@id":"https:\/\/bre-trafo.de\/sv\/naetspaenningsdrosslar-och-naetaggregat\/naetaggregat\/","url":"https:\/\/bre-trafo.de\/sv\/naetspaenningsdrosslar-och-naetaggregat\/naetaggregat\/","name":"Str\u00f6mf\u00f6rs\u00f6rjning: Enfas- och trefasstr\u00f6mf\u00f6rs\u00f6rjning fr\u00e5n Breimer-Roth","isPartOf":{"@id":"https:\/\/bre-trafo.de\/sv\/#website"},"datePublished":"2021-02-09T10:16:59+00:00","dateModified":"2023-11-13T18:00:24+00:00","description":"Hos Breimer-Roth hittar du ett stort urval av h\u00f6gkvalitativa enfas- och trefasaggregat \u2713 uppr\u00e4ttst\u00e5ende och horisontella versioner - beg\u00e4r en offert nu!","breadcrumb":{"@id":"https:\/\/bre-trafo.de\/sv\/naetspaenningsdrosslar-och-naetaggregat\/naetaggregat\/#breadcrumb"},"inLanguage":"sv-SE","potentialAction":[{"@type":"ReadAction","target":["https:\/\/bre-trafo.de\/sv\/naetspaenningsdrosslar-och-naetaggregat\/naetaggregat\/"]}]},{"@type":"BreadcrumbList","@id":"https:\/\/bre-trafo.de\/sv\/naetspaenningsdrosslar-och-naetaggregat\/naetaggregat\/#breadcrumb","itemListElement":[{"@type":"ListItem","position":1,"name":"Home","item":"https:\/\/bre-trafo.de\/sv\/hem\/"},{"@type":"ListItem","position":2,"name":"N\u00e4tsp\u00e4nningsdrosslar och N\u00e4taggregat","item":"https:\/\/bre-trafo.de\/sv\/naetspaenningsdrosslar-och-naetaggregat\/"},{"@type":"ListItem","position":3,"name":"N\u00e4taggregat"}]},{"@type":"WebSite","@id":"https:\/\/bre-trafo.de\/sv\/#website","url":"https:\/\/bre-trafo.de\/sv\/","name":"Breimer-Roth Transformatoren","description":"Trafo Hersteller","publisher":{"@id":"https:\/\/bre-trafo.de\/sv\/#organization"},"potentialAction":[{"@type":"SearchAction","target":{"@type":"EntryPoint","urlTemplate":"https:\/\/bre-trafo.de\/sv\/?s={search_term_string}"},"query-input":{"@type":"PropertyValueSpecification","valueRequired":true,"valueName":"search_term_string"}}],"inLanguage":"sv-SE"},{"@type":"Organization","@id":"https:\/\/bre-trafo.de\/sv\/#organization","name":"Breimer-Roth Transformatoren Erbach","url":"https:\/\/bre-trafo.de\/sv\/","logo":{"@type":"ImageObject","inLanguage":"sv-SE","@id":"https:\/\/bre-trafo.de\/sv\/#\/schema\/logo\/image\/","url":"https:\/\/bre-trafo.de\/wp-content\/uploads\/2025\/01\/Breimer-Roth-Sonderlogo_farbig.svg","contentUrl":"https:\/\/bre-trafo.de\/wp-content\/uploads\/2025\/01\/Breimer-Roth-Sonderlogo_farbig.svg","caption":"Breimer-Roth Transformatoren Erbach"},"image":{"@id":"https:\/\/bre-trafo.de\/sv\/#\/schema\/logo\/image\/"}}]}},"_links":{"self":[{"href":"https:\/\/bre-trafo.de\/sv\/wp-json\/wp\/v2\/pages\/8324","targetHints":{"allow":["GET"]}}],"collection":[{"href":"https:\/\/bre-trafo.de\/sv\/wp-json\/wp\/v2\/pages"}],"about":[{"href":"https:\/\/bre-trafo.de\/sv\/wp-json\/wp\/v2\/types\/page"}],"author":[{"embeddable":true,"href":"https:\/\/bre-trafo.de\/sv\/wp-json\/wp\/v2\/users\/12"}],"replies":[{"embeddable":true,"href":"https:\/\/bre-trafo.de\/sv\/wp-json\/wp\/v2\/comments?post=8324"}],"version-history":[{"count":2,"href":"https:\/\/bre-trafo.de\/sv\/wp-json\/wp\/v2\/pages\/8324\/revisions"}],"predecessor-version":[{"id":8748,"href":"https:\/\/bre-trafo.de\/sv\/wp-json\/wp\/v2\/pages\/8324\/revisions\/8748"}],"up":[{"embeddable":true,"href":"https:\/\/bre-trafo.de\/sv\/wp-json\/wp\/v2\/pages\/8313"}],"wp:attachment":[{"href":"https:\/\/bre-trafo.de\/sv\/wp-json\/wp\/v2\/media?parent=8324"}],"curies":[{"name":"wp","href":"https:\/\/api.w.org\/{rel}","templated":true}]}}