{"id":8317,"date":"2018-05-02T11:27:38","date_gmt":"2018-05-02T09:27:38","guid":{"rendered":"https:\/\/dev.bre-trafo.de\/naetspaenningsdrosslar-och-naetaggregat\/naetspaenningsdrosslar\/trefas-naetdrossel-4-bdnd-4\/"},"modified":"2025-10-16T17:44:47","modified_gmt":"2025-10-16T15:44:47","slug":"trefas-naetdrossel-4-bdnd-4","status":"publish","type":"page","link":"https:\/\/bre-trafo.de\/sv\/naetspaenningsdrosslar-och-naetaggregat\/naetspaenningsdrosslar\/trefas-naetdrossel-4-bdnd-4\/","title":{"rendered":"Trefas n\u00e4tdrossel 4% BDND 4"},"content":{"rendered":"","protected":false},"excerpt":{"rendered":"","protected":false},"author":6,"featured_media":0,"parent":8314,"menu_order":0,"comment_status":"closed","ping_status":"closed","template":"templates\/contentbuilder.php","meta":{"_acf_changed":false,"footnotes":""},"class_list":["post-8317","page","type-page","status-publish","hentry"],"acf":[],"yoast_head":"<!-- This site is optimized with the Yoast SEO plugin v27.3 - https:\/\/yoast.com\/product\/yoast-seo-wordpress\/ -->\n<title>Trefas n\u00e4tdrossel 4% BDND 4 | Breimer-Roth<\/title>\n<meta name=\"description\" content=\"BDND 4 Trefas n\u00e4tdrossel f\u00f6r str\u00f6mbegr\u00e4nsning eller d\u00e4mpning av n\u00e4tst\u00f6rningar \u2794 4% sp\u00e4nningsfall \u2714 M\u00e4rkfrekvens 50 Hz \u2714 2 - 500 A \u2714.\" \/>\n<meta name=\"robots\" content=\"index, follow, max-snippet:-1, max-image-preview:large, max-video-preview:-1\" \/>\n<link rel=\"canonical\" href=\"https:\/\/bre-trafo.de\/sv\/naetspaenningsdrosslar-och-naetaggregat\/naetspaenningsdrosslar\/trefas-naetdrossel-4-bdnd-4\/\" \/>\n<meta property=\"og:locale\" content=\"sv_SE\" \/>\n<meta property=\"og:type\" content=\"article\" \/>\n<meta property=\"og:title\" content=\"Trefas n\u00e4tdrossel 4% BDND 4 | Breimer-Roth\" \/>\n<meta property=\"og:description\" content=\"BDND 4 Trefas n\u00e4tdrossel f\u00f6r str\u00f6mbegr\u00e4nsning eller d\u00e4mpning av n\u00e4tst\u00f6rningar \u2794 4% sp\u00e4nningsfall \u2714 M\u00e4rkfrekvens 50 Hz \u2714 2 - 500 A \u2714.\" \/>\n<meta property=\"og:url\" content=\"https:\/\/bre-trafo.de\/sv\/naetspaenningsdrosslar-och-naetaggregat\/naetspaenningsdrosslar\/trefas-naetdrossel-4-bdnd-4\/\" \/>\n<meta property=\"og:site_name\" content=\"Breimer-Roth Transformatoren\" \/>\n<meta property=\"article:modified_time\" content=\"2025-10-16T15:44:47+00:00\" \/>\n<meta name=\"twitter:card\" content=\"summary_large_image\" \/>\n<script type=\"application\/ld+json\" class=\"yoast-schema-graph\">{\"@context\":\"https:\\\/\\\/schema.org\",\"@graph\":[{\"@type\":\"WebPage\",\"@id\":\"https:\\\/\\\/bre-trafo.de\\\/sv\\\/naetspaenningsdrosslar-och-naetaggregat\\\/naetspaenningsdrosslar\\\/trefas-naetdrossel-4-bdnd-4\\\/\",\"url\":\"https:\\\/\\\/bre-trafo.de\\\/sv\\\/naetspaenningsdrosslar-och-naetaggregat\\\/naetspaenningsdrosslar\\\/trefas-naetdrossel-4-bdnd-4\\\/\",\"name\":\"Trefas n\u00e4tdrossel 4% BDND 4 | Breimer-Roth\",\"isPartOf\":{\"@id\":\"https:\\\/\\\/bre-trafo.de\\\/sv\\\/#website\"},\"datePublished\":\"2018-05-02T09:27:38+00:00\",\"dateModified\":\"2025-10-16T15:44:47+00:00\",\"description\":\"BDND 4 Trefas n\u00e4tdrossel f\u00f6r str\u00f6mbegr\u00e4nsning eller d\u00e4mpning av n\u00e4tst\u00f6rningar \u2794 4% sp\u00e4nningsfall \u2714 M\u00e4rkfrekvens 50 Hz \u2714 2 - 500 A \u2714.\",\"breadcrumb\":{\"@id\":\"https:\\\/\\\/bre-trafo.de\\\/sv\\\/naetspaenningsdrosslar-och-naetaggregat\\\/naetspaenningsdrosslar\\\/trefas-naetdrossel-4-bdnd-4\\\/#breadcrumb\"},\"inLanguage\":\"sv-SE\",\"potentialAction\":[{\"@type\":\"ReadAction\",\"target\":[\"https:\\\/\\\/bre-trafo.de\\\/sv\\\/naetspaenningsdrosslar-och-naetaggregat\\\/naetspaenningsdrosslar\\\/trefas-naetdrossel-4-bdnd-4\\\/\"]}]},{\"@type\":\"BreadcrumbList\",\"@id\":\"https:\\\/\\\/bre-trafo.de\\\/sv\\\/naetspaenningsdrosslar-och-naetaggregat\\\/naetspaenningsdrosslar\\\/trefas-naetdrossel-4-bdnd-4\\\/#breadcrumb\",\"itemListElement\":[{\"@type\":\"ListItem\",\"position\":1,\"name\":\"Home\",\"item\":\"https:\\\/\\\/bre-trafo.de\\\/sv\\\/hem\\\/\"},{\"@type\":\"ListItem\",\"position\":2,\"name\":\"N\u00e4tsp\u00e4nningsdrosslar och N\u00e4taggregat\",\"item\":\"https:\\\/\\\/bre-trafo.de\\\/sv\\\/naetspaenningsdrosslar-och-naetaggregat\\\/\"},{\"@type\":\"ListItem\",\"position\":3,\"name\":\"N\u00e4tsp\u00e4nningsdrosslar\",\"item\":\"https:\\\/\\\/bre-trafo.de\\\/sv\\\/naetspaenningsdrosslar-och-naetaggregat\\\/naetspaenningsdrosslar\\\/\"},{\"@type\":\"ListItem\",\"position\":4,\"name\":\"Trefas n\u00e4tdrossel 4% BDND 4\"}]},{\"@type\":\"WebSite\",\"@id\":\"https:\\\/\\\/bre-trafo.de\\\/sv\\\/#website\",\"url\":\"https:\\\/\\\/bre-trafo.de\\\/sv\\\/\",\"name\":\"Breimer-Roth Transformatoren\",\"description\":\"Trafo Hersteller\",\"publisher\":{\"@id\":\"https:\\\/\\\/bre-trafo.de\\\/sv\\\/#organization\"},\"potentialAction\":[{\"@type\":\"SearchAction\",\"target\":{\"@type\":\"EntryPoint\",\"urlTemplate\":\"https:\\\/\\\/bre-trafo.de\\\/sv\\\/?s={search_term_string}\"},\"query-input\":{\"@type\":\"PropertyValueSpecification\",\"valueRequired\":true,\"valueName\":\"search_term_string\"}}],\"inLanguage\":\"sv-SE\"},{\"@type\":\"Organization\",\"@id\":\"https:\\\/\\\/bre-trafo.de\\\/sv\\\/#organization\",\"name\":\"Breimer-Roth Transformatoren Erbach\",\"url\":\"https:\\\/\\\/bre-trafo.de\\\/sv\\\/\",\"logo\":{\"@type\":\"ImageObject\",\"inLanguage\":\"sv-SE\",\"@id\":\"https:\\\/\\\/bre-trafo.de\\\/sv\\\/#\\\/schema\\\/logo\\\/image\\\/\",\"url\":\"https:\\\/\\\/bre-trafo.de\\\/wp-content\\\/uploads\\\/2025\\\/01\\\/Breimer-Roth-Sonderlogo_farbig.svg\",\"contentUrl\":\"https:\\\/\\\/bre-trafo.de\\\/wp-content\\\/uploads\\\/2025\\\/01\\\/Breimer-Roth-Sonderlogo_farbig.svg\",\"caption\":\"Breimer-Roth Transformatoren Erbach\"},\"image\":{\"@id\":\"https:\\\/\\\/bre-trafo.de\\\/sv\\\/#\\\/schema\\\/logo\\\/image\\\/\"}}]}<\/script>\n<!-- \/ Yoast SEO plugin. -->","yoast_head_json":{"title":"Trefas n\u00e4tdrossel 4% BDND 4 | Breimer-Roth","description":"BDND 4 Trefas n\u00e4tdrossel f\u00f6r str\u00f6mbegr\u00e4nsning eller d\u00e4mpning av n\u00e4tst\u00f6rningar \u2794 4% sp\u00e4nningsfall \u2714 M\u00e4rkfrekvens 50 Hz \u2714 2 - 500 A \u2714.","robots":{"index":"index","follow":"follow","max-snippet":"max-snippet:-1","max-image-preview":"max-image-preview:large","max-video-preview":"max-video-preview:-1"},"canonical":"https:\/\/bre-trafo.de\/sv\/naetspaenningsdrosslar-och-naetaggregat\/naetspaenningsdrosslar\/trefas-naetdrossel-4-bdnd-4\/","og_locale":"sv_SE","og_type":"article","og_title":"Trefas n\u00e4tdrossel 4% BDND 4 | Breimer-Roth","og_description":"BDND 4 Trefas n\u00e4tdrossel f\u00f6r str\u00f6mbegr\u00e4nsning eller d\u00e4mpning av n\u00e4tst\u00f6rningar \u2794 4% sp\u00e4nningsfall \u2714 M\u00e4rkfrekvens 50 Hz \u2714 2 - 500 A \u2714.","og_url":"https:\/\/bre-trafo.de\/sv\/naetspaenningsdrosslar-och-naetaggregat\/naetspaenningsdrosslar\/trefas-naetdrossel-4-bdnd-4\/","og_site_name":"Breimer-Roth Transformatoren","article_modified_time":"2025-10-16T15:44:47+00:00","twitter_card":"summary_large_image","schema":{"@context":"https:\/\/schema.org","@graph":[{"@type":"WebPage","@id":"https:\/\/bre-trafo.de\/sv\/naetspaenningsdrosslar-och-naetaggregat\/naetspaenningsdrosslar\/trefas-naetdrossel-4-bdnd-4\/","url":"https:\/\/bre-trafo.de\/sv\/naetspaenningsdrosslar-och-naetaggregat\/naetspaenningsdrosslar\/trefas-naetdrossel-4-bdnd-4\/","name":"Trefas n\u00e4tdrossel 4% BDND 4 | Breimer-Roth","isPartOf":{"@id":"https:\/\/bre-trafo.de\/sv\/#website"},"datePublished":"2018-05-02T09:27:38+00:00","dateModified":"2025-10-16T15:44:47+00:00","description":"BDND 4 Trefas n\u00e4tdrossel f\u00f6r str\u00f6mbegr\u00e4nsning eller d\u00e4mpning av n\u00e4tst\u00f6rningar \u2794 4% sp\u00e4nningsfall \u2714 M\u00e4rkfrekvens 50 Hz \u2714 2 - 500 A \u2714.","breadcrumb":{"@id":"https:\/\/bre-trafo.de\/sv\/naetspaenningsdrosslar-och-naetaggregat\/naetspaenningsdrosslar\/trefas-naetdrossel-4-bdnd-4\/#breadcrumb"},"inLanguage":"sv-SE","potentialAction":[{"@type":"ReadAction","target":["https:\/\/bre-trafo.de\/sv\/naetspaenningsdrosslar-och-naetaggregat\/naetspaenningsdrosslar\/trefas-naetdrossel-4-bdnd-4\/"]}]},{"@type":"BreadcrumbList","@id":"https:\/\/bre-trafo.de\/sv\/naetspaenningsdrosslar-och-naetaggregat\/naetspaenningsdrosslar\/trefas-naetdrossel-4-bdnd-4\/#breadcrumb","itemListElement":[{"@type":"ListItem","position":1,"name":"Home","item":"https:\/\/bre-trafo.de\/sv\/hem\/"},{"@type":"ListItem","position":2,"name":"N\u00e4tsp\u00e4nningsdrosslar och N\u00e4taggregat","item":"https:\/\/bre-trafo.de\/sv\/naetspaenningsdrosslar-och-naetaggregat\/"},{"@type":"ListItem","position":3,"name":"N\u00e4tsp\u00e4nningsdrosslar","item":"https:\/\/bre-trafo.de\/sv\/naetspaenningsdrosslar-och-naetaggregat\/naetspaenningsdrosslar\/"},{"@type":"ListItem","position":4,"name":"Trefas n\u00e4tdrossel 4% BDND 4"}]},{"@type":"WebSite","@id":"https:\/\/bre-trafo.de\/sv\/#website","url":"https:\/\/bre-trafo.de\/sv\/","name":"Breimer-Roth Transformatoren","description":"Trafo Hersteller","publisher":{"@id":"https:\/\/bre-trafo.de\/sv\/#organization"},"potentialAction":[{"@type":"SearchAction","target":{"@type":"EntryPoint","urlTemplate":"https:\/\/bre-trafo.de\/sv\/?s={search_term_string}"},"query-input":{"@type":"PropertyValueSpecification","valueRequired":true,"valueName":"search_term_string"}}],"inLanguage":"sv-SE"},{"@type":"Organization","@id":"https:\/\/bre-trafo.de\/sv\/#organization","name":"Breimer-Roth Transformatoren Erbach","url":"https:\/\/bre-trafo.de\/sv\/","logo":{"@type":"ImageObject","inLanguage":"sv-SE","@id":"https:\/\/bre-trafo.de\/sv\/#\/schema\/logo\/image\/","url":"https:\/\/bre-trafo.de\/wp-content\/uploads\/2025\/01\/Breimer-Roth-Sonderlogo_farbig.svg","contentUrl":"https:\/\/bre-trafo.de\/wp-content\/uploads\/2025\/01\/Breimer-Roth-Sonderlogo_farbig.svg","caption":"Breimer-Roth Transformatoren Erbach"},"image":{"@id":"https:\/\/bre-trafo.de\/sv\/#\/schema\/logo\/image\/"}}]}},"_links":{"self":[{"href":"https:\/\/bre-trafo.de\/sv\/wp-json\/wp\/v2\/pages\/8317","targetHints":{"allow":["GET"]}}],"collection":[{"href":"https:\/\/bre-trafo.de\/sv\/wp-json\/wp\/v2\/pages"}],"about":[{"href":"https:\/\/bre-trafo.de\/sv\/wp-json\/wp\/v2\/types\/page"}],"author":[{"embeddable":true,"href":"https:\/\/bre-trafo.de\/sv\/wp-json\/wp\/v2\/users\/6"}],"replies":[{"embeddable":true,"href":"https:\/\/bre-trafo.de\/sv\/wp-json\/wp\/v2\/comments?post=8317"}],"version-history":[{"count":1,"href":"https:\/\/bre-trafo.de\/sv\/wp-json\/wp\/v2\/pages\/8317\/revisions"}],"predecessor-version":[{"id":20060,"href":"https:\/\/bre-trafo.de\/sv\/wp-json\/wp\/v2\/pages\/8317\/revisions\/20060"}],"up":[{"embeddable":true,"href":"https:\/\/bre-trafo.de\/sv\/wp-json\/wp\/v2\/pages\/8314"}],"wp:attachment":[{"href":"https:\/\/bre-trafo.de\/sv\/wp-json\/wp\/v2\/media?parent=8317"}],"curies":[{"name":"wp","href":"https:\/\/api.w.org\/{rel}","templated":true}]}}