{"id":10574,"date":"2025-03-20T12:03:16","date_gmt":"2025-03-20T11:03:16","guid":{"rendered":"https:\/\/bre-trafo.de\/?page_id=10574"},"modified":"2025-05-26T09:56:03","modified_gmt":"2025-05-26T07:56:03","slug":"spaenningskaella-foer-att-testa-likriktardioder","status":"publish","type":"page","link":"https:\/\/bre-trafo.de\/sv\/oevriga-produkter-och-tillbehoer\/spaenningskaella-foer-att-testa-likriktardioder\/","title":{"rendered":"Sp\u00e4nningsk\u00e4lla f\u00f6r test av likriktardioder"},"content":{"rendered":"","protected":false},"excerpt":{"rendered":"","protected":false},"author":15,"featured_media":0,"parent":8437,"menu_order":0,"comment_status":"closed","ping_status":"closed","template":"templates\/contentbuilder.php","meta":{"_acf_changed":false,"footnotes":""},"class_list":["post-10574","page","type-page","status-publish","hentry"],"acf":[],"yoast_head":"<!-- This site is optimized with the Yoast SEO plugin v27.3 - https:\/\/yoast.com\/product\/yoast-seo-wordpress\/ -->\n<title>Sp\u00e4nningsk\u00e4lla f\u00f6r test av likriktardioder - Breimer-Roth Transformatoren<\/title>\n<meta name=\"robots\" content=\"index, follow, max-snippet:-1, max-image-preview:large, max-video-preview:-1\" \/>\n<link rel=\"canonical\" href=\"https:\/\/bre-trafo.de\/sv\/oevriga-produkter-och-tillbehoer\/spaenningskaella-foer-att-testa-likriktardioder\/\" \/>\n<meta property=\"og:locale\" content=\"sv_SE\" \/>\n<meta property=\"og:type\" content=\"article\" \/>\n<meta property=\"og:title\" content=\"Sp\u00e4nningsk\u00e4lla f\u00f6r test av likriktardioder - Breimer-Roth Transformatoren\" \/>\n<meta property=\"og:url\" content=\"https:\/\/bre-trafo.de\/sv\/oevriga-produkter-och-tillbehoer\/spaenningskaella-foer-att-testa-likriktardioder\/\" \/>\n<meta property=\"og:site_name\" content=\"Breimer-Roth Transformatoren\" \/>\n<meta property=\"article:modified_time\" content=\"2025-05-26T07:56:03+00:00\" \/>\n<meta name=\"twitter:card\" content=\"summary_large_image\" \/>\n<script type=\"application\/ld+json\" class=\"yoast-schema-graph\">{\"@context\":\"https:\\\/\\\/schema.org\",\"@graph\":[{\"@type\":\"WebPage\",\"@id\":\"https:\\\/\\\/bre-trafo.de\\\/sv\\\/oevriga-produkter-och-tillbehoer\\\/spaenningskaella-foer-att-testa-likriktardioder\\\/\",\"url\":\"https:\\\/\\\/bre-trafo.de\\\/sv\\\/oevriga-produkter-och-tillbehoer\\\/spaenningskaella-foer-att-testa-likriktardioder\\\/\",\"name\":\"Sp\u00e4nningsk\u00e4lla f\u00f6r test av likriktardioder - Breimer-Roth Transformatoren\",\"isPartOf\":{\"@id\":\"https:\\\/\\\/bre-trafo.de\\\/sv\\\/#website\"},\"datePublished\":\"2025-03-20T11:03:16+00:00\",\"dateModified\":\"2025-05-26T07:56:03+00:00\",\"breadcrumb\":{\"@id\":\"https:\\\/\\\/bre-trafo.de\\\/sv\\\/oevriga-produkter-och-tillbehoer\\\/spaenningskaella-foer-att-testa-likriktardioder\\\/#breadcrumb\"},\"inLanguage\":\"sv-SE\",\"potentialAction\":[{\"@type\":\"ReadAction\",\"target\":[\"https:\\\/\\\/bre-trafo.de\\\/sv\\\/oevriga-produkter-och-tillbehoer\\\/spaenningskaella-foer-att-testa-likriktardioder\\\/\"]}]},{\"@type\":\"BreadcrumbList\",\"@id\":\"https:\\\/\\\/bre-trafo.de\\\/sv\\\/oevriga-produkter-och-tillbehoer\\\/spaenningskaella-foer-att-testa-likriktardioder\\\/#breadcrumb\",\"itemListElement\":[{\"@type\":\"ListItem\",\"position\":1,\"name\":\"Home\",\"item\":\"https:\\\/\\\/bre-trafo.de\\\/sv\\\/hem\\\/\"},{\"@type\":\"ListItem\",\"position\":2,\"name\":\"\u00d6vriga produkter och tillbeh\u00f6r\",\"item\":\"https:\\\/\\\/bre-trafo.de\\\/sv\\\/oevriga-produkter-och-tillbehoer\\\/\"},{\"@type\":\"ListItem\",\"position\":3,\"name\":\"Sp\u00e4nningsk\u00e4lla f\u00f6r test av likriktardioder\"}]},{\"@type\":\"WebSite\",\"@id\":\"https:\\\/\\\/bre-trafo.de\\\/sv\\\/#website\",\"url\":\"https:\\\/\\\/bre-trafo.de\\\/sv\\\/\",\"name\":\"Breimer-Roth Transformatoren\",\"description\":\"Trafo Hersteller\",\"publisher\":{\"@id\":\"https:\\\/\\\/bre-trafo.de\\\/sv\\\/#organization\"},\"potentialAction\":[{\"@type\":\"SearchAction\",\"target\":{\"@type\":\"EntryPoint\",\"urlTemplate\":\"https:\\\/\\\/bre-trafo.de\\\/sv\\\/?s={search_term_string}\"},\"query-input\":{\"@type\":\"PropertyValueSpecification\",\"valueRequired\":true,\"valueName\":\"search_term_string\"}}],\"inLanguage\":\"sv-SE\"},{\"@type\":\"Organization\",\"@id\":\"https:\\\/\\\/bre-trafo.de\\\/sv\\\/#organization\",\"name\":\"Breimer-Roth Transformatoren Erbach\",\"url\":\"https:\\\/\\\/bre-trafo.de\\\/sv\\\/\",\"logo\":{\"@type\":\"ImageObject\",\"inLanguage\":\"sv-SE\",\"@id\":\"https:\\\/\\\/bre-trafo.de\\\/sv\\\/#\\\/schema\\\/logo\\\/image\\\/\",\"url\":\"https:\\\/\\\/bre-trafo.de\\\/wp-content\\\/uploads\\\/2025\\\/01\\\/Breimer-Roth-Sonderlogo_farbig.svg\",\"contentUrl\":\"https:\\\/\\\/bre-trafo.de\\\/wp-content\\\/uploads\\\/2025\\\/01\\\/Breimer-Roth-Sonderlogo_farbig.svg\",\"caption\":\"Breimer-Roth Transformatoren Erbach\"},\"image\":{\"@id\":\"https:\\\/\\\/bre-trafo.de\\\/sv\\\/#\\\/schema\\\/logo\\\/image\\\/\"}}]}<\/script>\n<!-- \/ Yoast SEO plugin. -->","yoast_head_json":{"title":"Sp\u00e4nningsk\u00e4lla f\u00f6r test av likriktardioder - Breimer-Roth Transformatoren","robots":{"index":"index","follow":"follow","max-snippet":"max-snippet:-1","max-image-preview":"max-image-preview:large","max-video-preview":"max-video-preview:-1"},"canonical":"https:\/\/bre-trafo.de\/sv\/oevriga-produkter-och-tillbehoer\/spaenningskaella-foer-att-testa-likriktardioder\/","og_locale":"sv_SE","og_type":"article","og_title":"Sp\u00e4nningsk\u00e4lla f\u00f6r test av likriktardioder - Breimer-Roth Transformatoren","og_url":"https:\/\/bre-trafo.de\/sv\/oevriga-produkter-och-tillbehoer\/spaenningskaella-foer-att-testa-likriktardioder\/","og_site_name":"Breimer-Roth Transformatoren","article_modified_time":"2025-05-26T07:56:03+00:00","twitter_card":"summary_large_image","schema":{"@context":"https:\/\/schema.org","@graph":[{"@type":"WebPage","@id":"https:\/\/bre-trafo.de\/sv\/oevriga-produkter-och-tillbehoer\/spaenningskaella-foer-att-testa-likriktardioder\/","url":"https:\/\/bre-trafo.de\/sv\/oevriga-produkter-och-tillbehoer\/spaenningskaella-foer-att-testa-likriktardioder\/","name":"Sp\u00e4nningsk\u00e4lla f\u00f6r test av likriktardioder - Breimer-Roth Transformatoren","isPartOf":{"@id":"https:\/\/bre-trafo.de\/sv\/#website"},"datePublished":"2025-03-20T11:03:16+00:00","dateModified":"2025-05-26T07:56:03+00:00","breadcrumb":{"@id":"https:\/\/bre-trafo.de\/sv\/oevriga-produkter-och-tillbehoer\/spaenningskaella-foer-att-testa-likriktardioder\/#breadcrumb"},"inLanguage":"sv-SE","potentialAction":[{"@type":"ReadAction","target":["https:\/\/bre-trafo.de\/sv\/oevriga-produkter-och-tillbehoer\/spaenningskaella-foer-att-testa-likriktardioder\/"]}]},{"@type":"BreadcrumbList","@id":"https:\/\/bre-trafo.de\/sv\/oevriga-produkter-och-tillbehoer\/spaenningskaella-foer-att-testa-likriktardioder\/#breadcrumb","itemListElement":[{"@type":"ListItem","position":1,"name":"Home","item":"https:\/\/bre-trafo.de\/sv\/hem\/"},{"@type":"ListItem","position":2,"name":"\u00d6vriga produkter och tillbeh\u00f6r","item":"https:\/\/bre-trafo.de\/sv\/oevriga-produkter-och-tillbehoer\/"},{"@type":"ListItem","position":3,"name":"Sp\u00e4nningsk\u00e4lla f\u00f6r test av likriktardioder"}]},{"@type":"WebSite","@id":"https:\/\/bre-trafo.de\/sv\/#website","url":"https:\/\/bre-trafo.de\/sv\/","name":"Breimer-Roth Transformatoren","description":"Trafo Hersteller","publisher":{"@id":"https:\/\/bre-trafo.de\/sv\/#organization"},"potentialAction":[{"@type":"SearchAction","target":{"@type":"EntryPoint","urlTemplate":"https:\/\/bre-trafo.de\/sv\/?s={search_term_string}"},"query-input":{"@type":"PropertyValueSpecification","valueRequired":true,"valueName":"search_term_string"}}],"inLanguage":"sv-SE"},{"@type":"Organization","@id":"https:\/\/bre-trafo.de\/sv\/#organization","name":"Breimer-Roth Transformatoren Erbach","url":"https:\/\/bre-trafo.de\/sv\/","logo":{"@type":"ImageObject","inLanguage":"sv-SE","@id":"https:\/\/bre-trafo.de\/sv\/#\/schema\/logo\/image\/","url":"https:\/\/bre-trafo.de\/wp-content\/uploads\/2025\/01\/Breimer-Roth-Sonderlogo_farbig.svg","contentUrl":"https:\/\/bre-trafo.de\/wp-content\/uploads\/2025\/01\/Breimer-Roth-Sonderlogo_farbig.svg","caption":"Breimer-Roth Transformatoren Erbach"},"image":{"@id":"https:\/\/bre-trafo.de\/sv\/#\/schema\/logo\/image\/"}}]}},"_links":{"self":[{"href":"https:\/\/bre-trafo.de\/sv\/wp-json\/wp\/v2\/pages\/10574","targetHints":{"allow":["GET"]}}],"collection":[{"href":"https:\/\/bre-trafo.de\/sv\/wp-json\/wp\/v2\/pages"}],"about":[{"href":"https:\/\/bre-trafo.de\/sv\/wp-json\/wp\/v2\/types\/page"}],"author":[{"embeddable":true,"href":"https:\/\/bre-trafo.de\/sv\/wp-json\/wp\/v2\/users\/15"}],"replies":[{"embeddable":true,"href":"https:\/\/bre-trafo.de\/sv\/wp-json\/wp\/v2\/comments?post=10574"}],"version-history":[{"count":3,"href":"https:\/\/bre-trafo.de\/sv\/wp-json\/wp\/v2\/pages\/10574\/revisions"}],"predecessor-version":[{"id":21036,"href":"https:\/\/bre-trafo.de\/sv\/wp-json\/wp\/v2\/pages\/10574\/revisions\/21036"}],"up":[{"embeddable":true,"href":"https:\/\/bre-trafo.de\/sv\/wp-json\/wp\/v2\/pages\/8437"}],"wp:attachment":[{"href":"https:\/\/bre-trafo.de\/sv\/wp-json\/wp\/v2\/media?parent=10574"}],"curies":[{"name":"wp","href":"https:\/\/api.w.org\/{rel}","templated":true}]}}