{"id":18698,"date":"2018-03-13T13:53:15","date_gmt":"2018-03-13T12:53:15","guid":{"rendered":"https:\/\/bre-trafo.de\/condicoes-de-venda-e-de-entrega\/"},"modified":"2025-10-16T17:18:38","modified_gmt":"2025-10-16T15:18:38","slug":"condicoes-de-venda-e-de-entrega","status":"publish","type":"page","link":"https:\/\/bre-trafo.de\/pt\/condicoes-de-venda-e-de-entrega\/","title":{"rendered":"Condi\u00e7\u00f5es de venda e de entrega"},"content":{"rendered":"","protected":false},"excerpt":{"rendered":"","protected":false},"author":6,"featured_media":0,"parent":0,"menu_order":0,"comment_status":"closed","ping_status":"closed","template":"templates\/contentbuilder.php","meta":{"_acf_changed":false,"footnotes":""},"class_list":["post-18698","page","type-page","status-publish","hentry"],"acf":[],"yoast_head":"<!-- This site is optimized with the Yoast SEO plugin v27.5 - https:\/\/yoast.com\/product\/yoast-seo-wordpress\/ -->\n<title>Condi\u00e7\u00f5es de venda e entrega | Breimer-Roth Transformers<\/title>\n<meta name=\"description\" content=\"Aqui encontra as condi\u00e7\u00f5es de venda e entrega da Breimer-Roth Transformatoren. Fabricante de transformadores, bobinas, filtros &amp; Co.\" \/>\n<meta name=\"robots\" content=\"index, follow, max-snippet:-1, max-image-preview:large, max-video-preview:-1\" \/>\n<link rel=\"canonical\" href=\"https:\/\/bre-trafo.de\/pt\/condicoes-de-venda-e-de-entrega\/\" \/>\n<meta property=\"og:locale\" content=\"pt_PT\" \/>\n<meta property=\"og:type\" content=\"article\" \/>\n<meta property=\"og:title\" content=\"Condi\u00e7\u00f5es de venda e entrega | Breimer-Roth Transformers\" \/>\n<meta property=\"og:description\" content=\"Aqui encontra as condi\u00e7\u00f5es de venda e entrega da Breimer-Roth Transformatoren. Fabricante de transformadores, bobinas, filtros &amp; Co.\" \/>\n<meta property=\"og:url\" content=\"https:\/\/bre-trafo.de\/pt\/condicoes-de-venda-e-de-entrega\/\" \/>\n<meta property=\"og:site_name\" content=\"Breimer-Roth Transformatoren\" \/>\n<meta property=\"article:modified_time\" content=\"2025-10-16T15:18:38+00:00\" \/>\n<meta name=\"twitter:card\" content=\"summary_large_image\" \/>\n<script type=\"application\/ld+json\" class=\"yoast-schema-graph\">{\"@context\":\"https:\\\/\\\/schema.org\",\"@graph\":[{\"@type\":\"WebPage\",\"@id\":\"https:\\\/\\\/bre-trafo.de\\\/pt\\\/condicoes-de-venda-e-de-entrega\\\/\",\"url\":\"https:\\\/\\\/bre-trafo.de\\\/pt\\\/condicoes-de-venda-e-de-entrega\\\/\",\"name\":\"Condi\u00e7\u00f5es de venda e entrega | Breimer-Roth Transformers\",\"isPartOf\":{\"@id\":\"https:\\\/\\\/bre-trafo.de\\\/pt\\\/#website\"},\"datePublished\":\"2018-03-13T12:53:15+00:00\",\"dateModified\":\"2025-10-16T15:18:38+00:00\",\"description\":\"Aqui encontra as condi\u00e7\u00f5es de venda e entrega da Breimer-Roth Transformatoren. Fabricante de transformadores, bobinas, filtros & Co.\",\"breadcrumb\":{\"@id\":\"https:\\\/\\\/bre-trafo.de\\\/pt\\\/condicoes-de-venda-e-de-entrega\\\/#breadcrumb\"},\"inLanguage\":\"pt-PT\",\"potentialAction\":[{\"@type\":\"ReadAction\",\"target\":[\"https:\\\/\\\/bre-trafo.de\\\/pt\\\/condicoes-de-venda-e-de-entrega\\\/\"]}]},{\"@type\":\"BreadcrumbList\",\"@id\":\"https:\\\/\\\/bre-trafo.de\\\/pt\\\/condicoes-de-venda-e-de-entrega\\\/#breadcrumb\",\"itemListElement\":[{\"@type\":\"ListItem\",\"position\":1,\"name\":\"Home\",\"item\":\"https:\\\/\\\/bre-trafo.de\\\/pt\\\/inicio\\\/\"},{\"@type\":\"ListItem\",\"position\":2,\"name\":\"Condi\u00e7\u00f5es de venda e de entrega\"}]},{\"@type\":\"WebSite\",\"@id\":\"https:\\\/\\\/bre-trafo.de\\\/pt\\\/#website\",\"url\":\"https:\\\/\\\/bre-trafo.de\\\/pt\\\/\",\"name\":\"Breimer-Roth Transformatoren\",\"description\":\"Trafo Hersteller\",\"publisher\":{\"@id\":\"https:\\\/\\\/bre-trafo.de\\\/pt\\\/#organization\"},\"potentialAction\":[{\"@type\":\"SearchAction\",\"target\":{\"@type\":\"EntryPoint\",\"urlTemplate\":\"https:\\\/\\\/bre-trafo.de\\\/pt\\\/?s={search_term_string}\"},\"query-input\":{\"@type\":\"PropertyValueSpecification\",\"valueRequired\":true,\"valueName\":\"search_term_string\"}}],\"inLanguage\":\"pt-PT\"},{\"@type\":\"Organization\",\"@id\":\"https:\\\/\\\/bre-trafo.de\\\/pt\\\/#organization\",\"name\":\"Breimer-Roth Transformatoren Erbach\",\"url\":\"https:\\\/\\\/bre-trafo.de\\\/pt\\\/\",\"logo\":{\"@type\":\"ImageObject\",\"inLanguage\":\"pt-PT\",\"@id\":\"https:\\\/\\\/bre-trafo.de\\\/pt\\\/#\\\/schema\\\/logo\\\/image\\\/\",\"url\":\"https:\\\/\\\/bre-trafo.de\\\/wp-content\\\/uploads\\\/2025\\\/01\\\/Breimer-Roth-Sonderlogo_farbig.svg\",\"contentUrl\":\"https:\\\/\\\/bre-trafo.de\\\/wp-content\\\/uploads\\\/2025\\\/01\\\/Breimer-Roth-Sonderlogo_farbig.svg\",\"caption\":\"Breimer-Roth Transformatoren Erbach\"},\"image\":{\"@id\":\"https:\\\/\\\/bre-trafo.de\\\/pt\\\/#\\\/schema\\\/logo\\\/image\\\/\"}}]}<\/script>\n<!-- \/ Yoast SEO plugin. -->","yoast_head_json":{"title":"Condi\u00e7\u00f5es de venda e entrega | Breimer-Roth Transformers","description":"Aqui encontra as condi\u00e7\u00f5es de venda e entrega da Breimer-Roth Transformatoren. Fabricante de transformadores, bobinas, filtros & Co.","robots":{"index":"index","follow":"follow","max-snippet":"max-snippet:-1","max-image-preview":"max-image-preview:large","max-video-preview":"max-video-preview:-1"},"canonical":"https:\/\/bre-trafo.de\/pt\/condicoes-de-venda-e-de-entrega\/","og_locale":"pt_PT","og_type":"article","og_title":"Condi\u00e7\u00f5es de venda e entrega | Breimer-Roth Transformers","og_description":"Aqui encontra as condi\u00e7\u00f5es de venda e entrega da Breimer-Roth Transformatoren. Fabricante de transformadores, bobinas, filtros & Co.","og_url":"https:\/\/bre-trafo.de\/pt\/condicoes-de-venda-e-de-entrega\/","og_site_name":"Breimer-Roth Transformatoren","article_modified_time":"2025-10-16T15:18:38+00:00","twitter_card":"summary_large_image","schema":{"@context":"https:\/\/schema.org","@graph":[{"@type":"WebPage","@id":"https:\/\/bre-trafo.de\/pt\/condicoes-de-venda-e-de-entrega\/","url":"https:\/\/bre-trafo.de\/pt\/condicoes-de-venda-e-de-entrega\/","name":"Condi\u00e7\u00f5es de venda e entrega | Breimer-Roth Transformers","isPartOf":{"@id":"https:\/\/bre-trafo.de\/pt\/#website"},"datePublished":"2018-03-13T12:53:15+00:00","dateModified":"2025-10-16T15:18:38+00:00","description":"Aqui encontra as condi\u00e7\u00f5es de venda e entrega da Breimer-Roth Transformatoren. Fabricante de transformadores, bobinas, filtros & Co.","breadcrumb":{"@id":"https:\/\/bre-trafo.de\/pt\/condicoes-de-venda-e-de-entrega\/#breadcrumb"},"inLanguage":"pt-PT","potentialAction":[{"@type":"ReadAction","target":["https:\/\/bre-trafo.de\/pt\/condicoes-de-venda-e-de-entrega\/"]}]},{"@type":"BreadcrumbList","@id":"https:\/\/bre-trafo.de\/pt\/condicoes-de-venda-e-de-entrega\/#breadcrumb","itemListElement":[{"@type":"ListItem","position":1,"name":"Home","item":"https:\/\/bre-trafo.de\/pt\/inicio\/"},{"@type":"ListItem","position":2,"name":"Condi\u00e7\u00f5es de venda e de entrega"}]},{"@type":"WebSite","@id":"https:\/\/bre-trafo.de\/pt\/#website","url":"https:\/\/bre-trafo.de\/pt\/","name":"Breimer-Roth Transformatoren","description":"Trafo Hersteller","publisher":{"@id":"https:\/\/bre-trafo.de\/pt\/#organization"},"potentialAction":[{"@type":"SearchAction","target":{"@type":"EntryPoint","urlTemplate":"https:\/\/bre-trafo.de\/pt\/?s={search_term_string}"},"query-input":{"@type":"PropertyValueSpecification","valueRequired":true,"valueName":"search_term_string"}}],"inLanguage":"pt-PT"},{"@type":"Organization","@id":"https:\/\/bre-trafo.de\/pt\/#organization","name":"Breimer-Roth Transformatoren Erbach","url":"https:\/\/bre-trafo.de\/pt\/","logo":{"@type":"ImageObject","inLanguage":"pt-PT","@id":"https:\/\/bre-trafo.de\/pt\/#\/schema\/logo\/image\/","url":"https:\/\/bre-trafo.de\/wp-content\/uploads\/2025\/01\/Breimer-Roth-Sonderlogo_farbig.svg","contentUrl":"https:\/\/bre-trafo.de\/wp-content\/uploads\/2025\/01\/Breimer-Roth-Sonderlogo_farbig.svg","caption":"Breimer-Roth Transformatoren Erbach"},"image":{"@id":"https:\/\/bre-trafo.de\/pt\/#\/schema\/logo\/image\/"}}]}},"_links":{"self":[{"href":"https:\/\/bre-trafo.de\/pt\/wp-json\/wp\/v2\/pages\/18698","targetHints":{"allow":["GET"]}}],"collection":[{"href":"https:\/\/bre-trafo.de\/pt\/wp-json\/wp\/v2\/pages"}],"about":[{"href":"https:\/\/bre-trafo.de\/pt\/wp-json\/wp\/v2\/types\/page"}],"author":[{"embeddable":true,"href":"https:\/\/bre-trafo.de\/pt\/wp-json\/wp\/v2\/users\/6"}],"replies":[{"embeddable":true,"href":"https:\/\/bre-trafo.de\/pt\/wp-json\/wp\/v2\/comments?post=18698"}],"version-history":[{"count":1,"href":"https:\/\/bre-trafo.de\/pt\/wp-json\/wp\/v2\/pages\/18698\/revisions"}],"predecessor-version":[{"id":19887,"href":"https:\/\/bre-trafo.de\/pt\/wp-json\/wp\/v2\/pages\/18698\/revisions\/19887"}],"wp:attachment":[{"href":"https:\/\/bre-trafo.de\/pt\/wp-json\/wp\/v2\/media?parent=18698"}],"curies":[{"name":"wp","href":"https:\/\/api.w.org\/{rel}","templated":true}]}}