{"id":18365,"date":"2018-05-03T16:11:02","date_gmt":"2018-05-03T14:11:02","guid":{"rendered":"https:\/\/bre-trafo.de\/conhecimentos\/informacao-utilizacao-de-autotransformadores-em-redes-em-triangulo\/"},"modified":"2025-10-16T17:20:42","modified_gmt":"2025-10-16T15:20:42","slug":"informacao-utilizacao-de-autotransformadores-em-redes-em-triangulo","status":"publish","type":"page","link":"https:\/\/bre-trafo.de\/pt\/conhecimentos\/informacao-utilizacao-de-autotransformadores-em-redes-em-triangulo\/","title":{"rendered":"INFORMA\u00c7\u00c3O Utiliza\u00e7\u00e3o de autotransformadores em redes em tri\u00e2ngulo"},"content":{"rendered":"","protected":false},"excerpt":{"rendered":"","protected":false},"author":6,"featured_media":0,"parent":18271,"menu_order":0,"comment_status":"closed","ping_status":"closed","template":"templates\/contentbuilder.php","meta":{"_acf_changed":false,"footnotes":""},"class_list":["post-18365","page","type-page","status-publish","hentry"],"acf":[],"yoast_head":"<!-- This site is optimized with the Yoast SEO plugin v27.4 - https:\/\/yoast.com\/product\/yoast-seo-wordpress\/ -->\n<title>Utiliza\u00e7\u00e3o de autotransformadores em redes delta | Breimer-Roth<\/title>\n<meta name=\"description\" content=\"A f\u00e1brica de transformadores Breimer-Roth explica como utilizar autotransformadores em redes delta e o que deve ter em conta.\" \/>\n<meta name=\"robots\" content=\"index, follow, max-snippet:-1, max-image-preview:large, max-video-preview:-1\" \/>\n<link rel=\"canonical\" href=\"https:\/\/bre-trafo.de\/pt\/conhecimentos\/informacao-utilizacao-de-autotransformadores-em-redes-em-triangulo\/\" \/>\n<meta property=\"og:locale\" content=\"pt_PT\" \/>\n<meta property=\"og:type\" content=\"article\" \/>\n<meta property=\"og:title\" content=\"Utiliza\u00e7\u00e3o de autotransformadores em redes delta | Breimer-Roth\" \/>\n<meta property=\"og:description\" content=\"A f\u00e1brica de transformadores Breimer-Roth explica como utilizar autotransformadores em redes delta e o que deve ter em conta.\" \/>\n<meta property=\"og:url\" content=\"https:\/\/bre-trafo.de\/pt\/conhecimentos\/informacao-utilizacao-de-autotransformadores-em-redes-em-triangulo\/\" \/>\n<meta property=\"og:site_name\" content=\"Breimer-Roth Transformatoren\" \/>\n<meta property=\"article:modified_time\" content=\"2025-10-16T15:20:42+00:00\" \/>\n<meta name=\"twitter:card\" content=\"summary_large_image\" \/>\n<script type=\"application\/ld+json\" class=\"yoast-schema-graph\">{\"@context\":\"https:\\\/\\\/schema.org\",\"@graph\":[{\"@type\":\"WebPage\",\"@id\":\"https:\\\/\\\/bre-trafo.de\\\/pt\\\/conhecimentos\\\/informacao-utilizacao-de-autotransformadores-em-redes-em-triangulo\\\/\",\"url\":\"https:\\\/\\\/bre-trafo.de\\\/pt\\\/conhecimentos\\\/informacao-utilizacao-de-autotransformadores-em-redes-em-triangulo\\\/\",\"name\":\"Utiliza\u00e7\u00e3o de autotransformadores em redes delta | Breimer-Roth\",\"isPartOf\":{\"@id\":\"https:\\\/\\\/bre-trafo.de\\\/pt\\\/#website\"},\"datePublished\":\"2018-05-03T14:11:02+00:00\",\"dateModified\":\"2025-10-16T15:20:42+00:00\",\"description\":\"A f\u00e1brica de transformadores Breimer-Roth explica como utilizar autotransformadores em redes delta e o que deve ter em conta.\",\"breadcrumb\":{\"@id\":\"https:\\\/\\\/bre-trafo.de\\\/pt\\\/conhecimentos\\\/informacao-utilizacao-de-autotransformadores-em-redes-em-triangulo\\\/#breadcrumb\"},\"inLanguage\":\"pt-PT\",\"potentialAction\":[{\"@type\":\"ReadAction\",\"target\":[\"https:\\\/\\\/bre-trafo.de\\\/pt\\\/conhecimentos\\\/informacao-utilizacao-de-autotransformadores-em-redes-em-triangulo\\\/\"]}]},{\"@type\":\"BreadcrumbList\",\"@id\":\"https:\\\/\\\/bre-trafo.de\\\/pt\\\/conhecimentos\\\/informacao-utilizacao-de-autotransformadores-em-redes-em-triangulo\\\/#breadcrumb\",\"itemListElement\":[{\"@type\":\"ListItem\",\"position\":1,\"name\":\"Home\",\"item\":\"https:\\\/\\\/bre-trafo.de\\\/pt\\\/inicio\\\/\"},{\"@type\":\"ListItem\",\"position\":2,\"name\":\"Conhecimentos\",\"item\":\"https:\\\/\\\/bre-trafo.de\\\/pt\\\/conhecimentos\\\/\"},{\"@type\":\"ListItem\",\"position\":3,\"name\":\"INFORMA\u00c7\u00c3O Utiliza\u00e7\u00e3o de autotransformadores em redes em tri\u00e2ngulo\"}]},{\"@type\":\"WebSite\",\"@id\":\"https:\\\/\\\/bre-trafo.de\\\/pt\\\/#website\",\"url\":\"https:\\\/\\\/bre-trafo.de\\\/pt\\\/\",\"name\":\"Breimer-Roth Transformatoren\",\"description\":\"Trafo Hersteller\",\"publisher\":{\"@id\":\"https:\\\/\\\/bre-trafo.de\\\/pt\\\/#organization\"},\"potentialAction\":[{\"@type\":\"SearchAction\",\"target\":{\"@type\":\"EntryPoint\",\"urlTemplate\":\"https:\\\/\\\/bre-trafo.de\\\/pt\\\/?s={search_term_string}\"},\"query-input\":{\"@type\":\"PropertyValueSpecification\",\"valueRequired\":true,\"valueName\":\"search_term_string\"}}],\"inLanguage\":\"pt-PT\"},{\"@type\":\"Organization\",\"@id\":\"https:\\\/\\\/bre-trafo.de\\\/pt\\\/#organization\",\"name\":\"Breimer-Roth Transformatoren Erbach\",\"url\":\"https:\\\/\\\/bre-trafo.de\\\/pt\\\/\",\"logo\":{\"@type\":\"ImageObject\",\"inLanguage\":\"pt-PT\",\"@id\":\"https:\\\/\\\/bre-trafo.de\\\/pt\\\/#\\\/schema\\\/logo\\\/image\\\/\",\"url\":\"https:\\\/\\\/bre-trafo.de\\\/wp-content\\\/uploads\\\/2025\\\/01\\\/Breimer-Roth-Sonderlogo_farbig.svg\",\"contentUrl\":\"https:\\\/\\\/bre-trafo.de\\\/wp-content\\\/uploads\\\/2025\\\/01\\\/Breimer-Roth-Sonderlogo_farbig.svg\",\"caption\":\"Breimer-Roth Transformatoren Erbach\"},\"image\":{\"@id\":\"https:\\\/\\\/bre-trafo.de\\\/pt\\\/#\\\/schema\\\/logo\\\/image\\\/\"}}]}<\/script>\n<!-- \/ Yoast SEO plugin. -->","yoast_head_json":{"title":"Utiliza\u00e7\u00e3o de autotransformadores em redes delta | Breimer-Roth","description":"A f\u00e1brica de transformadores Breimer-Roth explica como utilizar autotransformadores em redes delta e o que deve ter em conta.","robots":{"index":"index","follow":"follow","max-snippet":"max-snippet:-1","max-image-preview":"max-image-preview:large","max-video-preview":"max-video-preview:-1"},"canonical":"https:\/\/bre-trafo.de\/pt\/conhecimentos\/informacao-utilizacao-de-autotransformadores-em-redes-em-triangulo\/","og_locale":"pt_PT","og_type":"article","og_title":"Utiliza\u00e7\u00e3o de autotransformadores em redes delta | Breimer-Roth","og_description":"A f\u00e1brica de transformadores Breimer-Roth explica como utilizar autotransformadores em redes delta e o que deve ter em conta.","og_url":"https:\/\/bre-trafo.de\/pt\/conhecimentos\/informacao-utilizacao-de-autotransformadores-em-redes-em-triangulo\/","og_site_name":"Breimer-Roth Transformatoren","article_modified_time":"2025-10-16T15:20:42+00:00","twitter_card":"summary_large_image","schema":{"@context":"https:\/\/schema.org","@graph":[{"@type":"WebPage","@id":"https:\/\/bre-trafo.de\/pt\/conhecimentos\/informacao-utilizacao-de-autotransformadores-em-redes-em-triangulo\/","url":"https:\/\/bre-trafo.de\/pt\/conhecimentos\/informacao-utilizacao-de-autotransformadores-em-redes-em-triangulo\/","name":"Utiliza\u00e7\u00e3o de autotransformadores em redes delta | Breimer-Roth","isPartOf":{"@id":"https:\/\/bre-trafo.de\/pt\/#website"},"datePublished":"2018-05-03T14:11:02+00:00","dateModified":"2025-10-16T15:20:42+00:00","description":"A f\u00e1brica de transformadores Breimer-Roth explica como utilizar autotransformadores em redes delta e o que deve ter em conta.","breadcrumb":{"@id":"https:\/\/bre-trafo.de\/pt\/conhecimentos\/informacao-utilizacao-de-autotransformadores-em-redes-em-triangulo\/#breadcrumb"},"inLanguage":"pt-PT","potentialAction":[{"@type":"ReadAction","target":["https:\/\/bre-trafo.de\/pt\/conhecimentos\/informacao-utilizacao-de-autotransformadores-em-redes-em-triangulo\/"]}]},{"@type":"BreadcrumbList","@id":"https:\/\/bre-trafo.de\/pt\/conhecimentos\/informacao-utilizacao-de-autotransformadores-em-redes-em-triangulo\/#breadcrumb","itemListElement":[{"@type":"ListItem","position":1,"name":"Home","item":"https:\/\/bre-trafo.de\/pt\/inicio\/"},{"@type":"ListItem","position":2,"name":"Conhecimentos","item":"https:\/\/bre-trafo.de\/pt\/conhecimentos\/"},{"@type":"ListItem","position":3,"name":"INFORMA\u00c7\u00c3O Utiliza\u00e7\u00e3o de autotransformadores em redes em tri\u00e2ngulo"}]},{"@type":"WebSite","@id":"https:\/\/bre-trafo.de\/pt\/#website","url":"https:\/\/bre-trafo.de\/pt\/","name":"Breimer-Roth Transformatoren","description":"Trafo Hersteller","publisher":{"@id":"https:\/\/bre-trafo.de\/pt\/#organization"},"potentialAction":[{"@type":"SearchAction","target":{"@type":"EntryPoint","urlTemplate":"https:\/\/bre-trafo.de\/pt\/?s={search_term_string}"},"query-input":{"@type":"PropertyValueSpecification","valueRequired":true,"valueName":"search_term_string"}}],"inLanguage":"pt-PT"},{"@type":"Organization","@id":"https:\/\/bre-trafo.de\/pt\/#organization","name":"Breimer-Roth Transformatoren Erbach","url":"https:\/\/bre-trafo.de\/pt\/","logo":{"@type":"ImageObject","inLanguage":"pt-PT","@id":"https:\/\/bre-trafo.de\/pt\/#\/schema\/logo\/image\/","url":"https:\/\/bre-trafo.de\/wp-content\/uploads\/2025\/01\/Breimer-Roth-Sonderlogo_farbig.svg","contentUrl":"https:\/\/bre-trafo.de\/wp-content\/uploads\/2025\/01\/Breimer-Roth-Sonderlogo_farbig.svg","caption":"Breimer-Roth Transformatoren Erbach"},"image":{"@id":"https:\/\/bre-trafo.de\/pt\/#\/schema\/logo\/image\/"}}]}},"_links":{"self":[{"href":"https:\/\/bre-trafo.de\/pt\/wp-json\/wp\/v2\/pages\/18365","targetHints":{"allow":["GET"]}}],"collection":[{"href":"https:\/\/bre-trafo.de\/pt\/wp-json\/wp\/v2\/pages"}],"about":[{"href":"https:\/\/bre-trafo.de\/pt\/wp-json\/wp\/v2\/types\/page"}],"author":[{"embeddable":true,"href":"https:\/\/bre-trafo.de\/pt\/wp-json\/wp\/v2\/users\/6"}],"replies":[{"embeddable":true,"href":"https:\/\/bre-trafo.de\/pt\/wp-json\/wp\/v2\/comments?post=18365"}],"version-history":[{"count":1,"href":"https:\/\/bre-trafo.de\/pt\/wp-json\/wp\/v2\/pages\/18365\/revisions"}],"predecessor-version":[{"id":19978,"href":"https:\/\/bre-trafo.de\/pt\/wp-json\/wp\/v2\/pages\/18365\/revisions\/19978"}],"up":[{"embeddable":true,"href":"https:\/\/bre-trafo.de\/pt\/wp-json\/wp\/v2\/pages\/18271"}],"wp:attachment":[{"href":"https:\/\/bre-trafo.de\/pt\/wp-json\/wp\/v2\/media?parent=18365"}],"curies":[{"name":"wp","href":"https:\/\/api.w.org\/{rel}","templated":true}]}}