{"id":18250,"date":"2018-05-03T09:26:58","date_gmt":"2018-05-03T07:26:58","guid":{"rendered":"https:\/\/bre-trafo.de\/outros-produtos-e-acessorios\/limitador-de-corrente-de-irrupcao\/"},"modified":"2025-10-16T17:50:37","modified_gmt":"2025-10-16T15:50:37","slug":"limitador-de-corrente-de-irrupcao","status":"publish","type":"page","link":"https:\/\/bre-trafo.de\/pt\/outros-produtos-e-acessorios\/limitador-de-corrente-de-irrupcao\/","title":{"rendered":"Limitador de corrente de irrup\u00e7\u00e3o"},"content":{"rendered":"","protected":false},"excerpt":{"rendered":"","protected":false},"author":6,"featured_media":0,"parent":17533,"menu_order":0,"comment_status":"closed","ping_status":"closed","template":"templates\/contentbuilder.php","meta":{"_acf_changed":false,"footnotes":""},"class_list":["post-18250","page","type-page","status-publish","hentry"],"acf":[],"yoast_head":"<!-- This site is optimized with the Yoast SEO plugin v27.3 - https:\/\/yoast.com\/product\/yoast-seo-wordpress\/ -->\n<title>Limitador de corrente de irrup\u00e7\u00e3o de Breimer-Roth<\/title>\n<meta name=\"description\" content=\"Breimer Roth prop\u00f5e-lhe limitadores de corrente de inrush monof\u00e1sicos e trif\u00e1sicos. Saiba mais sobre os limitadores de corrente de inrush aqui.\" \/>\n<meta name=\"robots\" content=\"index, follow, max-snippet:-1, max-image-preview:large, max-video-preview:-1\" \/>\n<link rel=\"canonical\" href=\"https:\/\/bre-trafo.de\/pt\/outros-produtos-e-acessorios\/limitador-de-corrente-de-irrupcao\/\" \/>\n<meta property=\"og:locale\" content=\"pt_PT\" \/>\n<meta property=\"og:type\" content=\"article\" \/>\n<meta property=\"og:title\" content=\"Limitador de corrente de irrup\u00e7\u00e3o de Breimer-Roth\" \/>\n<meta property=\"og:description\" content=\"Breimer Roth prop\u00f5e-lhe limitadores de corrente de inrush monof\u00e1sicos e trif\u00e1sicos. Saiba mais sobre os limitadores de corrente de inrush aqui.\" \/>\n<meta property=\"og:url\" content=\"https:\/\/bre-trafo.de\/pt\/outros-produtos-e-acessorios\/limitador-de-corrente-de-irrupcao\/\" \/>\n<meta property=\"og:site_name\" content=\"Breimer-Roth Transformatoren\" \/>\n<meta property=\"article:modified_time\" content=\"2025-10-16T15:50:37+00:00\" \/>\n<meta name=\"twitter:card\" content=\"summary_large_image\" \/>\n<script type=\"application\/ld+json\" class=\"yoast-schema-graph\">{\"@context\":\"https:\\\/\\\/schema.org\",\"@graph\":[{\"@type\":\"WebPage\",\"@id\":\"https:\\\/\\\/bre-trafo.de\\\/pt\\\/outros-produtos-e-acessorios\\\/limitador-de-corrente-de-irrupcao\\\/\",\"url\":\"https:\\\/\\\/bre-trafo.de\\\/pt\\\/outros-produtos-e-acessorios\\\/limitador-de-corrente-de-irrupcao\\\/\",\"name\":\"Limitador de corrente de irrup\u00e7\u00e3o de Breimer-Roth\",\"isPartOf\":{\"@id\":\"https:\\\/\\\/bre-trafo.de\\\/pt\\\/#website\"},\"datePublished\":\"2018-05-03T07:26:58+00:00\",\"dateModified\":\"2025-10-16T15:50:37+00:00\",\"description\":\"Breimer Roth prop\u00f5e-lhe limitadores de corrente de inrush monof\u00e1sicos e trif\u00e1sicos. Saiba mais sobre os limitadores de corrente de inrush aqui.\",\"breadcrumb\":{\"@id\":\"https:\\\/\\\/bre-trafo.de\\\/pt\\\/outros-produtos-e-acessorios\\\/limitador-de-corrente-de-irrupcao\\\/#breadcrumb\"},\"inLanguage\":\"pt-PT\",\"potentialAction\":[{\"@type\":\"ReadAction\",\"target\":[\"https:\\\/\\\/bre-trafo.de\\\/pt\\\/outros-produtos-e-acessorios\\\/limitador-de-corrente-de-irrupcao\\\/\"]}]},{\"@type\":\"BreadcrumbList\",\"@id\":\"https:\\\/\\\/bre-trafo.de\\\/pt\\\/outros-produtos-e-acessorios\\\/limitador-de-corrente-de-irrupcao\\\/#breadcrumb\",\"itemListElement\":[{\"@type\":\"ListItem\",\"position\":1,\"name\":\"Home\",\"item\":\"https:\\\/\\\/bre-trafo.de\\\/pt\\\/inicio\\\/\"},{\"@type\":\"ListItem\",\"position\":2,\"name\":\"Outros produtos e acess\u00f3rios\",\"item\":\"https:\\\/\\\/bre-trafo.de\\\/pt\\\/outros-produtos-e-acessorios\\\/\"},{\"@type\":\"ListItem\",\"position\":3,\"name\":\"Limitador de corrente de irrup\u00e7\u00e3o\"}]},{\"@type\":\"WebSite\",\"@id\":\"https:\\\/\\\/bre-trafo.de\\\/pt\\\/#website\",\"url\":\"https:\\\/\\\/bre-trafo.de\\\/pt\\\/\",\"name\":\"Breimer-Roth Transformatoren\",\"description\":\"Trafo Hersteller\",\"publisher\":{\"@id\":\"https:\\\/\\\/bre-trafo.de\\\/pt\\\/#organization\"},\"potentialAction\":[{\"@type\":\"SearchAction\",\"target\":{\"@type\":\"EntryPoint\",\"urlTemplate\":\"https:\\\/\\\/bre-trafo.de\\\/pt\\\/?s={search_term_string}\"},\"query-input\":{\"@type\":\"PropertyValueSpecification\",\"valueRequired\":true,\"valueName\":\"search_term_string\"}}],\"inLanguage\":\"pt-PT\"},{\"@type\":\"Organization\",\"@id\":\"https:\\\/\\\/bre-trafo.de\\\/pt\\\/#organization\",\"name\":\"Breimer-Roth Transformatoren Erbach\",\"url\":\"https:\\\/\\\/bre-trafo.de\\\/pt\\\/\",\"logo\":{\"@type\":\"ImageObject\",\"inLanguage\":\"pt-PT\",\"@id\":\"https:\\\/\\\/bre-trafo.de\\\/pt\\\/#\\\/schema\\\/logo\\\/image\\\/\",\"url\":\"https:\\\/\\\/bre-trafo.de\\\/wp-content\\\/uploads\\\/2025\\\/01\\\/Breimer-Roth-Sonderlogo_farbig.svg\",\"contentUrl\":\"https:\\\/\\\/bre-trafo.de\\\/wp-content\\\/uploads\\\/2025\\\/01\\\/Breimer-Roth-Sonderlogo_farbig.svg\",\"caption\":\"Breimer-Roth Transformatoren Erbach\"},\"image\":{\"@id\":\"https:\\\/\\\/bre-trafo.de\\\/pt\\\/#\\\/schema\\\/logo\\\/image\\\/\"}}]}<\/script>\n<!-- \/ Yoast SEO plugin. -->","yoast_head_json":{"title":"Limitador de corrente de irrup\u00e7\u00e3o de Breimer-Roth","description":"Breimer Roth prop\u00f5e-lhe limitadores de corrente de inrush monof\u00e1sicos e trif\u00e1sicos. Saiba mais sobre os limitadores de corrente de inrush aqui.","robots":{"index":"index","follow":"follow","max-snippet":"max-snippet:-1","max-image-preview":"max-image-preview:large","max-video-preview":"max-video-preview:-1"},"canonical":"https:\/\/bre-trafo.de\/pt\/outros-produtos-e-acessorios\/limitador-de-corrente-de-irrupcao\/","og_locale":"pt_PT","og_type":"article","og_title":"Limitador de corrente de irrup\u00e7\u00e3o de Breimer-Roth","og_description":"Breimer Roth prop\u00f5e-lhe limitadores de corrente de inrush monof\u00e1sicos e trif\u00e1sicos. Saiba mais sobre os limitadores de corrente de inrush aqui.","og_url":"https:\/\/bre-trafo.de\/pt\/outros-produtos-e-acessorios\/limitador-de-corrente-de-irrupcao\/","og_site_name":"Breimer-Roth Transformatoren","article_modified_time":"2025-10-16T15:50:37+00:00","twitter_card":"summary_large_image","schema":{"@context":"https:\/\/schema.org","@graph":[{"@type":"WebPage","@id":"https:\/\/bre-trafo.de\/pt\/outros-produtos-e-acessorios\/limitador-de-corrente-de-irrupcao\/","url":"https:\/\/bre-trafo.de\/pt\/outros-produtos-e-acessorios\/limitador-de-corrente-de-irrupcao\/","name":"Limitador de corrente de irrup\u00e7\u00e3o de Breimer-Roth","isPartOf":{"@id":"https:\/\/bre-trafo.de\/pt\/#website"},"datePublished":"2018-05-03T07:26:58+00:00","dateModified":"2025-10-16T15:50:37+00:00","description":"Breimer Roth prop\u00f5e-lhe limitadores de corrente de inrush monof\u00e1sicos e trif\u00e1sicos. Saiba mais sobre os limitadores de corrente de inrush aqui.","breadcrumb":{"@id":"https:\/\/bre-trafo.de\/pt\/outros-produtos-e-acessorios\/limitador-de-corrente-de-irrupcao\/#breadcrumb"},"inLanguage":"pt-PT","potentialAction":[{"@type":"ReadAction","target":["https:\/\/bre-trafo.de\/pt\/outros-produtos-e-acessorios\/limitador-de-corrente-de-irrupcao\/"]}]},{"@type":"BreadcrumbList","@id":"https:\/\/bre-trafo.de\/pt\/outros-produtos-e-acessorios\/limitador-de-corrente-de-irrupcao\/#breadcrumb","itemListElement":[{"@type":"ListItem","position":1,"name":"Home","item":"https:\/\/bre-trafo.de\/pt\/inicio\/"},{"@type":"ListItem","position":2,"name":"Outros produtos e acess\u00f3rios","item":"https:\/\/bre-trafo.de\/pt\/outros-produtos-e-acessorios\/"},{"@type":"ListItem","position":3,"name":"Limitador de corrente de irrup\u00e7\u00e3o"}]},{"@type":"WebSite","@id":"https:\/\/bre-trafo.de\/pt\/#website","url":"https:\/\/bre-trafo.de\/pt\/","name":"Breimer-Roth Transformatoren","description":"Trafo Hersteller","publisher":{"@id":"https:\/\/bre-trafo.de\/pt\/#organization"},"potentialAction":[{"@type":"SearchAction","target":{"@type":"EntryPoint","urlTemplate":"https:\/\/bre-trafo.de\/pt\/?s={search_term_string}"},"query-input":{"@type":"PropertyValueSpecification","valueRequired":true,"valueName":"search_term_string"}}],"inLanguage":"pt-PT"},{"@type":"Organization","@id":"https:\/\/bre-trafo.de\/pt\/#organization","name":"Breimer-Roth Transformatoren Erbach","url":"https:\/\/bre-trafo.de\/pt\/","logo":{"@type":"ImageObject","inLanguage":"pt-PT","@id":"https:\/\/bre-trafo.de\/pt\/#\/schema\/logo\/image\/","url":"https:\/\/bre-trafo.de\/wp-content\/uploads\/2025\/01\/Breimer-Roth-Sonderlogo_farbig.svg","contentUrl":"https:\/\/bre-trafo.de\/wp-content\/uploads\/2025\/01\/Breimer-Roth-Sonderlogo_farbig.svg","caption":"Breimer-Roth Transformatoren Erbach"},"image":{"@id":"https:\/\/bre-trafo.de\/pt\/#\/schema\/logo\/image\/"}}]}},"_links":{"self":[{"href":"https:\/\/bre-trafo.de\/pt\/wp-json\/wp\/v2\/pages\/18250","targetHints":{"allow":["GET"]}}],"collection":[{"href":"https:\/\/bre-trafo.de\/pt\/wp-json\/wp\/v2\/pages"}],"about":[{"href":"https:\/\/bre-trafo.de\/pt\/wp-json\/wp\/v2\/types\/page"}],"author":[{"embeddable":true,"href":"https:\/\/bre-trafo.de\/pt\/wp-json\/wp\/v2\/users\/6"}],"replies":[{"embeddable":true,"href":"https:\/\/bre-trafo.de\/pt\/wp-json\/wp\/v2\/comments?post=18250"}],"version-history":[{"count":1,"href":"https:\/\/bre-trafo.de\/pt\/wp-json\/wp\/v2\/pages\/18250\/revisions"}],"predecessor-version":[{"id":20344,"href":"https:\/\/bre-trafo.de\/pt\/wp-json\/wp\/v2\/pages\/18250\/revisions\/20344"}],"up":[{"embeddable":true,"href":"https:\/\/bre-trafo.de\/pt\/wp-json\/wp\/v2\/pages\/17533"}],"wp:attachment":[{"href":"https:\/\/bre-trafo.de\/pt\/wp-json\/wp\/v2\/media?parent=18250"}],"curies":[{"name":"wp","href":"https:\/\/api.w.org\/{rel}","templated":true}]}}