{"id":18031,"date":"2018-05-02T14:29:51","date_gmt":"2018-05-02T12:29:51","guid":{"rendered":"https:\/\/bre-trafo.de\/bobinas-e-fontes-de-alimentacao\/unidades-de-alimentacao-electrica\/unidades-de-alimentacao-electrica-trifasica-horizontal-bdntl\/"},"modified":"2025-10-16T17:38:53","modified_gmt":"2025-10-16T15:38:53","slug":"unidades-de-alimentacao-electrica-trifasica-horizontal-bdntl","status":"publish","type":"page","link":"https:\/\/bre-trafo.de\/pt\/bobinas-e-fontes-de-alimentacao\/unidades-de-alimentacao-electrica\/unidades-de-alimentacao-electrica-trifasica-horizontal-bdntl\/","title":{"rendered":"Unidades de alimenta\u00e7\u00e3o el\u00e9ctrica trif\u00e1sica horizontal BDNTL"},"content":{"rendered":"","protected":false},"excerpt":{"rendered":"","protected":false},"author":6,"featured_media":0,"parent":17475,"menu_order":0,"comment_status":"closed","ping_status":"closed","template":"templates\/contentbuilder.php","meta":{"_acf_changed":false,"footnotes":""},"class_list":["post-18031","page","type-page","status-publish","hentry"],"acf":[],"yoast_head":"<!-- This site is optimized with the Yoast SEO plugin v27.3 - https:\/\/yoast.com\/product\/yoast-seo-wordpress\/ -->\n<title>Fontes de alimenta\u00e7\u00e3o trif\u00e1sicas horizontais BDNTL | Breimer-Roth<\/title>\n<meta name=\"description\" content=\"Fontes de alimenta\u00e7\u00e3o trif\u00e1sicas BDNTL da f\u00e1brica de transformadores Breimer-Roth \u2794 vers\u00e3o horizontal \u2714 5 - 90 A \u2714 sem condensador \u2714 regula\u00e7\u00e3o da tens\u00e3o \u2714.\" \/>\n<meta name=\"robots\" content=\"index, follow, max-snippet:-1, max-image-preview:large, max-video-preview:-1\" \/>\n<link rel=\"canonical\" href=\"https:\/\/bre-trafo.de\/pt\/bobinas-e-fontes-de-alimentacao\/unidades-de-alimentacao-electrica\/unidades-de-alimentacao-electrica-trifasica-horizontal-bdntl\/\" \/>\n<meta property=\"og:locale\" content=\"pt_PT\" \/>\n<meta property=\"og:type\" content=\"article\" \/>\n<meta property=\"og:title\" content=\"Fontes de alimenta\u00e7\u00e3o trif\u00e1sicas horizontais BDNTL | Breimer-Roth\" \/>\n<meta property=\"og:description\" content=\"Fontes de alimenta\u00e7\u00e3o trif\u00e1sicas BDNTL da f\u00e1brica de transformadores Breimer-Roth \u2794 vers\u00e3o horizontal \u2714 5 - 90 A \u2714 sem condensador \u2714 regula\u00e7\u00e3o da tens\u00e3o \u2714.\" \/>\n<meta property=\"og:url\" content=\"https:\/\/bre-trafo.de\/pt\/bobinas-e-fontes-de-alimentacao\/unidades-de-alimentacao-electrica\/unidades-de-alimentacao-electrica-trifasica-horizontal-bdntl\/\" \/>\n<meta property=\"og:site_name\" content=\"Breimer-Roth Transformatoren\" \/>\n<meta property=\"article:modified_time\" content=\"2025-10-16T15:38:53+00:00\" \/>\n<meta name=\"twitter:card\" content=\"summary_large_image\" \/>\n<script type=\"application\/ld+json\" class=\"yoast-schema-graph\">{\"@context\":\"https:\\\/\\\/schema.org\",\"@graph\":[{\"@type\":\"WebPage\",\"@id\":\"https:\\\/\\\/bre-trafo.de\\\/pt\\\/bobinas-e-fontes-de-alimentacao\\\/unidades-de-alimentacao-electrica\\\/unidades-de-alimentacao-electrica-trifasica-horizontal-bdntl\\\/\",\"url\":\"https:\\\/\\\/bre-trafo.de\\\/pt\\\/bobinas-e-fontes-de-alimentacao\\\/unidades-de-alimentacao-electrica\\\/unidades-de-alimentacao-electrica-trifasica-horizontal-bdntl\\\/\",\"name\":\"Fontes de alimenta\u00e7\u00e3o trif\u00e1sicas horizontais BDNTL | Breimer-Roth\",\"isPartOf\":{\"@id\":\"https:\\\/\\\/bre-trafo.de\\\/pt\\\/#website\"},\"datePublished\":\"2018-05-02T12:29:51+00:00\",\"dateModified\":\"2025-10-16T15:38:53+00:00\",\"description\":\"Fontes de alimenta\u00e7\u00e3o trif\u00e1sicas BDNTL da f\u00e1brica de transformadores Breimer-Roth \u2794 vers\u00e3o horizontal \u2714 5 - 90 A \u2714 sem condensador \u2714 regula\u00e7\u00e3o da tens\u00e3o \u2714.\",\"breadcrumb\":{\"@id\":\"https:\\\/\\\/bre-trafo.de\\\/pt\\\/bobinas-e-fontes-de-alimentacao\\\/unidades-de-alimentacao-electrica\\\/unidades-de-alimentacao-electrica-trifasica-horizontal-bdntl\\\/#breadcrumb\"},\"inLanguage\":\"pt-PT\",\"potentialAction\":[{\"@type\":\"ReadAction\",\"target\":[\"https:\\\/\\\/bre-trafo.de\\\/pt\\\/bobinas-e-fontes-de-alimentacao\\\/unidades-de-alimentacao-electrica\\\/unidades-de-alimentacao-electrica-trifasica-horizontal-bdntl\\\/\"]}]},{\"@type\":\"BreadcrumbList\",\"@id\":\"https:\\\/\\\/bre-trafo.de\\\/pt\\\/bobinas-e-fontes-de-alimentacao\\\/unidades-de-alimentacao-electrica\\\/unidades-de-alimentacao-electrica-trifasica-horizontal-bdntl\\\/#breadcrumb\",\"itemListElement\":[{\"@type\":\"ListItem\",\"position\":1,\"name\":\"Home\",\"item\":\"https:\\\/\\\/bre-trafo.de\\\/pt\\\/inicio\\\/\"},{\"@type\":\"ListItem\",\"position\":2,\"name\":\"Bobinas e fontes de alimenta\u00e7\u00e3o\",\"item\":\"https:\\\/\\\/bre-trafo.de\\\/pt\\\/bobinas-e-fontes-de-alimentacao\\\/\"},{\"@type\":\"ListItem\",\"position\":3,\"name\":\"Unidades de alimenta\u00e7\u00e3o el\u00e9ctrica\",\"item\":\"https:\\\/\\\/bre-trafo.de\\\/pt\\\/bobinas-e-fontes-de-alimentacao\\\/unidades-de-alimentacao-electrica\\\/\"},{\"@type\":\"ListItem\",\"position\":4,\"name\":\"Unidades de alimenta\u00e7\u00e3o el\u00e9ctrica trif\u00e1sica horizontal BDNTL\"}]},{\"@type\":\"WebSite\",\"@id\":\"https:\\\/\\\/bre-trafo.de\\\/pt\\\/#website\",\"url\":\"https:\\\/\\\/bre-trafo.de\\\/pt\\\/\",\"name\":\"Breimer-Roth Transformatoren\",\"description\":\"Trafo Hersteller\",\"publisher\":{\"@id\":\"https:\\\/\\\/bre-trafo.de\\\/pt\\\/#organization\"},\"potentialAction\":[{\"@type\":\"SearchAction\",\"target\":{\"@type\":\"EntryPoint\",\"urlTemplate\":\"https:\\\/\\\/bre-trafo.de\\\/pt\\\/?s={search_term_string}\"},\"query-input\":{\"@type\":\"PropertyValueSpecification\",\"valueRequired\":true,\"valueName\":\"search_term_string\"}}],\"inLanguage\":\"pt-PT\"},{\"@type\":\"Organization\",\"@id\":\"https:\\\/\\\/bre-trafo.de\\\/pt\\\/#organization\",\"name\":\"Breimer-Roth Transformatoren Erbach\",\"url\":\"https:\\\/\\\/bre-trafo.de\\\/pt\\\/\",\"logo\":{\"@type\":\"ImageObject\",\"inLanguage\":\"pt-PT\",\"@id\":\"https:\\\/\\\/bre-trafo.de\\\/pt\\\/#\\\/schema\\\/logo\\\/image\\\/\",\"url\":\"https:\\\/\\\/bre-trafo.de\\\/wp-content\\\/uploads\\\/2025\\\/01\\\/Breimer-Roth-Sonderlogo_farbig.svg\",\"contentUrl\":\"https:\\\/\\\/bre-trafo.de\\\/wp-content\\\/uploads\\\/2025\\\/01\\\/Breimer-Roth-Sonderlogo_farbig.svg\",\"caption\":\"Breimer-Roth Transformatoren Erbach\"},\"image\":{\"@id\":\"https:\\\/\\\/bre-trafo.de\\\/pt\\\/#\\\/schema\\\/logo\\\/image\\\/\"}}]}<\/script>\n<!-- \/ Yoast SEO plugin. -->","yoast_head_json":{"title":"Fontes de alimenta\u00e7\u00e3o trif\u00e1sicas horizontais BDNTL | Breimer-Roth","description":"Fontes de alimenta\u00e7\u00e3o trif\u00e1sicas BDNTL da f\u00e1brica de transformadores Breimer-Roth \u2794 vers\u00e3o horizontal \u2714 5 - 90 A \u2714 sem condensador \u2714 regula\u00e7\u00e3o da tens\u00e3o \u2714.","robots":{"index":"index","follow":"follow","max-snippet":"max-snippet:-1","max-image-preview":"max-image-preview:large","max-video-preview":"max-video-preview:-1"},"canonical":"https:\/\/bre-trafo.de\/pt\/bobinas-e-fontes-de-alimentacao\/unidades-de-alimentacao-electrica\/unidades-de-alimentacao-electrica-trifasica-horizontal-bdntl\/","og_locale":"pt_PT","og_type":"article","og_title":"Fontes de alimenta\u00e7\u00e3o trif\u00e1sicas horizontais BDNTL | Breimer-Roth","og_description":"Fontes de alimenta\u00e7\u00e3o trif\u00e1sicas BDNTL da f\u00e1brica de transformadores Breimer-Roth \u2794 vers\u00e3o horizontal \u2714 5 - 90 A \u2714 sem condensador \u2714 regula\u00e7\u00e3o da tens\u00e3o \u2714.","og_url":"https:\/\/bre-trafo.de\/pt\/bobinas-e-fontes-de-alimentacao\/unidades-de-alimentacao-electrica\/unidades-de-alimentacao-electrica-trifasica-horizontal-bdntl\/","og_site_name":"Breimer-Roth Transformatoren","article_modified_time":"2025-10-16T15:38:53+00:00","twitter_card":"summary_large_image","schema":{"@context":"https:\/\/schema.org","@graph":[{"@type":"WebPage","@id":"https:\/\/bre-trafo.de\/pt\/bobinas-e-fontes-de-alimentacao\/unidades-de-alimentacao-electrica\/unidades-de-alimentacao-electrica-trifasica-horizontal-bdntl\/","url":"https:\/\/bre-trafo.de\/pt\/bobinas-e-fontes-de-alimentacao\/unidades-de-alimentacao-electrica\/unidades-de-alimentacao-electrica-trifasica-horizontal-bdntl\/","name":"Fontes de alimenta\u00e7\u00e3o trif\u00e1sicas horizontais BDNTL | Breimer-Roth","isPartOf":{"@id":"https:\/\/bre-trafo.de\/pt\/#website"},"datePublished":"2018-05-02T12:29:51+00:00","dateModified":"2025-10-16T15:38:53+00:00","description":"Fontes de alimenta\u00e7\u00e3o trif\u00e1sicas BDNTL da f\u00e1brica de transformadores Breimer-Roth \u2794 vers\u00e3o horizontal \u2714 5 - 90 A \u2714 sem condensador \u2714 regula\u00e7\u00e3o da tens\u00e3o \u2714.","breadcrumb":{"@id":"https:\/\/bre-trafo.de\/pt\/bobinas-e-fontes-de-alimentacao\/unidades-de-alimentacao-electrica\/unidades-de-alimentacao-electrica-trifasica-horizontal-bdntl\/#breadcrumb"},"inLanguage":"pt-PT","potentialAction":[{"@type":"ReadAction","target":["https:\/\/bre-trafo.de\/pt\/bobinas-e-fontes-de-alimentacao\/unidades-de-alimentacao-electrica\/unidades-de-alimentacao-electrica-trifasica-horizontal-bdntl\/"]}]},{"@type":"BreadcrumbList","@id":"https:\/\/bre-trafo.de\/pt\/bobinas-e-fontes-de-alimentacao\/unidades-de-alimentacao-electrica\/unidades-de-alimentacao-electrica-trifasica-horizontal-bdntl\/#breadcrumb","itemListElement":[{"@type":"ListItem","position":1,"name":"Home","item":"https:\/\/bre-trafo.de\/pt\/inicio\/"},{"@type":"ListItem","position":2,"name":"Bobinas e fontes de alimenta\u00e7\u00e3o","item":"https:\/\/bre-trafo.de\/pt\/bobinas-e-fontes-de-alimentacao\/"},{"@type":"ListItem","position":3,"name":"Unidades de alimenta\u00e7\u00e3o el\u00e9ctrica","item":"https:\/\/bre-trafo.de\/pt\/bobinas-e-fontes-de-alimentacao\/unidades-de-alimentacao-electrica\/"},{"@type":"ListItem","position":4,"name":"Unidades de alimenta\u00e7\u00e3o el\u00e9ctrica trif\u00e1sica horizontal BDNTL"}]},{"@type":"WebSite","@id":"https:\/\/bre-trafo.de\/pt\/#website","url":"https:\/\/bre-trafo.de\/pt\/","name":"Breimer-Roth Transformatoren","description":"Trafo Hersteller","publisher":{"@id":"https:\/\/bre-trafo.de\/pt\/#organization"},"potentialAction":[{"@type":"SearchAction","target":{"@type":"EntryPoint","urlTemplate":"https:\/\/bre-trafo.de\/pt\/?s={search_term_string}"},"query-input":{"@type":"PropertyValueSpecification","valueRequired":true,"valueName":"search_term_string"}}],"inLanguage":"pt-PT"},{"@type":"Organization","@id":"https:\/\/bre-trafo.de\/pt\/#organization","name":"Breimer-Roth Transformatoren Erbach","url":"https:\/\/bre-trafo.de\/pt\/","logo":{"@type":"ImageObject","inLanguage":"pt-PT","@id":"https:\/\/bre-trafo.de\/pt\/#\/schema\/logo\/image\/","url":"https:\/\/bre-trafo.de\/wp-content\/uploads\/2025\/01\/Breimer-Roth-Sonderlogo_farbig.svg","contentUrl":"https:\/\/bre-trafo.de\/wp-content\/uploads\/2025\/01\/Breimer-Roth-Sonderlogo_farbig.svg","caption":"Breimer-Roth Transformatoren Erbach"},"image":{"@id":"https:\/\/bre-trafo.de\/pt\/#\/schema\/logo\/image\/"}}]}},"_links":{"self":[{"href":"https:\/\/bre-trafo.de\/pt\/wp-json\/wp\/v2\/pages\/18031","targetHints":{"allow":["GET"]}}],"collection":[{"href":"https:\/\/bre-trafo.de\/pt\/wp-json\/wp\/v2\/pages"}],"about":[{"href":"https:\/\/bre-trafo.de\/pt\/wp-json\/wp\/v2\/types\/page"}],"author":[{"embeddable":true,"href":"https:\/\/bre-trafo.de\/pt\/wp-json\/wp\/v2\/users\/6"}],"replies":[{"embeddable":true,"href":"https:\/\/bre-trafo.de\/pt\/wp-json\/wp\/v2\/comments?post=18031"}],"version-history":[{"count":1,"href":"https:\/\/bre-trafo.de\/pt\/wp-json\/wp\/v2\/pages\/18031\/revisions"}],"predecessor-version":[{"id":20192,"href":"https:\/\/bre-trafo.de\/pt\/wp-json\/wp\/v2\/pages\/18031\/revisions\/20192"}],"up":[{"embeddable":true,"href":"https:\/\/bre-trafo.de\/pt\/wp-json\/wp\/v2\/pages\/17475"}],"wp:attachment":[{"href":"https:\/\/bre-trafo.de\/pt\/wp-json\/wp\/v2\/media?parent=18031"}],"curies":[{"name":"wp","href":"https:\/\/api.w.org\/{rel}","templated":true}]}}