{"id":17871,"date":"2018-05-02T12:03:09","date_gmt":"2018-05-02T10:03:09","guid":{"rendered":"https:\/\/bre-trafo.de\/transformadores\/transformadores-toroidais-variaveis\/autotransformadores-toroidais-variaveis-monofasicos-bers-832\/"},"modified":"2025-10-16T17:34:16","modified_gmt":"2025-10-16T15:34:16","slug":"autotransformadores-toroidais-variaveis-monofasicos-bers-832","status":"publish","type":"page","link":"https:\/\/bre-trafo.de\/pt\/transformadores\/transformadores-toroidais-variaveis\/autotransformadores-toroidais-variaveis-monofasicos-bers-832\/","title":{"rendered":"Autotransformadores toroidais vari\u00e1veis monof\u00e1sicos BERS 832"},"content":{"rendered":"","protected":false},"excerpt":{"rendered":"","protected":false},"author":6,"featured_media":0,"parent":17471,"menu_order":0,"comment_status":"closed","ping_status":"closed","template":"templates\/contentbuilder.php","meta":{"_acf_changed":false,"footnotes":""},"class_list":["post-17871","page","type-page","status-publish","hentry"],"acf":[],"yoast_head":"<!-- This site is optimized with the Yoast SEO plugin v27.3 - https:\/\/yoast.com\/product\/yoast-seo-wordpress\/ -->\n<title>BERS 832 Autotransformadores toroidais monof\u00e1sicos vari\u00e1veis<\/title>\n<meta name=\"description\" content=\"Autotransformadores toroidais vari\u00e1veis monof\u00e1sicos BERS 832 da f\u00e1brica de transformadores Breimer-Roth \u2794 S\u00e9rie 832 \u2714 Design compacto \u2714 Classe de isolamento B \u2714 10-200 A \u2714.\" \/>\n<meta name=\"robots\" content=\"index, follow, max-snippet:-1, max-image-preview:large, max-video-preview:-1\" \/>\n<link rel=\"canonical\" href=\"https:\/\/bre-trafo.de\/pt\/transformadores\/transformadores-toroidais-variaveis\/autotransformadores-toroidais-variaveis-monofasicos-bers-832\/\" \/>\n<meta property=\"og:locale\" content=\"pt_PT\" \/>\n<meta property=\"og:type\" content=\"article\" \/>\n<meta property=\"og:title\" content=\"BERS 832 Autotransformadores toroidais monof\u00e1sicos vari\u00e1veis\" \/>\n<meta property=\"og:description\" content=\"Autotransformadores toroidais vari\u00e1veis monof\u00e1sicos BERS 832 da f\u00e1brica de transformadores Breimer-Roth \u2794 S\u00e9rie 832 \u2714 Design compacto \u2714 Classe de isolamento B \u2714 10-200 A \u2714.\" \/>\n<meta property=\"og:url\" content=\"https:\/\/bre-trafo.de\/pt\/transformadores\/transformadores-toroidais-variaveis\/autotransformadores-toroidais-variaveis-monofasicos-bers-832\/\" \/>\n<meta property=\"og:site_name\" content=\"Breimer-Roth Transformatoren\" \/>\n<meta property=\"article:modified_time\" content=\"2025-10-16T15:34:16+00:00\" \/>\n<meta name=\"twitter:card\" content=\"summary_large_image\" \/>\n<script type=\"application\/ld+json\" class=\"yoast-schema-graph\">{\"@context\":\"https:\\\/\\\/schema.org\",\"@graph\":[{\"@type\":\"WebPage\",\"@id\":\"https:\\\/\\\/bre-trafo.de\\\/pt\\\/transformadores\\\/transformadores-toroidais-variaveis\\\/autotransformadores-toroidais-variaveis-monofasicos-bers-832\\\/\",\"url\":\"https:\\\/\\\/bre-trafo.de\\\/pt\\\/transformadores\\\/transformadores-toroidais-variaveis\\\/autotransformadores-toroidais-variaveis-monofasicos-bers-832\\\/\",\"name\":\"BERS 832 Autotransformadores toroidais monof\u00e1sicos vari\u00e1veis\",\"isPartOf\":{\"@id\":\"https:\\\/\\\/bre-trafo.de\\\/pt\\\/#website\"},\"datePublished\":\"2018-05-02T10:03:09+00:00\",\"dateModified\":\"2025-10-16T15:34:16+00:00\",\"description\":\"Autotransformadores toroidais vari\u00e1veis monof\u00e1sicos BERS 832 da f\u00e1brica de transformadores Breimer-Roth \u2794 S\u00e9rie 832 \u2714 Design compacto \u2714 Classe de isolamento B \u2714 10-200 A \u2714.\",\"breadcrumb\":{\"@id\":\"https:\\\/\\\/bre-trafo.de\\\/pt\\\/transformadores\\\/transformadores-toroidais-variaveis\\\/autotransformadores-toroidais-variaveis-monofasicos-bers-832\\\/#breadcrumb\"},\"inLanguage\":\"pt-PT\",\"potentialAction\":[{\"@type\":\"ReadAction\",\"target\":[\"https:\\\/\\\/bre-trafo.de\\\/pt\\\/transformadores\\\/transformadores-toroidais-variaveis\\\/autotransformadores-toroidais-variaveis-monofasicos-bers-832\\\/\"]}]},{\"@type\":\"BreadcrumbList\",\"@id\":\"https:\\\/\\\/bre-trafo.de\\\/pt\\\/transformadores\\\/transformadores-toroidais-variaveis\\\/autotransformadores-toroidais-variaveis-monofasicos-bers-832\\\/#breadcrumb\",\"itemListElement\":[{\"@type\":\"ListItem\",\"position\":1,\"name\":\"Home\",\"item\":\"https:\\\/\\\/bre-trafo.de\\\/pt\\\/inicio\\\/\"},{\"@type\":\"ListItem\",\"position\":2,\"name\":\"Transformadores\",\"item\":\"https:\\\/\\\/bre-trafo.de\\\/pt\\\/transformadores\\\/\"},{\"@type\":\"ListItem\",\"position\":3,\"name\":\"Transformadores toroidais vari\u00e1veis\",\"item\":\"https:\\\/\\\/bre-trafo.de\\\/pt\\\/transformadores\\\/transformadores-toroidais-variaveis\\\/\"},{\"@type\":\"ListItem\",\"position\":4,\"name\":\"Autotransformadores toroidais vari\u00e1veis monof\u00e1sicos BERS 832\"}]},{\"@type\":\"WebSite\",\"@id\":\"https:\\\/\\\/bre-trafo.de\\\/pt\\\/#website\",\"url\":\"https:\\\/\\\/bre-trafo.de\\\/pt\\\/\",\"name\":\"Breimer-Roth Transformatoren\",\"description\":\"Trafo Hersteller\",\"publisher\":{\"@id\":\"https:\\\/\\\/bre-trafo.de\\\/pt\\\/#organization\"},\"potentialAction\":[{\"@type\":\"SearchAction\",\"target\":{\"@type\":\"EntryPoint\",\"urlTemplate\":\"https:\\\/\\\/bre-trafo.de\\\/pt\\\/?s={search_term_string}\"},\"query-input\":{\"@type\":\"PropertyValueSpecification\",\"valueRequired\":true,\"valueName\":\"search_term_string\"}}],\"inLanguage\":\"pt-PT\"},{\"@type\":\"Organization\",\"@id\":\"https:\\\/\\\/bre-trafo.de\\\/pt\\\/#organization\",\"name\":\"Breimer-Roth Transformatoren Erbach\",\"url\":\"https:\\\/\\\/bre-trafo.de\\\/pt\\\/\",\"logo\":{\"@type\":\"ImageObject\",\"inLanguage\":\"pt-PT\",\"@id\":\"https:\\\/\\\/bre-trafo.de\\\/pt\\\/#\\\/schema\\\/logo\\\/image\\\/\",\"url\":\"https:\\\/\\\/bre-trafo.de\\\/wp-content\\\/uploads\\\/2025\\\/01\\\/Breimer-Roth-Sonderlogo_farbig.svg\",\"contentUrl\":\"https:\\\/\\\/bre-trafo.de\\\/wp-content\\\/uploads\\\/2025\\\/01\\\/Breimer-Roth-Sonderlogo_farbig.svg\",\"caption\":\"Breimer-Roth Transformatoren Erbach\"},\"image\":{\"@id\":\"https:\\\/\\\/bre-trafo.de\\\/pt\\\/#\\\/schema\\\/logo\\\/image\\\/\"}}]}<\/script>\n<!-- \/ Yoast SEO plugin. -->","yoast_head_json":{"title":"BERS 832 Autotransformadores toroidais monof\u00e1sicos vari\u00e1veis","description":"Autotransformadores toroidais vari\u00e1veis monof\u00e1sicos BERS 832 da f\u00e1brica de transformadores Breimer-Roth \u2794 S\u00e9rie 832 \u2714 Design compacto \u2714 Classe de isolamento B \u2714 10-200 A \u2714.","robots":{"index":"index","follow":"follow","max-snippet":"max-snippet:-1","max-image-preview":"max-image-preview:large","max-video-preview":"max-video-preview:-1"},"canonical":"https:\/\/bre-trafo.de\/pt\/transformadores\/transformadores-toroidais-variaveis\/autotransformadores-toroidais-variaveis-monofasicos-bers-832\/","og_locale":"pt_PT","og_type":"article","og_title":"BERS 832 Autotransformadores toroidais monof\u00e1sicos vari\u00e1veis","og_description":"Autotransformadores toroidais vari\u00e1veis monof\u00e1sicos BERS 832 da f\u00e1brica de transformadores Breimer-Roth \u2794 S\u00e9rie 832 \u2714 Design compacto \u2714 Classe de isolamento B \u2714 10-200 A \u2714.","og_url":"https:\/\/bre-trafo.de\/pt\/transformadores\/transformadores-toroidais-variaveis\/autotransformadores-toroidais-variaveis-monofasicos-bers-832\/","og_site_name":"Breimer-Roth Transformatoren","article_modified_time":"2025-10-16T15:34:16+00:00","twitter_card":"summary_large_image","schema":{"@context":"https:\/\/schema.org","@graph":[{"@type":"WebPage","@id":"https:\/\/bre-trafo.de\/pt\/transformadores\/transformadores-toroidais-variaveis\/autotransformadores-toroidais-variaveis-monofasicos-bers-832\/","url":"https:\/\/bre-trafo.de\/pt\/transformadores\/transformadores-toroidais-variaveis\/autotransformadores-toroidais-variaveis-monofasicos-bers-832\/","name":"BERS 832 Autotransformadores toroidais monof\u00e1sicos vari\u00e1veis","isPartOf":{"@id":"https:\/\/bre-trafo.de\/pt\/#website"},"datePublished":"2018-05-02T10:03:09+00:00","dateModified":"2025-10-16T15:34:16+00:00","description":"Autotransformadores toroidais vari\u00e1veis monof\u00e1sicos BERS 832 da f\u00e1brica de transformadores Breimer-Roth \u2794 S\u00e9rie 832 \u2714 Design compacto \u2714 Classe de isolamento B \u2714 10-200 A \u2714.","breadcrumb":{"@id":"https:\/\/bre-trafo.de\/pt\/transformadores\/transformadores-toroidais-variaveis\/autotransformadores-toroidais-variaveis-monofasicos-bers-832\/#breadcrumb"},"inLanguage":"pt-PT","potentialAction":[{"@type":"ReadAction","target":["https:\/\/bre-trafo.de\/pt\/transformadores\/transformadores-toroidais-variaveis\/autotransformadores-toroidais-variaveis-monofasicos-bers-832\/"]}]},{"@type":"BreadcrumbList","@id":"https:\/\/bre-trafo.de\/pt\/transformadores\/transformadores-toroidais-variaveis\/autotransformadores-toroidais-variaveis-monofasicos-bers-832\/#breadcrumb","itemListElement":[{"@type":"ListItem","position":1,"name":"Home","item":"https:\/\/bre-trafo.de\/pt\/inicio\/"},{"@type":"ListItem","position":2,"name":"Transformadores","item":"https:\/\/bre-trafo.de\/pt\/transformadores\/"},{"@type":"ListItem","position":3,"name":"Transformadores toroidais vari\u00e1veis","item":"https:\/\/bre-trafo.de\/pt\/transformadores\/transformadores-toroidais-variaveis\/"},{"@type":"ListItem","position":4,"name":"Autotransformadores toroidais vari\u00e1veis monof\u00e1sicos BERS 832"}]},{"@type":"WebSite","@id":"https:\/\/bre-trafo.de\/pt\/#website","url":"https:\/\/bre-trafo.de\/pt\/","name":"Breimer-Roth Transformatoren","description":"Trafo Hersteller","publisher":{"@id":"https:\/\/bre-trafo.de\/pt\/#organization"},"potentialAction":[{"@type":"SearchAction","target":{"@type":"EntryPoint","urlTemplate":"https:\/\/bre-trafo.de\/pt\/?s={search_term_string}"},"query-input":{"@type":"PropertyValueSpecification","valueRequired":true,"valueName":"search_term_string"}}],"inLanguage":"pt-PT"},{"@type":"Organization","@id":"https:\/\/bre-trafo.de\/pt\/#organization","name":"Breimer-Roth Transformatoren Erbach","url":"https:\/\/bre-trafo.de\/pt\/","logo":{"@type":"ImageObject","inLanguage":"pt-PT","@id":"https:\/\/bre-trafo.de\/pt\/#\/schema\/logo\/image\/","url":"https:\/\/bre-trafo.de\/wp-content\/uploads\/2025\/01\/Breimer-Roth-Sonderlogo_farbig.svg","contentUrl":"https:\/\/bre-trafo.de\/wp-content\/uploads\/2025\/01\/Breimer-Roth-Sonderlogo_farbig.svg","caption":"Breimer-Roth Transformatoren Erbach"},"image":{"@id":"https:\/\/bre-trafo.de\/pt\/#\/schema\/logo\/image\/"}}]}},"_links":{"self":[{"href":"https:\/\/bre-trafo.de\/pt\/wp-json\/wp\/v2\/pages\/17871","targetHints":{"allow":["GET"]}}],"collection":[{"href":"https:\/\/bre-trafo.de\/pt\/wp-json\/wp\/v2\/pages"}],"about":[{"href":"https:\/\/bre-trafo.de\/pt\/wp-json\/wp\/v2\/types\/page"}],"author":[{"embeddable":true,"href":"https:\/\/bre-trafo.de\/pt\/wp-json\/wp\/v2\/users\/6"}],"replies":[{"embeddable":true,"href":"https:\/\/bre-trafo.de\/pt\/wp-json\/wp\/v2\/comments?post=17871"}],"version-history":[{"count":1,"href":"https:\/\/bre-trafo.de\/pt\/wp-json\/wp\/v2\/pages\/17871\/revisions"}],"predecessor-version":[{"id":20105,"href":"https:\/\/bre-trafo.de\/pt\/wp-json\/wp\/v2\/pages\/17871\/revisions\/20105"}],"up":[{"embeddable":true,"href":"https:\/\/bre-trafo.de\/pt\/wp-json\/wp\/v2\/pages\/17471"}],"wp:attachment":[{"href":"https:\/\/bre-trafo.de\/pt\/wp-json\/wp\/v2\/media?parent=17871"}],"curies":[{"name":"wp","href":"https:\/\/api.w.org\/{rel}","templated":true}]}}