{"id":17532,"date":"2021-02-09T11:54:26","date_gmt":"2021-02-09T10:54:26","guid":{"rendered":"https:\/\/bre-trafo.de\/aparelhagem\/"},"modified":"2025-10-16T17:58:57","modified_gmt":"2025-10-16T15:58:57","slug":"aparelhagem-2","status":"publish","type":"page","link":"https:\/\/bre-trafo.de\/pt\/quadros-electricos-e-bancos-de-ensaio\/aparelhagem-2\/","title":{"rendered":"Aparelhagem"},"content":{"rendered":"","protected":false},"excerpt":{"rendered":"","protected":false},"author":12,"featured_media":0,"parent":17619,"menu_order":0,"comment_status":"closed","ping_status":"closed","template":"templates\/contentbuilder.php","meta":{"_acf_changed":false,"footnotes":""},"class_list":["post-17532","page","type-page","status-publish","hentry"],"acf":[],"yoast_head":"<!-- This site is optimized with the Yoast SEO plugin v27.3 - https:\/\/yoast.com\/product\/yoast-seo-wordpress\/ -->\n<title>Aparelhagem el\u00e9ctrica - Transformadores Breimer-Roth<\/title>\n<meta name=\"description\" content=\"Aparelhos de comuta\u00e7\u00e3o da f\u00e1brica de transformadores Breimer-Roth para distribui\u00e7\u00e3o de energia em redes de corrente alternada \u2794 Planeamento, conce\u00e7\u00e3o e constru\u00e7\u00e3o \u2714\" \/>\n<meta name=\"robots\" content=\"index, follow, max-snippet:-1, max-image-preview:large, max-video-preview:-1\" \/>\n<link rel=\"canonical\" href=\"https:\/\/bre-trafo.de\/pt\/quadros-electricos-e-bancos-de-ensaio\/aparelhagem-2\/\" \/>\n<meta property=\"og:locale\" content=\"pt_PT\" \/>\n<meta property=\"og:type\" content=\"article\" \/>\n<meta property=\"og:title\" content=\"Aparelhagem el\u00e9ctrica - Transformadores Breimer-Roth\" \/>\n<meta property=\"og:description\" content=\"Aparelhos de comuta\u00e7\u00e3o da f\u00e1brica de transformadores Breimer-Roth para distribui\u00e7\u00e3o de energia em redes de corrente alternada \u2794 Planeamento, conce\u00e7\u00e3o e constru\u00e7\u00e3o \u2714\" \/>\n<meta property=\"og:url\" content=\"https:\/\/bre-trafo.de\/pt\/quadros-electricos-e-bancos-de-ensaio\/aparelhagem-2\/\" \/>\n<meta property=\"og:site_name\" content=\"Breimer-Roth Transformatoren\" \/>\n<meta property=\"article:modified_time\" content=\"2025-10-16T15:58:57+00:00\" \/>\n<meta name=\"twitter:card\" content=\"summary_large_image\" \/>\n<script type=\"application\/ld+json\" class=\"yoast-schema-graph\">{\"@context\":\"https:\\\/\\\/schema.org\",\"@graph\":[{\"@type\":\"WebPage\",\"@id\":\"https:\\\/\\\/bre-trafo.de\\\/pt\\\/quadros-electricos-e-bancos-de-ensaio\\\/aparelhagem-2\\\/\",\"url\":\"https:\\\/\\\/bre-trafo.de\\\/pt\\\/quadros-electricos-e-bancos-de-ensaio\\\/aparelhagem-2\\\/\",\"name\":\"Aparelhagem el\u00e9ctrica - Transformadores Breimer-Roth\",\"isPartOf\":{\"@id\":\"https:\\\/\\\/bre-trafo.de\\\/pt\\\/#website\"},\"datePublished\":\"2021-02-09T10:54:26+00:00\",\"dateModified\":\"2025-10-16T15:58:57+00:00\",\"description\":\"Aparelhos de comuta\u00e7\u00e3o da f\u00e1brica de transformadores Breimer-Roth para distribui\u00e7\u00e3o de energia em redes de corrente alternada \u2794 Planeamento, conce\u00e7\u00e3o e constru\u00e7\u00e3o \u2714\",\"breadcrumb\":{\"@id\":\"https:\\\/\\\/bre-trafo.de\\\/pt\\\/quadros-electricos-e-bancos-de-ensaio\\\/aparelhagem-2\\\/#breadcrumb\"},\"inLanguage\":\"pt-PT\",\"potentialAction\":[{\"@type\":\"ReadAction\",\"target\":[\"https:\\\/\\\/bre-trafo.de\\\/pt\\\/quadros-electricos-e-bancos-de-ensaio\\\/aparelhagem-2\\\/\"]}]},{\"@type\":\"BreadcrumbList\",\"@id\":\"https:\\\/\\\/bre-trafo.de\\\/pt\\\/quadros-electricos-e-bancos-de-ensaio\\\/aparelhagem-2\\\/#breadcrumb\",\"itemListElement\":[{\"@type\":\"ListItem\",\"position\":1,\"name\":\"Home\",\"item\":\"https:\\\/\\\/bre-trafo.de\\\/pt\\\/inicio\\\/\"},{\"@type\":\"ListItem\",\"position\":2,\"name\":\"Quadros el\u00e9ctricos e bancos de ensaio\",\"item\":\"https:\\\/\\\/bre-trafo.de\\\/pt\\\/quadros-electricos-e-bancos-de-ensaio\\\/\"},{\"@type\":\"ListItem\",\"position\":3,\"name\":\"Aparelhagem\"}]},{\"@type\":\"WebSite\",\"@id\":\"https:\\\/\\\/bre-trafo.de\\\/pt\\\/#website\",\"url\":\"https:\\\/\\\/bre-trafo.de\\\/pt\\\/\",\"name\":\"Breimer-Roth Transformatoren\",\"description\":\"Trafo Hersteller\",\"publisher\":{\"@id\":\"https:\\\/\\\/bre-trafo.de\\\/pt\\\/#organization\"},\"potentialAction\":[{\"@type\":\"SearchAction\",\"target\":{\"@type\":\"EntryPoint\",\"urlTemplate\":\"https:\\\/\\\/bre-trafo.de\\\/pt\\\/?s={search_term_string}\"},\"query-input\":{\"@type\":\"PropertyValueSpecification\",\"valueRequired\":true,\"valueName\":\"search_term_string\"}}],\"inLanguage\":\"pt-PT\"},{\"@type\":\"Organization\",\"@id\":\"https:\\\/\\\/bre-trafo.de\\\/pt\\\/#organization\",\"name\":\"Breimer-Roth Transformatoren Erbach\",\"url\":\"https:\\\/\\\/bre-trafo.de\\\/pt\\\/\",\"logo\":{\"@type\":\"ImageObject\",\"inLanguage\":\"pt-PT\",\"@id\":\"https:\\\/\\\/bre-trafo.de\\\/pt\\\/#\\\/schema\\\/logo\\\/image\\\/\",\"url\":\"https:\\\/\\\/bre-trafo.de\\\/wp-content\\\/uploads\\\/2025\\\/01\\\/Breimer-Roth-Sonderlogo_farbig.svg\",\"contentUrl\":\"https:\\\/\\\/bre-trafo.de\\\/wp-content\\\/uploads\\\/2025\\\/01\\\/Breimer-Roth-Sonderlogo_farbig.svg\",\"caption\":\"Breimer-Roth Transformatoren Erbach\"},\"image\":{\"@id\":\"https:\\\/\\\/bre-trafo.de\\\/pt\\\/#\\\/schema\\\/logo\\\/image\\\/\"}}]}<\/script>\n<!-- \/ Yoast SEO plugin. -->","yoast_head_json":{"title":"Aparelhagem el\u00e9ctrica - Transformadores Breimer-Roth","description":"Aparelhos de comuta\u00e7\u00e3o da f\u00e1brica de transformadores Breimer-Roth para distribui\u00e7\u00e3o de energia em redes de corrente alternada \u2794 Planeamento, conce\u00e7\u00e3o e constru\u00e7\u00e3o \u2714","robots":{"index":"index","follow":"follow","max-snippet":"max-snippet:-1","max-image-preview":"max-image-preview:large","max-video-preview":"max-video-preview:-1"},"canonical":"https:\/\/bre-trafo.de\/pt\/quadros-electricos-e-bancos-de-ensaio\/aparelhagem-2\/","og_locale":"pt_PT","og_type":"article","og_title":"Aparelhagem el\u00e9ctrica - Transformadores Breimer-Roth","og_description":"Aparelhos de comuta\u00e7\u00e3o da f\u00e1brica de transformadores Breimer-Roth para distribui\u00e7\u00e3o de energia em redes de corrente alternada \u2794 Planeamento, conce\u00e7\u00e3o e constru\u00e7\u00e3o \u2714","og_url":"https:\/\/bre-trafo.de\/pt\/quadros-electricos-e-bancos-de-ensaio\/aparelhagem-2\/","og_site_name":"Breimer-Roth Transformatoren","article_modified_time":"2025-10-16T15:58:57+00:00","twitter_card":"summary_large_image","schema":{"@context":"https:\/\/schema.org","@graph":[{"@type":"WebPage","@id":"https:\/\/bre-trafo.de\/pt\/quadros-electricos-e-bancos-de-ensaio\/aparelhagem-2\/","url":"https:\/\/bre-trafo.de\/pt\/quadros-electricos-e-bancos-de-ensaio\/aparelhagem-2\/","name":"Aparelhagem el\u00e9ctrica - Transformadores Breimer-Roth","isPartOf":{"@id":"https:\/\/bre-trafo.de\/pt\/#website"},"datePublished":"2021-02-09T10:54:26+00:00","dateModified":"2025-10-16T15:58:57+00:00","description":"Aparelhos de comuta\u00e7\u00e3o da f\u00e1brica de transformadores Breimer-Roth para distribui\u00e7\u00e3o de energia em redes de corrente alternada \u2794 Planeamento, conce\u00e7\u00e3o e constru\u00e7\u00e3o \u2714","breadcrumb":{"@id":"https:\/\/bre-trafo.de\/pt\/quadros-electricos-e-bancos-de-ensaio\/aparelhagem-2\/#breadcrumb"},"inLanguage":"pt-PT","potentialAction":[{"@type":"ReadAction","target":["https:\/\/bre-trafo.de\/pt\/quadros-electricos-e-bancos-de-ensaio\/aparelhagem-2\/"]}]},{"@type":"BreadcrumbList","@id":"https:\/\/bre-trafo.de\/pt\/quadros-electricos-e-bancos-de-ensaio\/aparelhagem-2\/#breadcrumb","itemListElement":[{"@type":"ListItem","position":1,"name":"Home","item":"https:\/\/bre-trafo.de\/pt\/inicio\/"},{"@type":"ListItem","position":2,"name":"Quadros el\u00e9ctricos e bancos de ensaio","item":"https:\/\/bre-trafo.de\/pt\/quadros-electricos-e-bancos-de-ensaio\/"},{"@type":"ListItem","position":3,"name":"Aparelhagem"}]},{"@type":"WebSite","@id":"https:\/\/bre-trafo.de\/pt\/#website","url":"https:\/\/bre-trafo.de\/pt\/","name":"Breimer-Roth Transformatoren","description":"Trafo Hersteller","publisher":{"@id":"https:\/\/bre-trafo.de\/pt\/#organization"},"potentialAction":[{"@type":"SearchAction","target":{"@type":"EntryPoint","urlTemplate":"https:\/\/bre-trafo.de\/pt\/?s={search_term_string}"},"query-input":{"@type":"PropertyValueSpecification","valueRequired":true,"valueName":"search_term_string"}}],"inLanguage":"pt-PT"},{"@type":"Organization","@id":"https:\/\/bre-trafo.de\/pt\/#organization","name":"Breimer-Roth Transformatoren Erbach","url":"https:\/\/bre-trafo.de\/pt\/","logo":{"@type":"ImageObject","inLanguage":"pt-PT","@id":"https:\/\/bre-trafo.de\/pt\/#\/schema\/logo\/image\/","url":"https:\/\/bre-trafo.de\/wp-content\/uploads\/2025\/01\/Breimer-Roth-Sonderlogo_farbig.svg","contentUrl":"https:\/\/bre-trafo.de\/wp-content\/uploads\/2025\/01\/Breimer-Roth-Sonderlogo_farbig.svg","caption":"Breimer-Roth Transformatoren Erbach"},"image":{"@id":"https:\/\/bre-trafo.de\/pt\/#\/schema\/logo\/image\/"}}]}},"_links":{"self":[{"href":"https:\/\/bre-trafo.de\/pt\/wp-json\/wp\/v2\/pages\/17532","targetHints":{"allow":["GET"]}}],"collection":[{"href":"https:\/\/bre-trafo.de\/pt\/wp-json\/wp\/v2\/pages"}],"about":[{"href":"https:\/\/bre-trafo.de\/pt\/wp-json\/wp\/v2\/types\/page"}],"author":[{"embeddable":true,"href":"https:\/\/bre-trafo.de\/pt\/wp-json\/wp\/v2\/users\/12"}],"replies":[{"embeddable":true,"href":"https:\/\/bre-trafo.de\/pt\/wp-json\/wp\/v2\/comments?post=17532"}],"version-history":[{"count":1,"href":"https:\/\/bre-trafo.de\/pt\/wp-json\/wp\/v2\/pages\/17532\/revisions"}],"predecessor-version":[{"id":17620,"href":"https:\/\/bre-trafo.de\/pt\/wp-json\/wp\/v2\/pages\/17532\/revisions\/17620"}],"up":[{"embeddable":true,"href":"https:\/\/bre-trafo.de\/pt\/wp-json\/wp\/v2\/pages\/17619"}],"wp:attachment":[{"href":"https:\/\/bre-trafo.de\/pt\/wp-json\/wp\/v2\/media?parent=17532"}],"curies":[{"name":"wp","href":"https:\/\/api.w.org\/{rel}","templated":true}]}}