{"id":7929,"date":"2021-04-26T15:52:05","date_gmt":"2021-04-26T13:52:05","guid":{"rendered":"https:\/\/dev.bre-trafo.de\/produits-homologues-ul\/buf-ul-csa\/"},"modified":"2025-10-16T17:58:27","modified_gmt":"2025-10-16T15:58:27","slug":"buf-ul-csa","status":"publish","type":"page","link":"https:\/\/bre-trafo.de\/fr\/produits-compatibles-ul\/buf-ul-csa\/","title":{"rendered":"BUF UL"},"content":{"rendered":"","protected":false},"excerpt":{"rendered":"","protected":false},"author":12,"featured_media":0,"parent":7923,"menu_order":0,"comment_status":"closed","ping_status":"closed","template":"templates\/contentbuilder.php","meta":{"_acf_changed":false,"footnotes":""},"class_list":["post-7929","page","type-page","status-publish","hentry"],"acf":[],"yoast_head":"<!-- This site is optimized with the Yoast SEO plugin v27.3 - https:\/\/yoast.com\/product\/yoast-seo-wordpress\/ -->\n<title>Transformateurs monophas\u00e9s BUF, co\u00fbts optimis\u00e9s, version sp\u00e9cifique au client jusqu&#039;\u00e0 25 kVA | Breimer-Roth<\/title>\n<meta name=\"description\" content=\"Transformateurs monophas\u00e9s BUF de l&#039;usine de transformateurs Breimer-Roth \u2794 co\u00fbts optimis\u00e9s \u2714 versions sp\u00e9cifiques au client \u2714 250 VA - 100 kVA \u2714.\" \/>\n<meta name=\"robots\" content=\"index, follow, max-snippet:-1, max-image-preview:large, max-video-preview:-1\" \/>\n<link rel=\"canonical\" href=\"https:\/\/bre-trafo.de\/fr\/produits-compatibles-ul\/buf-ul-csa\/\" \/>\n<meta property=\"og:locale\" content=\"fr_FR\" \/>\n<meta property=\"og:type\" content=\"article\" \/>\n<meta property=\"og:title\" content=\"Transformateurs monophas\u00e9s BUF, co\u00fbts optimis\u00e9s, version sp\u00e9cifique au client jusqu&#039;\u00e0 25 kVA | Breimer-Roth\" \/>\n<meta property=\"og:description\" content=\"Transformateurs monophas\u00e9s BUF de l&#039;usine de transformateurs Breimer-Roth \u2794 co\u00fbts optimis\u00e9s \u2714 versions sp\u00e9cifiques au client \u2714 250 VA - 100 kVA \u2714.\" \/>\n<meta property=\"og:url\" content=\"https:\/\/bre-trafo.de\/fr\/produits-compatibles-ul\/buf-ul-csa\/\" \/>\n<meta property=\"og:site_name\" content=\"Breimer-Roth Transformatoren\" \/>\n<meta property=\"article:modified_time\" content=\"2025-10-16T15:58:27+00:00\" \/>\n<meta name=\"twitter:card\" content=\"summary_large_image\" \/>\n<script type=\"application\/ld+json\" class=\"yoast-schema-graph\">{\"@context\":\"https:\\\/\\\/schema.org\",\"@graph\":[{\"@type\":\"WebPage\",\"@id\":\"https:\\\/\\\/bre-trafo.de\\\/fr\\\/produits-compatibles-ul\\\/buf-ul-csa\\\/\",\"url\":\"https:\\\/\\\/bre-trafo.de\\\/fr\\\/produits-compatibles-ul\\\/buf-ul-csa\\\/\",\"name\":\"Transformateurs monophas\u00e9s BUF, co\u00fbts optimis\u00e9s, version sp\u00e9cifique au client jusqu'\u00e0 25 kVA | Breimer-Roth\",\"isPartOf\":{\"@id\":\"https:\\\/\\\/bre-trafo.de\\\/fr\\\/#website\"},\"datePublished\":\"2021-04-26T13:52:05+00:00\",\"dateModified\":\"2025-10-16T15:58:27+00:00\",\"description\":\"Transformateurs monophas\u00e9s BUF de l'usine de transformateurs Breimer-Roth \u2794 co\u00fbts optimis\u00e9s \u2714 versions sp\u00e9cifiques au client \u2714 250 VA - 100 kVA \u2714.\",\"breadcrumb\":{\"@id\":\"https:\\\/\\\/bre-trafo.de\\\/fr\\\/produits-compatibles-ul\\\/buf-ul-csa\\\/#breadcrumb\"},\"inLanguage\":\"fr-FR\",\"potentialAction\":[{\"@type\":\"ReadAction\",\"target\":[\"https:\\\/\\\/bre-trafo.de\\\/fr\\\/produits-compatibles-ul\\\/buf-ul-csa\\\/\"]}]},{\"@type\":\"BreadcrumbList\",\"@id\":\"https:\\\/\\\/bre-trafo.de\\\/fr\\\/produits-compatibles-ul\\\/buf-ul-csa\\\/#breadcrumb\",\"itemListElement\":[{\"@type\":\"ListItem\",\"position\":1,\"name\":\"Home\",\"item\":\"https:\\\/\\\/bre-trafo.de\\\/fr\\\/accueil\\\/\"},{\"@type\":\"ListItem\",\"position\":2,\"name\":\"Produits homologu\u00e9s UL\",\"item\":\"https:\\\/\\\/bre-trafo.de\\\/fr\\\/produits-compatibles-ul\\\/\"},{\"@type\":\"ListItem\",\"position\":3,\"name\":\"BUF UL\"}]},{\"@type\":\"WebSite\",\"@id\":\"https:\\\/\\\/bre-trafo.de\\\/fr\\\/#website\",\"url\":\"https:\\\/\\\/bre-trafo.de\\\/fr\\\/\",\"name\":\"Breimer-Roth Transformatoren\",\"description\":\"Trafo Hersteller\",\"publisher\":{\"@id\":\"https:\\\/\\\/bre-trafo.de\\\/fr\\\/#organization\"},\"potentialAction\":[{\"@type\":\"SearchAction\",\"target\":{\"@type\":\"EntryPoint\",\"urlTemplate\":\"https:\\\/\\\/bre-trafo.de\\\/fr\\\/?s={search_term_string}\"},\"query-input\":{\"@type\":\"PropertyValueSpecification\",\"valueRequired\":true,\"valueName\":\"search_term_string\"}}],\"inLanguage\":\"fr-FR\"},{\"@type\":\"Organization\",\"@id\":\"https:\\\/\\\/bre-trafo.de\\\/fr\\\/#organization\",\"name\":\"Breimer-Roth Transformatoren Erbach\",\"url\":\"https:\\\/\\\/bre-trafo.de\\\/fr\\\/\",\"logo\":{\"@type\":\"ImageObject\",\"inLanguage\":\"fr-FR\",\"@id\":\"https:\\\/\\\/bre-trafo.de\\\/fr\\\/#\\\/schema\\\/logo\\\/image\\\/\",\"url\":\"https:\\\/\\\/bre-trafo.de\\\/wp-content\\\/uploads\\\/2025\\\/01\\\/Breimer-Roth-Sonderlogo_farbig.svg\",\"contentUrl\":\"https:\\\/\\\/bre-trafo.de\\\/wp-content\\\/uploads\\\/2025\\\/01\\\/Breimer-Roth-Sonderlogo_farbig.svg\",\"caption\":\"Breimer-Roth Transformatoren Erbach\"},\"image\":{\"@id\":\"https:\\\/\\\/bre-trafo.de\\\/fr\\\/#\\\/schema\\\/logo\\\/image\\\/\"}}]}<\/script>\n<!-- \/ Yoast SEO plugin. -->","yoast_head_json":{"title":"Transformateurs monophas\u00e9s BUF, co\u00fbts optimis\u00e9s, version sp\u00e9cifique au client jusqu'\u00e0 25 kVA | Breimer-Roth","description":"Transformateurs monophas\u00e9s BUF de l'usine de transformateurs Breimer-Roth \u2794 co\u00fbts optimis\u00e9s \u2714 versions sp\u00e9cifiques au client \u2714 250 VA - 100 kVA \u2714.","robots":{"index":"index","follow":"follow","max-snippet":"max-snippet:-1","max-image-preview":"max-image-preview:large","max-video-preview":"max-video-preview:-1"},"canonical":"https:\/\/bre-trafo.de\/fr\/produits-compatibles-ul\/buf-ul-csa\/","og_locale":"fr_FR","og_type":"article","og_title":"Transformateurs monophas\u00e9s BUF, co\u00fbts optimis\u00e9s, version sp\u00e9cifique au client jusqu'\u00e0 25 kVA | Breimer-Roth","og_description":"Transformateurs monophas\u00e9s BUF de l'usine de transformateurs Breimer-Roth \u2794 co\u00fbts optimis\u00e9s \u2714 versions sp\u00e9cifiques au client \u2714 250 VA - 100 kVA \u2714.","og_url":"https:\/\/bre-trafo.de\/fr\/produits-compatibles-ul\/buf-ul-csa\/","og_site_name":"Breimer-Roth Transformatoren","article_modified_time":"2025-10-16T15:58:27+00:00","twitter_card":"summary_large_image","schema":{"@context":"https:\/\/schema.org","@graph":[{"@type":"WebPage","@id":"https:\/\/bre-trafo.de\/fr\/produits-compatibles-ul\/buf-ul-csa\/","url":"https:\/\/bre-trafo.de\/fr\/produits-compatibles-ul\/buf-ul-csa\/","name":"Transformateurs monophas\u00e9s BUF, co\u00fbts optimis\u00e9s, version sp\u00e9cifique au client jusqu'\u00e0 25 kVA | Breimer-Roth","isPartOf":{"@id":"https:\/\/bre-trafo.de\/fr\/#website"},"datePublished":"2021-04-26T13:52:05+00:00","dateModified":"2025-10-16T15:58:27+00:00","description":"Transformateurs monophas\u00e9s BUF de l'usine de transformateurs Breimer-Roth \u2794 co\u00fbts optimis\u00e9s \u2714 versions sp\u00e9cifiques au client \u2714 250 VA - 100 kVA \u2714.","breadcrumb":{"@id":"https:\/\/bre-trafo.de\/fr\/produits-compatibles-ul\/buf-ul-csa\/#breadcrumb"},"inLanguage":"fr-FR","potentialAction":[{"@type":"ReadAction","target":["https:\/\/bre-trafo.de\/fr\/produits-compatibles-ul\/buf-ul-csa\/"]}]},{"@type":"BreadcrumbList","@id":"https:\/\/bre-trafo.de\/fr\/produits-compatibles-ul\/buf-ul-csa\/#breadcrumb","itemListElement":[{"@type":"ListItem","position":1,"name":"Home","item":"https:\/\/bre-trafo.de\/fr\/accueil\/"},{"@type":"ListItem","position":2,"name":"Produits homologu\u00e9s UL","item":"https:\/\/bre-trafo.de\/fr\/produits-compatibles-ul\/"},{"@type":"ListItem","position":3,"name":"BUF UL"}]},{"@type":"WebSite","@id":"https:\/\/bre-trafo.de\/fr\/#website","url":"https:\/\/bre-trafo.de\/fr\/","name":"Breimer-Roth Transformatoren","description":"Trafo Hersteller","publisher":{"@id":"https:\/\/bre-trafo.de\/fr\/#organization"},"potentialAction":[{"@type":"SearchAction","target":{"@type":"EntryPoint","urlTemplate":"https:\/\/bre-trafo.de\/fr\/?s={search_term_string}"},"query-input":{"@type":"PropertyValueSpecification","valueRequired":true,"valueName":"search_term_string"}}],"inLanguage":"fr-FR"},{"@type":"Organization","@id":"https:\/\/bre-trafo.de\/fr\/#organization","name":"Breimer-Roth Transformatoren Erbach","url":"https:\/\/bre-trafo.de\/fr\/","logo":{"@type":"ImageObject","inLanguage":"fr-FR","@id":"https:\/\/bre-trafo.de\/fr\/#\/schema\/logo\/image\/","url":"https:\/\/bre-trafo.de\/wp-content\/uploads\/2025\/01\/Breimer-Roth-Sonderlogo_farbig.svg","contentUrl":"https:\/\/bre-trafo.de\/wp-content\/uploads\/2025\/01\/Breimer-Roth-Sonderlogo_farbig.svg","caption":"Breimer-Roth Transformatoren Erbach"},"image":{"@id":"https:\/\/bre-trafo.de\/fr\/#\/schema\/logo\/image\/"}}]}},"_links":{"self":[{"href":"https:\/\/bre-trafo.de\/fr\/wp-json\/wp\/v2\/pages\/7929","targetHints":{"allow":["GET"]}}],"collection":[{"href":"https:\/\/bre-trafo.de\/fr\/wp-json\/wp\/v2\/pages"}],"about":[{"href":"https:\/\/bre-trafo.de\/fr\/wp-json\/wp\/v2\/types\/page"}],"author":[{"embeddable":true,"href":"https:\/\/bre-trafo.de\/fr\/wp-json\/wp\/v2\/users\/12"}],"replies":[{"embeddable":true,"href":"https:\/\/bre-trafo.de\/fr\/wp-json\/wp\/v2\/comments?post=7929"}],"version-history":[{"count":1,"href":"https:\/\/bre-trafo.de\/fr\/wp-json\/wp\/v2\/pages\/7929\/revisions"}],"predecessor-version":[{"id":10435,"href":"https:\/\/bre-trafo.de\/fr\/wp-json\/wp\/v2\/pages\/7929\/revisions\/10435"}],"up":[{"embeddable":true,"href":"https:\/\/bre-trafo.de\/fr\/wp-json\/wp\/v2\/pages\/7923"}],"wp:attachment":[{"href":"https:\/\/bre-trafo.de\/fr\/wp-json\/wp\/v2\/media?parent=7929"}],"curies":[{"name":"wp","href":"https:\/\/api.w.org\/{rel}","templated":true}]}}