{"id":7903,"date":"2018-04-27T11:58:18","date_gmt":"2018-04-27T09:58:18","guid":{"rendered":"https:\/\/dev.bre-trafo.de\/transformateurs\/transformateurs-monophases\/transformateurs-disolement-monophases-pour-lalimentation-de-locaux-a-usage-medical-bmed-jusqua-10-kva\/"},"modified":"2025-10-16T17:46:38","modified_gmt":"2025-10-16T15:46:38","slug":"transformateurs-disolement-monophases-pour-lalimentation-de-locaux-a-usage-medical-bmed-jusqua-10-kva","status":"publish","type":"page","link":"https:\/\/bre-trafo.de\/fr\/transformateurs\/transformateurs-monophases\/transformateurs-disolement-monophases-pour-lalimentation-de-locaux-a-usage-medical-bmed-jusqua-10-kva\/","title":{"rendered":"Transformateurs d&rsquo;isolement monophas\u00e9s pour l&rsquo;alimentation de locaux \u00e0 usage m\u00e9dical BMED jusqu&rsquo;\u00e0 10 kVA"},"content":{"rendered":"","protected":false},"excerpt":{"rendered":"","protected":false},"author":6,"featured_media":0,"parent":7862,"menu_order":0,"comment_status":"closed","ping_status":"closed","template":"templates\/contentbuilder.php","meta":{"_acf_changed":false,"footnotes":""},"class_list":["post-7903","page","type-page","status-publish","hentry"],"acf":[],"yoast_head":"<!-- This site is optimized with the Yoast SEO plugin v27.3 - https:\/\/yoast.com\/product\/yoast-seo-wordpress\/ -->\n<title>Transformateurs d&#039;isolement monophas\u00e9s pour l&#039;alimentation de locaux \u00e0 usage m\u00e9dical BMED jusqu&#039;\u00e0 10 kVA | Breimer-Roth<\/title>\n<meta name=\"description\" content=\"Transformateurs d&#039;isolement monophas\u00e9s BMED de l&#039;usine de transformateurs Breimer-Roth pour l&#039;alimentation de locaux \u00e0 usage m\u00e9dical \u2794 3 - 10 kVA \u2714 faibles pertes \u2714 AC 230 V \u2714.\" \/>\n<meta name=\"robots\" content=\"index, follow, max-snippet:-1, max-image-preview:large, max-video-preview:-1\" \/>\n<link rel=\"canonical\" href=\"https:\/\/bre-trafo.de\/fr\/transformateurs\/transformateurs-monophases\/transformateurs-disolement-monophases-pour-lalimentation-de-locaux-a-usage-medical-bmed-jusqua-10-kva\/\" \/>\n<meta property=\"og:locale\" content=\"fr_FR\" \/>\n<meta property=\"og:type\" content=\"article\" \/>\n<meta property=\"og:title\" content=\"Transformateurs d&#039;isolement monophas\u00e9s pour l&#039;alimentation de locaux \u00e0 usage m\u00e9dical BMED jusqu&#039;\u00e0 10 kVA | Breimer-Roth\" \/>\n<meta property=\"og:description\" content=\"Transformateurs d&#039;isolement monophas\u00e9s BMED de l&#039;usine de transformateurs Breimer-Roth pour l&#039;alimentation de locaux \u00e0 usage m\u00e9dical \u2794 3 - 10 kVA \u2714 faibles pertes \u2714 AC 230 V \u2714.\" \/>\n<meta property=\"og:url\" content=\"https:\/\/bre-trafo.de\/fr\/transformateurs\/transformateurs-monophases\/transformateurs-disolement-monophases-pour-lalimentation-de-locaux-a-usage-medical-bmed-jusqua-10-kva\/\" \/>\n<meta property=\"og:site_name\" content=\"Breimer-Roth Transformatoren\" \/>\n<meta property=\"article:modified_time\" content=\"2025-10-16T15:46:38+00:00\" \/>\n<meta name=\"twitter:card\" content=\"summary_large_image\" \/>\n<script type=\"application\/ld+json\" class=\"yoast-schema-graph\">{\"@context\":\"https:\\\/\\\/schema.org\",\"@graph\":[{\"@type\":\"WebPage\",\"@id\":\"https:\\\/\\\/bre-trafo.de\\\/fr\\\/transformateurs\\\/transformateurs-monophases\\\/transformateurs-disolement-monophases-pour-lalimentation-de-locaux-a-usage-medical-bmed-jusqua-10-kva\\\/\",\"url\":\"https:\\\/\\\/bre-trafo.de\\\/fr\\\/transformateurs\\\/transformateurs-monophases\\\/transformateurs-disolement-monophases-pour-lalimentation-de-locaux-a-usage-medical-bmed-jusqua-10-kva\\\/\",\"name\":\"Transformateurs d'isolement monophas\u00e9s pour l'alimentation de locaux \u00e0 usage m\u00e9dical BMED jusqu'\u00e0 10 kVA | Breimer-Roth\",\"isPartOf\":{\"@id\":\"https:\\\/\\\/bre-trafo.de\\\/fr\\\/#website\"},\"datePublished\":\"2018-04-27T09:58:18+00:00\",\"dateModified\":\"2025-10-16T15:46:38+00:00\",\"description\":\"Transformateurs d'isolement monophas\u00e9s BMED de l'usine de transformateurs Breimer-Roth pour l'alimentation de locaux \u00e0 usage m\u00e9dical \u2794 3 - 10 kVA \u2714 faibles pertes \u2714 AC 230 V \u2714.\",\"breadcrumb\":{\"@id\":\"https:\\\/\\\/bre-trafo.de\\\/fr\\\/transformateurs\\\/transformateurs-monophases\\\/transformateurs-disolement-monophases-pour-lalimentation-de-locaux-a-usage-medical-bmed-jusqua-10-kva\\\/#breadcrumb\"},\"inLanguage\":\"fr-FR\",\"potentialAction\":[{\"@type\":\"ReadAction\",\"target\":[\"https:\\\/\\\/bre-trafo.de\\\/fr\\\/transformateurs\\\/transformateurs-monophases\\\/transformateurs-disolement-monophases-pour-lalimentation-de-locaux-a-usage-medical-bmed-jusqua-10-kva\\\/\"]}]},{\"@type\":\"BreadcrumbList\",\"@id\":\"https:\\\/\\\/bre-trafo.de\\\/fr\\\/transformateurs\\\/transformateurs-monophases\\\/transformateurs-disolement-monophases-pour-lalimentation-de-locaux-a-usage-medical-bmed-jusqua-10-kva\\\/#breadcrumb\",\"itemListElement\":[{\"@type\":\"ListItem\",\"position\":1,\"name\":\"Home\",\"item\":\"https:\\\/\\\/bre-trafo.de\\\/fr\\\/accueil\\\/\"},{\"@type\":\"ListItem\",\"position\":2,\"name\":\"Transformateurs\",\"item\":\"https:\\\/\\\/bre-trafo.de\\\/fr\\\/transformateurs\\\/\"},{\"@type\":\"ListItem\",\"position\":3,\"name\":\"Transformateurs monophas\u00e9s\",\"item\":\"https:\\\/\\\/bre-trafo.de\\\/fr\\\/transformateurs\\\/transformateurs-monophases\\\/\"},{\"@type\":\"ListItem\",\"position\":4,\"name\":\"Transformateurs d&#8217;isolement monophas\u00e9s pour l&#8217;alimentation de locaux \u00e0 usage m\u00e9dical BMED jusqu&#8217;\u00e0 10 kVA\"}]},{\"@type\":\"WebSite\",\"@id\":\"https:\\\/\\\/bre-trafo.de\\\/fr\\\/#website\",\"url\":\"https:\\\/\\\/bre-trafo.de\\\/fr\\\/\",\"name\":\"Breimer-Roth Transformatoren\",\"description\":\"Trafo Hersteller\",\"publisher\":{\"@id\":\"https:\\\/\\\/bre-trafo.de\\\/fr\\\/#organization\"},\"potentialAction\":[{\"@type\":\"SearchAction\",\"target\":{\"@type\":\"EntryPoint\",\"urlTemplate\":\"https:\\\/\\\/bre-trafo.de\\\/fr\\\/?s={search_term_string}\"},\"query-input\":{\"@type\":\"PropertyValueSpecification\",\"valueRequired\":true,\"valueName\":\"search_term_string\"}}],\"inLanguage\":\"fr-FR\"},{\"@type\":\"Organization\",\"@id\":\"https:\\\/\\\/bre-trafo.de\\\/fr\\\/#organization\",\"name\":\"Breimer-Roth Transformatoren Erbach\",\"url\":\"https:\\\/\\\/bre-trafo.de\\\/fr\\\/\",\"logo\":{\"@type\":\"ImageObject\",\"inLanguage\":\"fr-FR\",\"@id\":\"https:\\\/\\\/bre-trafo.de\\\/fr\\\/#\\\/schema\\\/logo\\\/image\\\/\",\"url\":\"https:\\\/\\\/bre-trafo.de\\\/wp-content\\\/uploads\\\/2025\\\/01\\\/Breimer-Roth-Sonderlogo_farbig.svg\",\"contentUrl\":\"https:\\\/\\\/bre-trafo.de\\\/wp-content\\\/uploads\\\/2025\\\/01\\\/Breimer-Roth-Sonderlogo_farbig.svg\",\"caption\":\"Breimer-Roth Transformatoren Erbach\"},\"image\":{\"@id\":\"https:\\\/\\\/bre-trafo.de\\\/fr\\\/#\\\/schema\\\/logo\\\/image\\\/\"}}]}<\/script>\n<!-- \/ Yoast SEO plugin. -->","yoast_head_json":{"title":"Transformateurs d'isolement monophas\u00e9s pour l'alimentation de locaux \u00e0 usage m\u00e9dical BMED jusqu'\u00e0 10 kVA | Breimer-Roth","description":"Transformateurs d'isolement monophas\u00e9s BMED de l'usine de transformateurs Breimer-Roth pour l'alimentation de locaux \u00e0 usage m\u00e9dical \u2794 3 - 10 kVA \u2714 faibles pertes \u2714 AC 230 V \u2714.","robots":{"index":"index","follow":"follow","max-snippet":"max-snippet:-1","max-image-preview":"max-image-preview:large","max-video-preview":"max-video-preview:-1"},"canonical":"https:\/\/bre-trafo.de\/fr\/transformateurs\/transformateurs-monophases\/transformateurs-disolement-monophases-pour-lalimentation-de-locaux-a-usage-medical-bmed-jusqua-10-kva\/","og_locale":"fr_FR","og_type":"article","og_title":"Transformateurs d'isolement monophas\u00e9s pour l'alimentation de locaux \u00e0 usage m\u00e9dical BMED jusqu'\u00e0 10 kVA | Breimer-Roth","og_description":"Transformateurs d'isolement monophas\u00e9s BMED de l'usine de transformateurs Breimer-Roth pour l'alimentation de locaux \u00e0 usage m\u00e9dical \u2794 3 - 10 kVA \u2714 faibles pertes \u2714 AC 230 V \u2714.","og_url":"https:\/\/bre-trafo.de\/fr\/transformateurs\/transformateurs-monophases\/transformateurs-disolement-monophases-pour-lalimentation-de-locaux-a-usage-medical-bmed-jusqua-10-kva\/","og_site_name":"Breimer-Roth Transformatoren","article_modified_time":"2025-10-16T15:46:38+00:00","twitter_card":"summary_large_image","schema":{"@context":"https:\/\/schema.org","@graph":[{"@type":"WebPage","@id":"https:\/\/bre-trafo.de\/fr\/transformateurs\/transformateurs-monophases\/transformateurs-disolement-monophases-pour-lalimentation-de-locaux-a-usage-medical-bmed-jusqua-10-kva\/","url":"https:\/\/bre-trafo.de\/fr\/transformateurs\/transformateurs-monophases\/transformateurs-disolement-monophases-pour-lalimentation-de-locaux-a-usage-medical-bmed-jusqua-10-kva\/","name":"Transformateurs d'isolement monophas\u00e9s pour l'alimentation de locaux \u00e0 usage m\u00e9dical BMED jusqu'\u00e0 10 kVA | Breimer-Roth","isPartOf":{"@id":"https:\/\/bre-trafo.de\/fr\/#website"},"datePublished":"2018-04-27T09:58:18+00:00","dateModified":"2025-10-16T15:46:38+00:00","description":"Transformateurs d'isolement monophas\u00e9s BMED de l'usine de transformateurs Breimer-Roth pour l'alimentation de locaux \u00e0 usage m\u00e9dical \u2794 3 - 10 kVA \u2714 faibles pertes \u2714 AC 230 V \u2714.","breadcrumb":{"@id":"https:\/\/bre-trafo.de\/fr\/transformateurs\/transformateurs-monophases\/transformateurs-disolement-monophases-pour-lalimentation-de-locaux-a-usage-medical-bmed-jusqua-10-kva\/#breadcrumb"},"inLanguage":"fr-FR","potentialAction":[{"@type":"ReadAction","target":["https:\/\/bre-trafo.de\/fr\/transformateurs\/transformateurs-monophases\/transformateurs-disolement-monophases-pour-lalimentation-de-locaux-a-usage-medical-bmed-jusqua-10-kva\/"]}]},{"@type":"BreadcrumbList","@id":"https:\/\/bre-trafo.de\/fr\/transformateurs\/transformateurs-monophases\/transformateurs-disolement-monophases-pour-lalimentation-de-locaux-a-usage-medical-bmed-jusqua-10-kva\/#breadcrumb","itemListElement":[{"@type":"ListItem","position":1,"name":"Home","item":"https:\/\/bre-trafo.de\/fr\/accueil\/"},{"@type":"ListItem","position":2,"name":"Transformateurs","item":"https:\/\/bre-trafo.de\/fr\/transformateurs\/"},{"@type":"ListItem","position":3,"name":"Transformateurs monophas\u00e9s","item":"https:\/\/bre-trafo.de\/fr\/transformateurs\/transformateurs-monophases\/"},{"@type":"ListItem","position":4,"name":"Transformateurs d&#8217;isolement monophas\u00e9s pour l&#8217;alimentation de locaux \u00e0 usage m\u00e9dical BMED jusqu&#8217;\u00e0 10 kVA"}]},{"@type":"WebSite","@id":"https:\/\/bre-trafo.de\/fr\/#website","url":"https:\/\/bre-trafo.de\/fr\/","name":"Breimer-Roth Transformatoren","description":"Trafo Hersteller","publisher":{"@id":"https:\/\/bre-trafo.de\/fr\/#organization"},"potentialAction":[{"@type":"SearchAction","target":{"@type":"EntryPoint","urlTemplate":"https:\/\/bre-trafo.de\/fr\/?s={search_term_string}"},"query-input":{"@type":"PropertyValueSpecification","valueRequired":true,"valueName":"search_term_string"}}],"inLanguage":"fr-FR"},{"@type":"Organization","@id":"https:\/\/bre-trafo.de\/fr\/#organization","name":"Breimer-Roth Transformatoren Erbach","url":"https:\/\/bre-trafo.de\/fr\/","logo":{"@type":"ImageObject","inLanguage":"fr-FR","@id":"https:\/\/bre-trafo.de\/fr\/#\/schema\/logo\/image\/","url":"https:\/\/bre-trafo.de\/wp-content\/uploads\/2025\/01\/Breimer-Roth-Sonderlogo_farbig.svg","contentUrl":"https:\/\/bre-trafo.de\/wp-content\/uploads\/2025\/01\/Breimer-Roth-Sonderlogo_farbig.svg","caption":"Breimer-Roth Transformatoren Erbach"},"image":{"@id":"https:\/\/bre-trafo.de\/fr\/#\/schema\/logo\/image\/"}}]}},"_links":{"self":[{"href":"https:\/\/bre-trafo.de\/fr\/wp-json\/wp\/v2\/pages\/7903","targetHints":{"allow":["GET"]}}],"collection":[{"href":"https:\/\/bre-trafo.de\/fr\/wp-json\/wp\/v2\/pages"}],"about":[{"href":"https:\/\/bre-trafo.de\/fr\/wp-json\/wp\/v2\/types\/page"}],"author":[{"embeddable":true,"href":"https:\/\/bre-trafo.de\/fr\/wp-json\/wp\/v2\/users\/6"}],"replies":[{"embeddable":true,"href":"https:\/\/bre-trafo.de\/fr\/wp-json\/wp\/v2\/comments?post=7903"}],"version-history":[{"count":1,"href":"https:\/\/bre-trafo.de\/fr\/wp-json\/wp\/v2\/pages\/7903\/revisions"}],"predecessor-version":[{"id":19960,"href":"https:\/\/bre-trafo.de\/fr\/wp-json\/wp\/v2\/pages\/7903\/revisions\/19960"}],"up":[{"embeddable":true,"href":"https:\/\/bre-trafo.de\/fr\/wp-json\/wp\/v2\/pages\/7862"}],"wp:attachment":[{"href":"https:\/\/bre-trafo.de\/fr\/wp-json\/wp\/v2\/media?parent=7903"}],"curies":[{"name":"wp","href":"https:\/\/api.w.org\/{rel}","templated":true}]}}