{"id":7852,"date":"2021-01-31T10:24:20","date_gmt":"2021-01-31T09:24:20","guid":{"rendered":"https:\/\/dev.bre-trafo.de\/service\/developpement-de-concept\/"},"modified":"2025-10-16T17:55:56","modified_gmt":"2025-10-16T15:55:56","slug":"developpement-de-concept","status":"publish","type":"page","link":"https:\/\/bre-trafo.de\/fr\/service\/developpement-de-concept\/","title":{"rendered":"D\u00e9veloppement de concept"},"content":{"rendered":"","protected":false},"excerpt":{"rendered":"","protected":false},"author":12,"featured_media":0,"parent":7848,"menu_order":0,"comment_status":"closed","ping_status":"closed","template":"templates\/contentbuilder.php","meta":{"_acf_changed":false,"footnotes":""},"class_list":["post-7852","page","type-page","status-publish","hentry"],"acf":[],"yoast_head":"<!-- This site is optimized with the Yoast SEO plugin v27.3 - https:\/\/yoast.com\/product\/yoast-seo-wordpress\/ -->\n<title>D\u00e9veloppement de concept - Breimer-Roth Transformatoren<\/title>\n<meta name=\"description\" content=\"L&#039;usine de transformateurs Breimer-Roth \u00e9tudie la faisabilit\u00e9 technique de votre projet \u2794 Envoyer une demande maintenant \u2714\" \/>\n<meta name=\"robots\" content=\"index, follow, max-snippet:-1, max-image-preview:large, max-video-preview:-1\" \/>\n<link rel=\"canonical\" href=\"https:\/\/bre-trafo.de\/fr\/service\/developpement-de-concept\/\" \/>\n<meta property=\"og:locale\" content=\"fr_FR\" \/>\n<meta property=\"og:type\" content=\"article\" \/>\n<meta property=\"og:title\" content=\"D\u00e9veloppement de concept - Breimer-Roth Transformatoren\" \/>\n<meta property=\"og:description\" content=\"L&#039;usine de transformateurs Breimer-Roth \u00e9tudie la faisabilit\u00e9 technique de votre projet \u2794 Envoyer une demande maintenant \u2714\" \/>\n<meta property=\"og:url\" content=\"https:\/\/bre-trafo.de\/fr\/service\/developpement-de-concept\/\" \/>\n<meta property=\"og:site_name\" content=\"Breimer-Roth Transformatoren\" \/>\n<meta property=\"article:modified_time\" content=\"2025-10-16T15:55:56+00:00\" \/>\n<meta name=\"twitter:card\" content=\"summary_large_image\" \/>\n<script type=\"application\/ld+json\" class=\"yoast-schema-graph\">{\"@context\":\"https:\\\/\\\/schema.org\",\"@graph\":[{\"@type\":\"WebPage\",\"@id\":\"https:\\\/\\\/bre-trafo.de\\\/fr\\\/service\\\/developpement-de-concept\\\/\",\"url\":\"https:\\\/\\\/bre-trafo.de\\\/fr\\\/service\\\/developpement-de-concept\\\/\",\"name\":\"D\u00e9veloppement de concept - Breimer-Roth Transformatoren\",\"isPartOf\":{\"@id\":\"https:\\\/\\\/bre-trafo.de\\\/fr\\\/#website\"},\"datePublished\":\"2021-01-31T09:24:20+00:00\",\"dateModified\":\"2025-10-16T15:55:56+00:00\",\"description\":\"L'usine de transformateurs Breimer-Roth \u00e9tudie la faisabilit\u00e9 technique de votre projet \u2794 Envoyer une demande maintenant \u2714\",\"breadcrumb\":{\"@id\":\"https:\\\/\\\/bre-trafo.de\\\/fr\\\/service\\\/developpement-de-concept\\\/#breadcrumb\"},\"inLanguage\":\"fr-FR\",\"potentialAction\":[{\"@type\":\"ReadAction\",\"target\":[\"https:\\\/\\\/bre-trafo.de\\\/fr\\\/service\\\/developpement-de-concept\\\/\"]}]},{\"@type\":\"BreadcrumbList\",\"@id\":\"https:\\\/\\\/bre-trafo.de\\\/fr\\\/service\\\/developpement-de-concept\\\/#breadcrumb\",\"itemListElement\":[{\"@type\":\"ListItem\",\"position\":1,\"name\":\"Home\",\"item\":\"https:\\\/\\\/bre-trafo.de\\\/fr\\\/accueil\\\/\"},{\"@type\":\"ListItem\",\"position\":2,\"name\":\"Service\",\"item\":\"https:\\\/\\\/bre-trafo.de\\\/fr\\\/service\\\/\"},{\"@type\":\"ListItem\",\"position\":3,\"name\":\"D\u00e9veloppement de concept\"}]},{\"@type\":\"WebSite\",\"@id\":\"https:\\\/\\\/bre-trafo.de\\\/fr\\\/#website\",\"url\":\"https:\\\/\\\/bre-trafo.de\\\/fr\\\/\",\"name\":\"Breimer-Roth Transformatoren\",\"description\":\"Trafo Hersteller\",\"publisher\":{\"@id\":\"https:\\\/\\\/bre-trafo.de\\\/fr\\\/#organization\"},\"potentialAction\":[{\"@type\":\"SearchAction\",\"target\":{\"@type\":\"EntryPoint\",\"urlTemplate\":\"https:\\\/\\\/bre-trafo.de\\\/fr\\\/?s={search_term_string}\"},\"query-input\":{\"@type\":\"PropertyValueSpecification\",\"valueRequired\":true,\"valueName\":\"search_term_string\"}}],\"inLanguage\":\"fr-FR\"},{\"@type\":\"Organization\",\"@id\":\"https:\\\/\\\/bre-trafo.de\\\/fr\\\/#organization\",\"name\":\"Breimer-Roth Transformatoren Erbach\",\"url\":\"https:\\\/\\\/bre-trafo.de\\\/fr\\\/\",\"logo\":{\"@type\":\"ImageObject\",\"inLanguage\":\"fr-FR\",\"@id\":\"https:\\\/\\\/bre-trafo.de\\\/fr\\\/#\\\/schema\\\/logo\\\/image\\\/\",\"url\":\"https:\\\/\\\/bre-trafo.de\\\/wp-content\\\/uploads\\\/2025\\\/01\\\/Breimer-Roth-Sonderlogo_farbig.svg\",\"contentUrl\":\"https:\\\/\\\/bre-trafo.de\\\/wp-content\\\/uploads\\\/2025\\\/01\\\/Breimer-Roth-Sonderlogo_farbig.svg\",\"caption\":\"Breimer-Roth Transformatoren Erbach\"},\"image\":{\"@id\":\"https:\\\/\\\/bre-trafo.de\\\/fr\\\/#\\\/schema\\\/logo\\\/image\\\/\"}}]}<\/script>\n<!-- \/ Yoast SEO plugin. -->","yoast_head_json":{"title":"D\u00e9veloppement de concept - Breimer-Roth Transformatoren","description":"L'usine de transformateurs Breimer-Roth \u00e9tudie la faisabilit\u00e9 technique de votre projet \u2794 Envoyer une demande maintenant \u2714","robots":{"index":"index","follow":"follow","max-snippet":"max-snippet:-1","max-image-preview":"max-image-preview:large","max-video-preview":"max-video-preview:-1"},"canonical":"https:\/\/bre-trafo.de\/fr\/service\/developpement-de-concept\/","og_locale":"fr_FR","og_type":"article","og_title":"D\u00e9veloppement de concept - Breimer-Roth Transformatoren","og_description":"L'usine de transformateurs Breimer-Roth \u00e9tudie la faisabilit\u00e9 technique de votre projet \u2794 Envoyer une demande maintenant \u2714","og_url":"https:\/\/bre-trafo.de\/fr\/service\/developpement-de-concept\/","og_site_name":"Breimer-Roth Transformatoren","article_modified_time":"2025-10-16T15:55:56+00:00","twitter_card":"summary_large_image","schema":{"@context":"https:\/\/schema.org","@graph":[{"@type":"WebPage","@id":"https:\/\/bre-trafo.de\/fr\/service\/developpement-de-concept\/","url":"https:\/\/bre-trafo.de\/fr\/service\/developpement-de-concept\/","name":"D\u00e9veloppement de concept - Breimer-Roth Transformatoren","isPartOf":{"@id":"https:\/\/bre-trafo.de\/fr\/#website"},"datePublished":"2021-01-31T09:24:20+00:00","dateModified":"2025-10-16T15:55:56+00:00","description":"L'usine de transformateurs Breimer-Roth \u00e9tudie la faisabilit\u00e9 technique de votre projet \u2794 Envoyer une demande maintenant \u2714","breadcrumb":{"@id":"https:\/\/bre-trafo.de\/fr\/service\/developpement-de-concept\/#breadcrumb"},"inLanguage":"fr-FR","potentialAction":[{"@type":"ReadAction","target":["https:\/\/bre-trafo.de\/fr\/service\/developpement-de-concept\/"]}]},{"@type":"BreadcrumbList","@id":"https:\/\/bre-trafo.de\/fr\/service\/developpement-de-concept\/#breadcrumb","itemListElement":[{"@type":"ListItem","position":1,"name":"Home","item":"https:\/\/bre-trafo.de\/fr\/accueil\/"},{"@type":"ListItem","position":2,"name":"Service","item":"https:\/\/bre-trafo.de\/fr\/service\/"},{"@type":"ListItem","position":3,"name":"D\u00e9veloppement de concept"}]},{"@type":"WebSite","@id":"https:\/\/bre-trafo.de\/fr\/#website","url":"https:\/\/bre-trafo.de\/fr\/","name":"Breimer-Roth Transformatoren","description":"Trafo Hersteller","publisher":{"@id":"https:\/\/bre-trafo.de\/fr\/#organization"},"potentialAction":[{"@type":"SearchAction","target":{"@type":"EntryPoint","urlTemplate":"https:\/\/bre-trafo.de\/fr\/?s={search_term_string}"},"query-input":{"@type":"PropertyValueSpecification","valueRequired":true,"valueName":"search_term_string"}}],"inLanguage":"fr-FR"},{"@type":"Organization","@id":"https:\/\/bre-trafo.de\/fr\/#organization","name":"Breimer-Roth Transformatoren Erbach","url":"https:\/\/bre-trafo.de\/fr\/","logo":{"@type":"ImageObject","inLanguage":"fr-FR","@id":"https:\/\/bre-trafo.de\/fr\/#\/schema\/logo\/image\/","url":"https:\/\/bre-trafo.de\/wp-content\/uploads\/2025\/01\/Breimer-Roth-Sonderlogo_farbig.svg","contentUrl":"https:\/\/bre-trafo.de\/wp-content\/uploads\/2025\/01\/Breimer-Roth-Sonderlogo_farbig.svg","caption":"Breimer-Roth Transformatoren Erbach"},"image":{"@id":"https:\/\/bre-trafo.de\/fr\/#\/schema\/logo\/image\/"}}]}},"_links":{"self":[{"href":"https:\/\/bre-trafo.de\/fr\/wp-json\/wp\/v2\/pages\/7852","targetHints":{"allow":["GET"]}}],"collection":[{"href":"https:\/\/bre-trafo.de\/fr\/wp-json\/wp\/v2\/pages"}],"about":[{"href":"https:\/\/bre-trafo.de\/fr\/wp-json\/wp\/v2\/types\/page"}],"author":[{"embeddable":true,"href":"https:\/\/bre-trafo.de\/fr\/wp-json\/wp\/v2\/users\/12"}],"replies":[{"embeddable":true,"href":"https:\/\/bre-trafo.de\/fr\/wp-json\/wp\/v2\/comments?post=7852"}],"version-history":[{"count":1,"href":"https:\/\/bre-trafo.de\/fr\/wp-json\/wp\/v2\/pages\/7852\/revisions"}],"predecessor-version":[{"id":20746,"href":"https:\/\/bre-trafo.de\/fr\/wp-json\/wp\/v2\/pages\/7852\/revisions\/20746"}],"up":[{"embeddable":true,"href":"https:\/\/bre-trafo.de\/fr\/wp-json\/wp\/v2\/pages\/7848"}],"wp:attachment":[{"href":"https:\/\/bre-trafo.de\/fr\/wp-json\/wp\/v2\/media?parent=7852"}],"curies":[{"name":"wp","href":"https:\/\/api.w.org\/{rel}","templated":true}]}}