{"id":20755,"date":"2021-01-29T14:08:06","date_gmt":"2021-01-29T13:08:06","guid":{"rendered":"https:\/\/bre-trafo.de\/template-categorie-principale\/"},"modified":"2025-10-16T17:56:11","modified_gmt":"2025-10-16T15:56:11","slug":"template-categorie-principale","status":"publish","type":"page","link":"https:\/\/bre-trafo.de\/fr\/template-categorie-principale\/","title":{"rendered":"Template &#8211; Cat\u00e9gorie principale"},"content":{"rendered":"","protected":false},"excerpt":{"rendered":"","protected":false},"author":10,"featured_media":0,"parent":0,"menu_order":0,"comment_status":"closed","ping_status":"closed","template":"templates\/contentbuilder.php","meta":{"_acf_changed":false,"footnotes":""},"class_list":["post-20755","page","type-page","status-publish","hentry"],"acf":[],"yoast_head":"<!-- This site is optimized with the Yoast SEO plugin v27.3 - https:\/\/yoast.com\/product\/yoast-seo-wordpress\/ -->\n<title>Notre s\u00e9lection de produits | Transformateurs Breimer-Roth<\/title>\n<meta name=\"description\" content=\"Nous produisons des transformateurs monophas\u00e9s, des transformateurs triphas\u00e9s, des inductances, des autotransformateurs, des transformateurs toro\u00efdaux et bien d&#039;autres choses encore.\" \/>\n<meta name=\"robots\" content=\"noindex, follow\" \/>\n<meta property=\"og:locale\" content=\"fr_FR\" \/>\n<meta property=\"og:type\" content=\"article\" \/>\n<meta property=\"og:title\" content=\"Notre s\u00e9lection de produits | Transformateurs Breimer-Roth\" \/>\n<meta property=\"og:description\" content=\"Nous produisons des transformateurs monophas\u00e9s, des transformateurs triphas\u00e9s, des inductances, des autotransformateurs, des transformateurs toro\u00efdaux et bien d&#039;autres choses encore.\" \/>\n<meta property=\"og:url\" content=\"https:\/\/bre-trafo.de\/fr\/template-categorie-principale\/\" \/>\n<meta property=\"og:site_name\" content=\"Breimer-Roth Transformatoren\" \/>\n<meta property=\"article:modified_time\" content=\"2025-10-16T15:56:11+00:00\" \/>\n<meta name=\"twitter:card\" content=\"summary_large_image\" \/>\n<script type=\"application\/ld+json\" class=\"yoast-schema-graph\">{\"@context\":\"https:\\\/\\\/schema.org\",\"@graph\":[{\"@type\":\"WebPage\",\"@id\":\"https:\\\/\\\/bre-trafo.de\\\/fr\\\/template-categorie-principale\\\/\",\"url\":\"https:\\\/\\\/bre-trafo.de\\\/fr\\\/template-categorie-principale\\\/\",\"name\":\"Notre s\u00e9lection de produits | Transformateurs Breimer-Roth\",\"isPartOf\":{\"@id\":\"https:\\\/\\\/bre-trafo.de\\\/fr\\\/#website\"},\"datePublished\":\"2021-01-29T13:08:06+00:00\",\"dateModified\":\"2025-10-16T15:56:11+00:00\",\"description\":\"Nous produisons des transformateurs monophas\u00e9s, des transformateurs triphas\u00e9s, des inductances, des autotransformateurs, des transformateurs toro\u00efdaux et bien d'autres choses encore.\",\"breadcrumb\":{\"@id\":\"https:\\\/\\\/bre-trafo.de\\\/fr\\\/template-categorie-principale\\\/#breadcrumb\"},\"inLanguage\":\"fr-FR\",\"potentialAction\":[{\"@type\":\"ReadAction\",\"target\":[\"https:\\\/\\\/bre-trafo.de\\\/fr\\\/template-categorie-principale\\\/\"]}]},{\"@type\":\"BreadcrumbList\",\"@id\":\"https:\\\/\\\/bre-trafo.de\\\/fr\\\/template-categorie-principale\\\/#breadcrumb\",\"itemListElement\":[{\"@type\":\"ListItem\",\"position\":1,\"name\":\"Home\",\"item\":\"https:\\\/\\\/bre-trafo.de\\\/fr\\\/accueil\\\/\"},{\"@type\":\"ListItem\",\"position\":2,\"name\":\"Template &#8211; Cat\u00e9gorie principale\"}]},{\"@type\":\"WebSite\",\"@id\":\"https:\\\/\\\/bre-trafo.de\\\/fr\\\/#website\",\"url\":\"https:\\\/\\\/bre-trafo.de\\\/fr\\\/\",\"name\":\"Breimer-Roth Transformatoren\",\"description\":\"Trafo Hersteller\",\"publisher\":{\"@id\":\"https:\\\/\\\/bre-trafo.de\\\/fr\\\/#organization\"},\"potentialAction\":[{\"@type\":\"SearchAction\",\"target\":{\"@type\":\"EntryPoint\",\"urlTemplate\":\"https:\\\/\\\/bre-trafo.de\\\/fr\\\/?s={search_term_string}\"},\"query-input\":{\"@type\":\"PropertyValueSpecification\",\"valueRequired\":true,\"valueName\":\"search_term_string\"}}],\"inLanguage\":\"fr-FR\"},{\"@type\":\"Organization\",\"@id\":\"https:\\\/\\\/bre-trafo.de\\\/fr\\\/#organization\",\"name\":\"Breimer-Roth Transformatoren Erbach\",\"url\":\"https:\\\/\\\/bre-trafo.de\\\/fr\\\/\",\"logo\":{\"@type\":\"ImageObject\",\"inLanguage\":\"fr-FR\",\"@id\":\"https:\\\/\\\/bre-trafo.de\\\/fr\\\/#\\\/schema\\\/logo\\\/image\\\/\",\"url\":\"https:\\\/\\\/bre-trafo.de\\\/wp-content\\\/uploads\\\/2025\\\/01\\\/Breimer-Roth-Sonderlogo_farbig.svg\",\"contentUrl\":\"https:\\\/\\\/bre-trafo.de\\\/wp-content\\\/uploads\\\/2025\\\/01\\\/Breimer-Roth-Sonderlogo_farbig.svg\",\"caption\":\"Breimer-Roth Transformatoren Erbach\"},\"image\":{\"@id\":\"https:\\\/\\\/bre-trafo.de\\\/fr\\\/#\\\/schema\\\/logo\\\/image\\\/\"}}]}<\/script>\n<!-- \/ Yoast SEO plugin. -->","yoast_head_json":{"title":"Notre s\u00e9lection de produits | Transformateurs Breimer-Roth","description":"Nous produisons des transformateurs monophas\u00e9s, des transformateurs triphas\u00e9s, des inductances, des autotransformateurs, des transformateurs toro\u00efdaux et bien d'autres choses encore.","robots":{"index":"noindex","follow":"follow"},"og_locale":"fr_FR","og_type":"article","og_title":"Notre s\u00e9lection de produits | Transformateurs Breimer-Roth","og_description":"Nous produisons des transformateurs monophas\u00e9s, des transformateurs triphas\u00e9s, des inductances, des autotransformateurs, des transformateurs toro\u00efdaux et bien d'autres choses encore.","og_url":"https:\/\/bre-trafo.de\/fr\/template-categorie-principale\/","og_site_name":"Breimer-Roth Transformatoren","article_modified_time":"2025-10-16T15:56:11+00:00","twitter_card":"summary_large_image","schema":{"@context":"https:\/\/schema.org","@graph":[{"@type":"WebPage","@id":"https:\/\/bre-trafo.de\/fr\/template-categorie-principale\/","url":"https:\/\/bre-trafo.de\/fr\/template-categorie-principale\/","name":"Notre s\u00e9lection de produits | Transformateurs Breimer-Roth","isPartOf":{"@id":"https:\/\/bre-trafo.de\/fr\/#website"},"datePublished":"2021-01-29T13:08:06+00:00","dateModified":"2025-10-16T15:56:11+00:00","description":"Nous produisons des transformateurs monophas\u00e9s, des transformateurs triphas\u00e9s, des inductances, des autotransformateurs, des transformateurs toro\u00efdaux et bien d'autres choses encore.","breadcrumb":{"@id":"https:\/\/bre-trafo.de\/fr\/template-categorie-principale\/#breadcrumb"},"inLanguage":"fr-FR","potentialAction":[{"@type":"ReadAction","target":["https:\/\/bre-trafo.de\/fr\/template-categorie-principale\/"]}]},{"@type":"BreadcrumbList","@id":"https:\/\/bre-trafo.de\/fr\/template-categorie-principale\/#breadcrumb","itemListElement":[{"@type":"ListItem","position":1,"name":"Home","item":"https:\/\/bre-trafo.de\/fr\/accueil\/"},{"@type":"ListItem","position":2,"name":"Template &#8211; Cat\u00e9gorie principale"}]},{"@type":"WebSite","@id":"https:\/\/bre-trafo.de\/fr\/#website","url":"https:\/\/bre-trafo.de\/fr\/","name":"Breimer-Roth Transformatoren","description":"Trafo Hersteller","publisher":{"@id":"https:\/\/bre-trafo.de\/fr\/#organization"},"potentialAction":[{"@type":"SearchAction","target":{"@type":"EntryPoint","urlTemplate":"https:\/\/bre-trafo.de\/fr\/?s={search_term_string}"},"query-input":{"@type":"PropertyValueSpecification","valueRequired":true,"valueName":"search_term_string"}}],"inLanguage":"fr-FR"},{"@type":"Organization","@id":"https:\/\/bre-trafo.de\/fr\/#organization","name":"Breimer-Roth Transformatoren Erbach","url":"https:\/\/bre-trafo.de\/fr\/","logo":{"@type":"ImageObject","inLanguage":"fr-FR","@id":"https:\/\/bre-trafo.de\/fr\/#\/schema\/logo\/image\/","url":"https:\/\/bre-trafo.de\/wp-content\/uploads\/2025\/01\/Breimer-Roth-Sonderlogo_farbig.svg","contentUrl":"https:\/\/bre-trafo.de\/wp-content\/uploads\/2025\/01\/Breimer-Roth-Sonderlogo_farbig.svg","caption":"Breimer-Roth Transformatoren Erbach"},"image":{"@id":"https:\/\/bre-trafo.de\/fr\/#\/schema\/logo\/image\/"}}]}},"_links":{"self":[{"href":"https:\/\/bre-trafo.de\/fr\/wp-json\/wp\/v2\/pages\/20755","targetHints":{"allow":["GET"]}}],"collection":[{"href":"https:\/\/bre-trafo.de\/fr\/wp-json\/wp\/v2\/pages"}],"about":[{"href":"https:\/\/bre-trafo.de\/fr\/wp-json\/wp\/v2\/types\/page"}],"author":[{"embeddable":true,"href":"https:\/\/bre-trafo.de\/fr\/wp-json\/wp\/v2\/users\/10"}],"replies":[{"embeddable":true,"href":"https:\/\/bre-trafo.de\/fr\/wp-json\/wp\/v2\/comments?post=20755"}],"version-history":[{"count":1,"href":"https:\/\/bre-trafo.de\/fr\/wp-json\/wp\/v2\/pages\/20755\/revisions"}],"predecessor-version":[{"id":22668,"href":"https:\/\/bre-trafo.de\/fr\/wp-json\/wp\/v2\/pages\/20755\/revisions\/22668"}],"wp:attachment":[{"href":"https:\/\/bre-trafo.de\/fr\/wp-json\/wp\/v2\/media?parent=20755"}],"curies":[{"name":"wp","href":"https:\/\/api.w.org\/{rel}","templated":true}]}}