{"id":8135,"date":"2021-01-31T10:44:46","date_gmt":"2021-01-31T09:44:46","guid":{"rendered":"https:\/\/dev.bre-trafo.de\/viden\/galvanisk-isolering\/"},"modified":"2025-10-16T17:47:36","modified_gmt":"2025-10-16T15:47:36","slug":"galvanisk-isolering","status":"publish","type":"page","link":"https:\/\/bre-trafo.de\/da\/viden\/galvanisk-isolering\/","title":{"rendered":"Galvanisk isolering"},"content":{"rendered":"","protected":false},"excerpt":{"rendered":"","protected":false},"author":12,"featured_media":0,"parent":8130,"menu_order":0,"comment_status":"closed","ping_status":"closed","template":"templates\/contentbuilder.php","meta":{"_acf_changed":false,"footnotes":""},"class_list":["post-8135","page","type-page","status-publish","hentry"],"acf":[],"yoast_head":"<!-- This site is optimized with the Yoast SEO plugin v27.4 - https:\/\/yoast.com\/product\/yoast-seo-wordpress\/ -->\n<title>Galvanisk separation: Interessante fakta om galvanisk separation hos Breimer-Roth<\/title>\n<meta name=\"description\" content=\"Hos Breimer-Roth finder du information om virkem\u00e5de og anvendelsesomr\u00e5der for galvanisk separation. L\u00e6s mere her!\" \/>\n<meta name=\"robots\" content=\"index, follow, max-snippet:-1, max-image-preview:large, max-video-preview:-1\" \/>\n<link rel=\"canonical\" href=\"https:\/\/bre-trafo.de\/da\/viden\/galvanisk-isolering\/\" \/>\n<meta property=\"og:locale\" content=\"da_DK\" \/>\n<meta property=\"og:type\" content=\"article\" \/>\n<meta property=\"og:title\" content=\"Galvanisk separation: Interessante fakta om galvanisk separation hos Breimer-Roth\" \/>\n<meta property=\"og:description\" content=\"Hos Breimer-Roth finder du information om virkem\u00e5de og anvendelsesomr\u00e5der for galvanisk separation. L\u00e6s mere her!\" \/>\n<meta property=\"og:url\" content=\"https:\/\/bre-trafo.de\/da\/viden\/galvanisk-isolering\/\" \/>\n<meta property=\"og:site_name\" content=\"Breimer-Roth Transformatoren\" \/>\n<meta property=\"article:modified_time\" content=\"2025-10-16T15:47:36+00:00\" \/>\n<meta name=\"twitter:card\" content=\"summary_large_image\" \/>\n<script type=\"application\/ld+json\" class=\"yoast-schema-graph\">{\"@context\":\"https:\\\/\\\/schema.org\",\"@graph\":[{\"@type\":\"WebPage\",\"@id\":\"https:\\\/\\\/bre-trafo.de\\\/da\\\/viden\\\/galvanisk-isolering\\\/\",\"url\":\"https:\\\/\\\/bre-trafo.de\\\/da\\\/viden\\\/galvanisk-isolering\\\/\",\"name\":\"Galvanisk separation: Interessante fakta om galvanisk separation hos Breimer-Roth\",\"isPartOf\":{\"@id\":\"https:\\\/\\\/bre-trafo.de\\\/da\\\/#website\"},\"datePublished\":\"2021-01-31T09:44:46+00:00\",\"dateModified\":\"2025-10-16T15:47:36+00:00\",\"description\":\"Hos Breimer-Roth finder du information om virkem\u00e5de og anvendelsesomr\u00e5der for galvanisk separation. L\u00e6s mere her!\",\"breadcrumb\":{\"@id\":\"https:\\\/\\\/bre-trafo.de\\\/da\\\/viden\\\/galvanisk-isolering\\\/#breadcrumb\"},\"inLanguage\":\"da-DK\",\"potentialAction\":[{\"@type\":\"ReadAction\",\"target\":[\"https:\\\/\\\/bre-trafo.de\\\/da\\\/viden\\\/galvanisk-isolering\\\/\"]}]},{\"@type\":\"BreadcrumbList\",\"@id\":\"https:\\\/\\\/bre-trafo.de\\\/da\\\/viden\\\/galvanisk-isolering\\\/#breadcrumb\",\"itemListElement\":[{\"@type\":\"ListItem\",\"position\":1,\"name\":\"Home\",\"item\":\"https:\\\/\\\/bre-trafo.de\\\/da\\\/hjem\\\/\"},{\"@type\":\"ListItem\",\"position\":2,\"name\":\"Viden\",\"item\":\"https:\\\/\\\/bre-trafo.de\\\/da\\\/viden\\\/\"},{\"@type\":\"ListItem\",\"position\":3,\"name\":\"Galvanisk isolering\"}]},{\"@type\":\"WebSite\",\"@id\":\"https:\\\/\\\/bre-trafo.de\\\/da\\\/#website\",\"url\":\"https:\\\/\\\/bre-trafo.de\\\/da\\\/\",\"name\":\"Breimer-Roth Transformatoren\",\"description\":\"Trafo Hersteller\",\"publisher\":{\"@id\":\"https:\\\/\\\/bre-trafo.de\\\/da\\\/#organization\"},\"potentialAction\":[{\"@type\":\"SearchAction\",\"target\":{\"@type\":\"EntryPoint\",\"urlTemplate\":\"https:\\\/\\\/bre-trafo.de\\\/da\\\/?s={search_term_string}\"},\"query-input\":{\"@type\":\"PropertyValueSpecification\",\"valueRequired\":true,\"valueName\":\"search_term_string\"}}],\"inLanguage\":\"da-DK\"},{\"@type\":\"Organization\",\"@id\":\"https:\\\/\\\/bre-trafo.de\\\/da\\\/#organization\",\"name\":\"Breimer-Roth Transformatoren Erbach\",\"url\":\"https:\\\/\\\/bre-trafo.de\\\/da\\\/\",\"logo\":{\"@type\":\"ImageObject\",\"inLanguage\":\"da-DK\",\"@id\":\"https:\\\/\\\/bre-trafo.de\\\/da\\\/#\\\/schema\\\/logo\\\/image\\\/\",\"url\":\"https:\\\/\\\/bre-trafo.de\\\/wp-content\\\/uploads\\\/2025\\\/01\\\/Breimer-Roth-Sonderlogo_farbig.svg\",\"contentUrl\":\"https:\\\/\\\/bre-trafo.de\\\/wp-content\\\/uploads\\\/2025\\\/01\\\/Breimer-Roth-Sonderlogo_farbig.svg\",\"caption\":\"Breimer-Roth Transformatoren Erbach\"},\"image\":{\"@id\":\"https:\\\/\\\/bre-trafo.de\\\/da\\\/#\\\/schema\\\/logo\\\/image\\\/\"}}]}<\/script>\n<!-- \/ Yoast SEO plugin. -->","yoast_head_json":{"title":"Galvanisk separation: Interessante fakta om galvanisk separation hos Breimer-Roth","description":"Hos Breimer-Roth finder du information om virkem\u00e5de og anvendelsesomr\u00e5der for galvanisk separation. L\u00e6s mere her!","robots":{"index":"index","follow":"follow","max-snippet":"max-snippet:-1","max-image-preview":"max-image-preview:large","max-video-preview":"max-video-preview:-1"},"canonical":"https:\/\/bre-trafo.de\/da\/viden\/galvanisk-isolering\/","og_locale":"da_DK","og_type":"article","og_title":"Galvanisk separation: Interessante fakta om galvanisk separation hos Breimer-Roth","og_description":"Hos Breimer-Roth finder du information om virkem\u00e5de og anvendelsesomr\u00e5der for galvanisk separation. L\u00e6s mere her!","og_url":"https:\/\/bre-trafo.de\/da\/viden\/galvanisk-isolering\/","og_site_name":"Breimer-Roth Transformatoren","article_modified_time":"2025-10-16T15:47:36+00:00","twitter_card":"summary_large_image","schema":{"@context":"https:\/\/schema.org","@graph":[{"@type":"WebPage","@id":"https:\/\/bre-trafo.de\/da\/viden\/galvanisk-isolering\/","url":"https:\/\/bre-trafo.de\/da\/viden\/galvanisk-isolering\/","name":"Galvanisk separation: Interessante fakta om galvanisk separation hos Breimer-Roth","isPartOf":{"@id":"https:\/\/bre-trafo.de\/da\/#website"},"datePublished":"2021-01-31T09:44:46+00:00","dateModified":"2025-10-16T15:47:36+00:00","description":"Hos Breimer-Roth finder du information om virkem\u00e5de og anvendelsesomr\u00e5der for galvanisk separation. L\u00e6s mere her!","breadcrumb":{"@id":"https:\/\/bre-trafo.de\/da\/viden\/galvanisk-isolering\/#breadcrumb"},"inLanguage":"da-DK","potentialAction":[{"@type":"ReadAction","target":["https:\/\/bre-trafo.de\/da\/viden\/galvanisk-isolering\/"]}]},{"@type":"BreadcrumbList","@id":"https:\/\/bre-trafo.de\/da\/viden\/galvanisk-isolering\/#breadcrumb","itemListElement":[{"@type":"ListItem","position":1,"name":"Home","item":"https:\/\/bre-trafo.de\/da\/hjem\/"},{"@type":"ListItem","position":2,"name":"Viden","item":"https:\/\/bre-trafo.de\/da\/viden\/"},{"@type":"ListItem","position":3,"name":"Galvanisk isolering"}]},{"@type":"WebSite","@id":"https:\/\/bre-trafo.de\/da\/#website","url":"https:\/\/bre-trafo.de\/da\/","name":"Breimer-Roth Transformatoren","description":"Trafo Hersteller","publisher":{"@id":"https:\/\/bre-trafo.de\/da\/#organization"},"potentialAction":[{"@type":"SearchAction","target":{"@type":"EntryPoint","urlTemplate":"https:\/\/bre-trafo.de\/da\/?s={search_term_string}"},"query-input":{"@type":"PropertyValueSpecification","valueRequired":true,"valueName":"search_term_string"}}],"inLanguage":"da-DK"},{"@type":"Organization","@id":"https:\/\/bre-trafo.de\/da\/#organization","name":"Breimer-Roth Transformatoren Erbach","url":"https:\/\/bre-trafo.de\/da\/","logo":{"@type":"ImageObject","inLanguage":"da-DK","@id":"https:\/\/bre-trafo.de\/da\/#\/schema\/logo\/image\/","url":"https:\/\/bre-trafo.de\/wp-content\/uploads\/2025\/01\/Breimer-Roth-Sonderlogo_farbig.svg","contentUrl":"https:\/\/bre-trafo.de\/wp-content\/uploads\/2025\/01\/Breimer-Roth-Sonderlogo_farbig.svg","caption":"Breimer-Roth Transformatoren Erbach"},"image":{"@id":"https:\/\/bre-trafo.de\/da\/#\/schema\/logo\/image\/"}}]}},"_links":{"self":[{"href":"https:\/\/bre-trafo.de\/da\/wp-json\/wp\/v2\/pages\/8135","targetHints":{"allow":["GET"]}}],"collection":[{"href":"https:\/\/bre-trafo.de\/da\/wp-json\/wp\/v2\/pages"}],"about":[{"href":"https:\/\/bre-trafo.de\/da\/wp-json\/wp\/v2\/types\/page"}],"author":[{"embeddable":true,"href":"https:\/\/bre-trafo.de\/da\/wp-json\/wp\/v2\/users\/12"}],"replies":[{"embeddable":true,"href":"https:\/\/bre-trafo.de\/da\/wp-json\/wp\/v2\/comments?post=8135"}],"version-history":[{"count":2,"href":"https:\/\/bre-trafo.de\/da\/wp-json\/wp\/v2\/pages\/8135\/revisions"}],"predecessor-version":[{"id":8816,"href":"https:\/\/bre-trafo.de\/da\/wp-json\/wp\/v2\/pages\/8135\/revisions\/8816"}],"up":[{"embeddable":true,"href":"https:\/\/bre-trafo.de\/da\/wp-json\/wp\/v2\/pages\/8130"}],"wp:attachment":[{"href":"https:\/\/bre-trafo.de\/da\/wp-json\/wp\/v2\/media?parent=8135"}],"curies":[{"name":"wp","href":"https:\/\/api.w.org\/{rel}","templated":true}]}}