{"id":8025,"date":"2023-10-24T19:40:40","date_gmt":"2023-10-24T17:40:40","guid":{"rendered":"https:\/\/dev.bre-trafo.de\/beskyttelsesklasser\/"},"modified":"2025-10-16T17:57:01","modified_gmt":"2025-10-16T15:57:01","slug":"beskyttelsesklasser","status":"publish","type":"page","link":"https:\/\/bre-trafo.de\/da\/beskyttelsesklasser\/","title":{"rendered":"Beskyttelsesklasser"},"content":{"rendered":"","protected":false},"excerpt":{"rendered":"","protected":false},"author":6,"featured_media":0,"parent":0,"menu_order":0,"comment_status":"closed","ping_status":"closed","template":"templates\/contentbuilder.php","meta":{"_acf_changed":false,"footnotes":""},"class_list":["post-8025","page","type-page","status-publish","hentry"],"acf":[],"yoast_head":"<!-- This site is optimized with the Yoast SEO plugin v27.3 - https:\/\/yoast.com\/product\/yoast-seo-wordpress\/ -->\n<title>Beskyttelsesklasser for transformere | Breimer-Roth-transformation<\/title>\n<meta name=\"description\" content=\"Breimer-Roth-transformatoranl\u00e6gget fort\u00e6ller dig om transformatorers beskyttelsesklasser. F\u00e5 oplysninger her.\" \/>\n<meta name=\"robots\" content=\"noindex, follow\" \/>\n<meta property=\"og:locale\" content=\"da_DK\" \/>\n<meta property=\"og:type\" content=\"article\" \/>\n<meta property=\"og:title\" content=\"Beskyttelsesklasser for transformere | Breimer-Roth-transformation\" \/>\n<meta property=\"og:description\" content=\"Breimer-Roth-transformatoranl\u00e6gget fort\u00e6ller dig om transformatorers beskyttelsesklasser. F\u00e5 oplysninger her.\" \/>\n<meta property=\"og:url\" content=\"https:\/\/bre-trafo.de\/da\/beskyttelsesklasser\/\" \/>\n<meta property=\"og:site_name\" content=\"Breimer-Roth Transformatoren\" \/>\n<meta property=\"article:modified_time\" content=\"2025-10-16T15:57:01+00:00\" \/>\n<meta name=\"twitter:card\" content=\"summary_large_image\" \/>\n<script type=\"application\/ld+json\" class=\"yoast-schema-graph\">{\"@context\":\"https:\\\/\\\/schema.org\",\"@graph\":[{\"@type\":\"WebPage\",\"@id\":\"https:\\\/\\\/bre-trafo.de\\\/da\\\/beskyttelsesklasser\\\/\",\"url\":\"https:\\\/\\\/bre-trafo.de\\\/da\\\/beskyttelsesklasser\\\/\",\"name\":\"Beskyttelsesklasser for transformere | Breimer-Roth-transformation\",\"isPartOf\":{\"@id\":\"https:\\\/\\\/bre-trafo.de\\\/da\\\/#website\"},\"datePublished\":\"2023-10-24T17:40:40+00:00\",\"dateModified\":\"2025-10-16T15:57:01+00:00\",\"description\":\"Breimer-Roth-transformatoranl\u00e6gget fort\u00e6ller dig om transformatorers beskyttelsesklasser. F\u00e5 oplysninger her.\",\"breadcrumb\":{\"@id\":\"https:\\\/\\\/bre-trafo.de\\\/da\\\/beskyttelsesklasser\\\/#breadcrumb\"},\"inLanguage\":\"da-DK\",\"potentialAction\":[{\"@type\":\"ReadAction\",\"target\":[\"https:\\\/\\\/bre-trafo.de\\\/da\\\/beskyttelsesklasser\\\/\"]}]},{\"@type\":\"BreadcrumbList\",\"@id\":\"https:\\\/\\\/bre-trafo.de\\\/da\\\/beskyttelsesklasser\\\/#breadcrumb\",\"itemListElement\":[{\"@type\":\"ListItem\",\"position\":1,\"name\":\"Home\",\"item\":\"https:\\\/\\\/bre-trafo.de\\\/da\\\/hjem\\\/\"},{\"@type\":\"ListItem\",\"position\":2,\"name\":\"Beskyttelsesklasser\"}]},{\"@type\":\"WebSite\",\"@id\":\"https:\\\/\\\/bre-trafo.de\\\/da\\\/#website\",\"url\":\"https:\\\/\\\/bre-trafo.de\\\/da\\\/\",\"name\":\"Breimer-Roth Transformatoren\",\"description\":\"Trafo Hersteller\",\"publisher\":{\"@id\":\"https:\\\/\\\/bre-trafo.de\\\/da\\\/#organization\"},\"potentialAction\":[{\"@type\":\"SearchAction\",\"target\":{\"@type\":\"EntryPoint\",\"urlTemplate\":\"https:\\\/\\\/bre-trafo.de\\\/da\\\/?s={search_term_string}\"},\"query-input\":{\"@type\":\"PropertyValueSpecification\",\"valueRequired\":true,\"valueName\":\"search_term_string\"}}],\"inLanguage\":\"da-DK\"},{\"@type\":\"Organization\",\"@id\":\"https:\\\/\\\/bre-trafo.de\\\/da\\\/#organization\",\"name\":\"Breimer-Roth Transformatoren Erbach\",\"url\":\"https:\\\/\\\/bre-trafo.de\\\/da\\\/\",\"logo\":{\"@type\":\"ImageObject\",\"inLanguage\":\"da-DK\",\"@id\":\"https:\\\/\\\/bre-trafo.de\\\/da\\\/#\\\/schema\\\/logo\\\/image\\\/\",\"url\":\"https:\\\/\\\/bre-trafo.de\\\/wp-content\\\/uploads\\\/2025\\\/01\\\/Breimer-Roth-Sonderlogo_farbig.svg\",\"contentUrl\":\"https:\\\/\\\/bre-trafo.de\\\/wp-content\\\/uploads\\\/2025\\\/01\\\/Breimer-Roth-Sonderlogo_farbig.svg\",\"caption\":\"Breimer-Roth Transformatoren Erbach\"},\"image\":{\"@id\":\"https:\\\/\\\/bre-trafo.de\\\/da\\\/#\\\/schema\\\/logo\\\/image\\\/\"}}]}<\/script>\n<!-- \/ Yoast SEO plugin. -->","yoast_head_json":{"title":"Beskyttelsesklasser for transformere | Breimer-Roth-transformation","description":"Breimer-Roth-transformatoranl\u00e6gget fort\u00e6ller dig om transformatorers beskyttelsesklasser. F\u00e5 oplysninger her.","robots":{"index":"noindex","follow":"follow"},"og_locale":"da_DK","og_type":"article","og_title":"Beskyttelsesklasser for transformere | Breimer-Roth-transformation","og_description":"Breimer-Roth-transformatoranl\u00e6gget fort\u00e6ller dig om transformatorers beskyttelsesklasser. F\u00e5 oplysninger her.","og_url":"https:\/\/bre-trafo.de\/da\/beskyttelsesklasser\/","og_site_name":"Breimer-Roth Transformatoren","article_modified_time":"2025-10-16T15:57:01+00:00","twitter_card":"summary_large_image","schema":{"@context":"https:\/\/schema.org","@graph":[{"@type":"WebPage","@id":"https:\/\/bre-trafo.de\/da\/beskyttelsesklasser\/","url":"https:\/\/bre-trafo.de\/da\/beskyttelsesklasser\/","name":"Beskyttelsesklasser for transformere | Breimer-Roth-transformation","isPartOf":{"@id":"https:\/\/bre-trafo.de\/da\/#website"},"datePublished":"2023-10-24T17:40:40+00:00","dateModified":"2025-10-16T15:57:01+00:00","description":"Breimer-Roth-transformatoranl\u00e6gget fort\u00e6ller dig om transformatorers beskyttelsesklasser. F\u00e5 oplysninger her.","breadcrumb":{"@id":"https:\/\/bre-trafo.de\/da\/beskyttelsesklasser\/#breadcrumb"},"inLanguage":"da-DK","potentialAction":[{"@type":"ReadAction","target":["https:\/\/bre-trafo.de\/da\/beskyttelsesklasser\/"]}]},{"@type":"BreadcrumbList","@id":"https:\/\/bre-trafo.de\/da\/beskyttelsesklasser\/#breadcrumb","itemListElement":[{"@type":"ListItem","position":1,"name":"Home","item":"https:\/\/bre-trafo.de\/da\/hjem\/"},{"@type":"ListItem","position":2,"name":"Beskyttelsesklasser"}]},{"@type":"WebSite","@id":"https:\/\/bre-trafo.de\/da\/#website","url":"https:\/\/bre-trafo.de\/da\/","name":"Breimer-Roth Transformatoren","description":"Trafo Hersteller","publisher":{"@id":"https:\/\/bre-trafo.de\/da\/#organization"},"potentialAction":[{"@type":"SearchAction","target":{"@type":"EntryPoint","urlTemplate":"https:\/\/bre-trafo.de\/da\/?s={search_term_string}"},"query-input":{"@type":"PropertyValueSpecification","valueRequired":true,"valueName":"search_term_string"}}],"inLanguage":"da-DK"},{"@type":"Organization","@id":"https:\/\/bre-trafo.de\/da\/#organization","name":"Breimer-Roth Transformatoren Erbach","url":"https:\/\/bre-trafo.de\/da\/","logo":{"@type":"ImageObject","inLanguage":"da-DK","@id":"https:\/\/bre-trafo.de\/da\/#\/schema\/logo\/image\/","url":"https:\/\/bre-trafo.de\/wp-content\/uploads\/2025\/01\/Breimer-Roth-Sonderlogo_farbig.svg","contentUrl":"https:\/\/bre-trafo.de\/wp-content\/uploads\/2025\/01\/Breimer-Roth-Sonderlogo_farbig.svg","caption":"Breimer-Roth Transformatoren Erbach"},"image":{"@id":"https:\/\/bre-trafo.de\/da\/#\/schema\/logo\/image\/"}}]}},"_links":{"self":[{"href":"https:\/\/bre-trafo.de\/da\/wp-json\/wp\/v2\/pages\/8025","targetHints":{"allow":["GET"]}}],"collection":[{"href":"https:\/\/bre-trafo.de\/da\/wp-json\/wp\/v2\/pages"}],"about":[{"href":"https:\/\/bre-trafo.de\/da\/wp-json\/wp\/v2\/types\/page"}],"author":[{"embeddable":true,"href":"https:\/\/bre-trafo.de\/da\/wp-json\/wp\/v2\/users\/6"}],"replies":[{"embeddable":true,"href":"https:\/\/bre-trafo.de\/da\/wp-json\/wp\/v2\/comments?post=8025"}],"version-history":[{"count":1,"href":"https:\/\/bre-trafo.de\/da\/wp-json\/wp\/v2\/pages\/8025\/revisions"}],"predecessor-version":[{"id":20455,"href":"https:\/\/bre-trafo.de\/da\/wp-json\/wp\/v2\/pages\/8025\/revisions\/20455"}],"wp:attachment":[{"href":"https:\/\/bre-trafo.de\/da\/wp-json\/wp\/v2\/media?parent=8025"}],"curies":[{"name":"wp","href":"https:\/\/api.w.org\/{rel}","templated":true}]}}