{"id":8000,"date":"2018-05-02T11:12:10","date_gmt":"2018-05-02T09:12:10","guid":{"rendered":"https:\/\/dev.bre-trafo.de\/drossler-og-stroemforsyninger\/spaendingsdaempere\/enfaset-filterdrosselspole-55-befd-55\/"},"modified":"2025-10-16T17:27:09","modified_gmt":"2025-10-16T15:27:09","slug":"enfaset-filterdrosselspole-55-befd-55","status":"publish","type":"page","link":"https:\/\/bre-trafo.de\/da\/spaendingsdaempere-og-stroemforsyninger\/spaendingsdaempere\/enfaset-filterdrosselspole-55-befd-55\/","title":{"rendered":"Enfaset filterdrosselspole 5,5% BEFD 5,5"},"content":{"rendered":"","protected":false},"excerpt":{"rendered":"","protected":false},"author":6,"featured_media":0,"parent":7993,"menu_order":0,"comment_status":"closed","ping_status":"closed","template":"templates\/contentbuilder.php","meta":{"_acf_changed":false,"footnotes":""},"class_list":["post-8000","page","type-page","status-publish","hentry"],"acf":[],"yoast_head":"<!-- This site is optimized with the Yoast SEO plugin v27.3 - https:\/\/yoast.com\/product\/yoast-seo-wordpress\/ -->\n<title>Enfaset filterdrosselspole 5,5% BEFD 5,5 | Breimer-Roth<\/title>\n<meta name=\"description\" content=\"BEFD 5,5 Enfasede filterdrossler fra Transformatorenwerk Breimer-Roth \u2794 5,5 % \u2714 Resonansfrekvens 214 Hz \u2714 8 - 90 MF \u2714 Sp\u00e6nding AC 230 V \u2714.\" \/>\n<meta name=\"robots\" content=\"index, follow, max-snippet:-1, max-image-preview:large, max-video-preview:-1\" \/>\n<link rel=\"canonical\" href=\"https:\/\/bre-trafo.de\/da\/spaendingsdaempere-og-stroemforsyninger\/spaendingsdaempere\/enfaset-filterdrosselspole-55-befd-55\/\" \/>\n<meta property=\"og:locale\" content=\"da_DK\" \/>\n<meta property=\"og:type\" content=\"article\" \/>\n<meta property=\"og:title\" content=\"Enfaset filterdrosselspole 5,5% BEFD 5,5 | Breimer-Roth\" \/>\n<meta property=\"og:description\" content=\"BEFD 5,5 Enfasede filterdrossler fra Transformatorenwerk Breimer-Roth \u2794 5,5 % \u2714 Resonansfrekvens 214 Hz \u2714 8 - 90 MF \u2714 Sp\u00e6nding AC 230 V \u2714.\" \/>\n<meta property=\"og:url\" content=\"https:\/\/bre-trafo.de\/da\/spaendingsdaempere-og-stroemforsyninger\/spaendingsdaempere\/enfaset-filterdrosselspole-55-befd-55\/\" \/>\n<meta property=\"og:site_name\" content=\"Breimer-Roth Transformatoren\" \/>\n<meta property=\"article:modified_time\" content=\"2025-10-16T15:27:09+00:00\" \/>\n<meta name=\"twitter:card\" content=\"summary_large_image\" \/>\n<script type=\"application\/ld+json\" class=\"yoast-schema-graph\">{\"@context\":\"https:\\\/\\\/schema.org\",\"@graph\":[{\"@type\":\"WebPage\",\"@id\":\"https:\\\/\\\/bre-trafo.de\\\/da\\\/spaendingsdaempere-og-stroemforsyninger\\\/spaendingsdaempere\\\/enfaset-filterdrosselspole-55-befd-55\\\/\",\"url\":\"https:\\\/\\\/bre-trafo.de\\\/da\\\/spaendingsdaempere-og-stroemforsyninger\\\/spaendingsdaempere\\\/enfaset-filterdrosselspole-55-befd-55\\\/\",\"name\":\"Enfaset filterdrosselspole 5,5% BEFD 5,5 | Breimer-Roth\",\"isPartOf\":{\"@id\":\"https:\\\/\\\/bre-trafo.de\\\/da\\\/#website\"},\"datePublished\":\"2018-05-02T09:12:10+00:00\",\"dateModified\":\"2025-10-16T15:27:09+00:00\",\"description\":\"BEFD 5,5 Enfasede filterdrossler fra Transformatorenwerk Breimer-Roth \u2794 5,5 % \u2714 Resonansfrekvens 214 Hz \u2714 8 - 90 MF \u2714 Sp\u00e6nding AC 230 V \u2714.\",\"breadcrumb\":{\"@id\":\"https:\\\/\\\/bre-trafo.de\\\/da\\\/spaendingsdaempere-og-stroemforsyninger\\\/spaendingsdaempere\\\/enfaset-filterdrosselspole-55-befd-55\\\/#breadcrumb\"},\"inLanguage\":\"da-DK\",\"potentialAction\":[{\"@type\":\"ReadAction\",\"target\":[\"https:\\\/\\\/bre-trafo.de\\\/da\\\/spaendingsdaempere-og-stroemforsyninger\\\/spaendingsdaempere\\\/enfaset-filterdrosselspole-55-befd-55\\\/\"]}]},{\"@type\":\"BreadcrumbList\",\"@id\":\"https:\\\/\\\/bre-trafo.de\\\/da\\\/spaendingsdaempere-og-stroemforsyninger\\\/spaendingsdaempere\\\/enfaset-filterdrosselspole-55-befd-55\\\/#breadcrumb\",\"itemListElement\":[{\"@type\":\"ListItem\",\"position\":1,\"name\":\"Home\",\"item\":\"https:\\\/\\\/bre-trafo.de\\\/da\\\/hjem\\\/\"},{\"@type\":\"ListItem\",\"position\":2,\"name\":\"Sp\u00e6ndingsd\u00e6mpere og str\u00f8mforsyninger\",\"item\":\"https:\\\/\\\/bre-trafo.de\\\/da\\\/spaendingsdaempere-og-stroemforsyninger\\\/\"},{\"@type\":\"ListItem\",\"position\":3,\"name\":\"Sp\u00e6ndingsd\u00e6mpere\",\"item\":\"https:\\\/\\\/bre-trafo.de\\\/da\\\/spaendingsdaempere-og-stroemforsyninger\\\/spaendingsdaempere\\\/\"},{\"@type\":\"ListItem\",\"position\":4,\"name\":\"Enfaset filterdrosselspole 5,5% BEFD 5,5\"}]},{\"@type\":\"WebSite\",\"@id\":\"https:\\\/\\\/bre-trafo.de\\\/da\\\/#website\",\"url\":\"https:\\\/\\\/bre-trafo.de\\\/da\\\/\",\"name\":\"Breimer-Roth Transformatoren\",\"description\":\"Trafo Hersteller\",\"publisher\":{\"@id\":\"https:\\\/\\\/bre-trafo.de\\\/da\\\/#organization\"},\"potentialAction\":[{\"@type\":\"SearchAction\",\"target\":{\"@type\":\"EntryPoint\",\"urlTemplate\":\"https:\\\/\\\/bre-trafo.de\\\/da\\\/?s={search_term_string}\"},\"query-input\":{\"@type\":\"PropertyValueSpecification\",\"valueRequired\":true,\"valueName\":\"search_term_string\"}}],\"inLanguage\":\"da-DK\"},{\"@type\":\"Organization\",\"@id\":\"https:\\\/\\\/bre-trafo.de\\\/da\\\/#organization\",\"name\":\"Breimer-Roth Transformatoren Erbach\",\"url\":\"https:\\\/\\\/bre-trafo.de\\\/da\\\/\",\"logo\":{\"@type\":\"ImageObject\",\"inLanguage\":\"da-DK\",\"@id\":\"https:\\\/\\\/bre-trafo.de\\\/da\\\/#\\\/schema\\\/logo\\\/image\\\/\",\"url\":\"https:\\\/\\\/bre-trafo.de\\\/wp-content\\\/uploads\\\/2025\\\/01\\\/Breimer-Roth-Sonderlogo_farbig.svg\",\"contentUrl\":\"https:\\\/\\\/bre-trafo.de\\\/wp-content\\\/uploads\\\/2025\\\/01\\\/Breimer-Roth-Sonderlogo_farbig.svg\",\"caption\":\"Breimer-Roth Transformatoren Erbach\"},\"image\":{\"@id\":\"https:\\\/\\\/bre-trafo.de\\\/da\\\/#\\\/schema\\\/logo\\\/image\\\/\"}}]}<\/script>\n<!-- \/ Yoast SEO plugin. -->","yoast_head_json":{"title":"Enfaset filterdrosselspole 5,5% BEFD 5,5 | Breimer-Roth","description":"BEFD 5,5 Enfasede filterdrossler fra Transformatorenwerk Breimer-Roth \u2794 5,5 % \u2714 Resonansfrekvens 214 Hz \u2714 8 - 90 MF \u2714 Sp\u00e6nding AC 230 V \u2714.","robots":{"index":"index","follow":"follow","max-snippet":"max-snippet:-1","max-image-preview":"max-image-preview:large","max-video-preview":"max-video-preview:-1"},"canonical":"https:\/\/bre-trafo.de\/da\/spaendingsdaempere-og-stroemforsyninger\/spaendingsdaempere\/enfaset-filterdrosselspole-55-befd-55\/","og_locale":"da_DK","og_type":"article","og_title":"Enfaset filterdrosselspole 5,5% BEFD 5,5 | Breimer-Roth","og_description":"BEFD 5,5 Enfasede filterdrossler fra Transformatorenwerk Breimer-Roth \u2794 5,5 % \u2714 Resonansfrekvens 214 Hz \u2714 8 - 90 MF \u2714 Sp\u00e6nding AC 230 V \u2714.","og_url":"https:\/\/bre-trafo.de\/da\/spaendingsdaempere-og-stroemforsyninger\/spaendingsdaempere\/enfaset-filterdrosselspole-55-befd-55\/","og_site_name":"Breimer-Roth Transformatoren","article_modified_time":"2025-10-16T15:27:09+00:00","twitter_card":"summary_large_image","schema":{"@context":"https:\/\/schema.org","@graph":[{"@type":"WebPage","@id":"https:\/\/bre-trafo.de\/da\/spaendingsdaempere-og-stroemforsyninger\/spaendingsdaempere\/enfaset-filterdrosselspole-55-befd-55\/","url":"https:\/\/bre-trafo.de\/da\/spaendingsdaempere-og-stroemforsyninger\/spaendingsdaempere\/enfaset-filterdrosselspole-55-befd-55\/","name":"Enfaset filterdrosselspole 5,5% BEFD 5,5 | Breimer-Roth","isPartOf":{"@id":"https:\/\/bre-trafo.de\/da\/#website"},"datePublished":"2018-05-02T09:12:10+00:00","dateModified":"2025-10-16T15:27:09+00:00","description":"BEFD 5,5 Enfasede filterdrossler fra Transformatorenwerk Breimer-Roth \u2794 5,5 % \u2714 Resonansfrekvens 214 Hz \u2714 8 - 90 MF \u2714 Sp\u00e6nding AC 230 V \u2714.","breadcrumb":{"@id":"https:\/\/bre-trafo.de\/da\/spaendingsdaempere-og-stroemforsyninger\/spaendingsdaempere\/enfaset-filterdrosselspole-55-befd-55\/#breadcrumb"},"inLanguage":"da-DK","potentialAction":[{"@type":"ReadAction","target":["https:\/\/bre-trafo.de\/da\/spaendingsdaempere-og-stroemforsyninger\/spaendingsdaempere\/enfaset-filterdrosselspole-55-befd-55\/"]}]},{"@type":"BreadcrumbList","@id":"https:\/\/bre-trafo.de\/da\/spaendingsdaempere-og-stroemforsyninger\/spaendingsdaempere\/enfaset-filterdrosselspole-55-befd-55\/#breadcrumb","itemListElement":[{"@type":"ListItem","position":1,"name":"Home","item":"https:\/\/bre-trafo.de\/da\/hjem\/"},{"@type":"ListItem","position":2,"name":"Sp\u00e6ndingsd\u00e6mpere og str\u00f8mforsyninger","item":"https:\/\/bre-trafo.de\/da\/spaendingsdaempere-og-stroemforsyninger\/"},{"@type":"ListItem","position":3,"name":"Sp\u00e6ndingsd\u00e6mpere","item":"https:\/\/bre-trafo.de\/da\/spaendingsdaempere-og-stroemforsyninger\/spaendingsdaempere\/"},{"@type":"ListItem","position":4,"name":"Enfaset filterdrosselspole 5,5% BEFD 5,5"}]},{"@type":"WebSite","@id":"https:\/\/bre-trafo.de\/da\/#website","url":"https:\/\/bre-trafo.de\/da\/","name":"Breimer-Roth Transformatoren","description":"Trafo Hersteller","publisher":{"@id":"https:\/\/bre-trafo.de\/da\/#organization"},"potentialAction":[{"@type":"SearchAction","target":{"@type":"EntryPoint","urlTemplate":"https:\/\/bre-trafo.de\/da\/?s={search_term_string}"},"query-input":{"@type":"PropertyValueSpecification","valueRequired":true,"valueName":"search_term_string"}}],"inLanguage":"da-DK"},{"@type":"Organization","@id":"https:\/\/bre-trafo.de\/da\/#organization","name":"Breimer-Roth Transformatoren Erbach","url":"https:\/\/bre-trafo.de\/da\/","logo":{"@type":"ImageObject","inLanguage":"da-DK","@id":"https:\/\/bre-trafo.de\/da\/#\/schema\/logo\/image\/","url":"https:\/\/bre-trafo.de\/wp-content\/uploads\/2025\/01\/Breimer-Roth-Sonderlogo_farbig.svg","contentUrl":"https:\/\/bre-trafo.de\/wp-content\/uploads\/2025\/01\/Breimer-Roth-Sonderlogo_farbig.svg","caption":"Breimer-Roth Transformatoren Erbach"},"image":{"@id":"https:\/\/bre-trafo.de\/da\/#\/schema\/logo\/image\/"}}]}},"_links":{"self":[{"href":"https:\/\/bre-trafo.de\/da\/wp-json\/wp\/v2\/pages\/8000","targetHints":{"allow":["GET"]}}],"collection":[{"href":"https:\/\/bre-trafo.de\/da\/wp-json\/wp\/v2\/pages"}],"about":[{"href":"https:\/\/bre-trafo.de\/da\/wp-json\/wp\/v2\/types\/page"}],"author":[{"embeddable":true,"href":"https:\/\/bre-trafo.de\/da\/wp-json\/wp\/v2\/users\/6"}],"replies":[{"embeddable":true,"href":"https:\/\/bre-trafo.de\/da\/wp-json\/wp\/v2\/comments?post=8000"}],"version-history":[{"count":1,"href":"https:\/\/bre-trafo.de\/da\/wp-json\/wp\/v2\/pages\/8000\/revisions"}],"predecessor-version":[{"id":20084,"href":"https:\/\/bre-trafo.de\/da\/wp-json\/wp\/v2\/pages\/8000\/revisions\/20084"}],"up":[{"embeddable":true,"href":"https:\/\/bre-trafo.de\/da\/wp-json\/wp\/v2\/pages\/7993"}],"wp:attachment":[{"href":"https:\/\/bre-trafo.de\/da\/wp-json\/wp\/v2\/media?parent=8000"}],"curies":[{"name":"wp","href":"https:\/\/api.w.org\/{rel}","templated":true}]}}