{"id":10551,"date":"2025-03-19T08:02:34","date_gmt":"2025-03-19T07:02:34","guid":{"rendered":"https:\/\/bre-trafo.de\/?page_id=10551"},"modified":"2025-05-26T09:56:04","modified_gmt":"2025-05-26T07:56:04","slug":"justerbar-stroemkilde-til-test-af-ensretterdioder","status":"publish","type":"page","link":"https:\/\/bre-trafo.de\/da\/flere-produkter-og-tilbehoer\/justerbar-stroemkilde-til-test-af-ensretterdioder\/","title":{"rendered":"Sp\u00e6ndingskilde til test af ensretterdioder"},"content":{"rendered":"<div class=\"contact-modal__title\">Kontakt<\/div>\n<div class=\"contact-modal__text\">Har du sp\u00f8rgsm\u00e5l eller brug for teknisk information? Kom i kontakt med os. For specifikke foresp\u00f8rgsler kan du ogs\u00e5 bruge vores detaljerede foresp\u00f8rgselsformular.<\/div>\n<ul class=\"contact-modal__list\">\n<li class=\"contact-modal__item\"><a class=\"contact-modal__phone\" href=\"tel:+49%20(0)%2060%2062%20-%209%2042%2050\"><br \/>\n<img decoding=\"async\" src=\"https:\/\/bre-trafo.de\/wp-content\/uploads\/2018\/04\/phone.svg\" alt=\"\" \/>+49 (0) 60 62 &#8211; 9 42 50 <\/a><\/li>\n<li class=\"contact-modal__item\"><a class=\"contact-modal__mail\" href=\"mailto:info@bre-trafo.com\"><br \/>\n<img decoding=\"async\" src=\"https:\/\/bre-trafo.de\/wp-content\/uploads\/2018\/04\/mail.svg\" alt=\"\" \/> info@bre-trafo.com <\/a><\/li>\n<\/ul>\n<div class=\"contact-modal__form\">\n<div class=\"wpcf7 no-js\" id=\"wpcf7-f8697-o1\" lang=\"da-DK\" dir=\"ltr\" data-wpcf7-id=\"8697\">\n<div class=\"screen-reader-response\"><p role=\"status\" aria-live=\"polite\" aria-atomic=\"true\"><\/p> <ul><\/ul><\/div>\n<form action=\"\/da\/wp-json\/wp\/v2\/pages\/10551#wpcf7-f8697-o1\" method=\"post\" class=\"wpcf7-form init\" aria-label=\"Kontaktformular\" novalidate=\"novalidate\" data-status=\"init\">\n<fieldset class=\"hidden-fields-container\"><input type=\"hidden\" name=\"_wpcf7\" value=\"8697\" \/><input type=\"hidden\" name=\"_wpcf7_version\" value=\"6.1.5\" \/><input type=\"hidden\" name=\"_wpcf7_locale\" value=\"da_DK\" \/><input type=\"hidden\" name=\"_wpcf7_unit_tag\" value=\"wpcf7-f8697-o1\" \/><input type=\"hidden\" name=\"_wpcf7_container_post\" value=\"0\" \/><input type=\"hidden\" name=\"_wpcf7_posted_data_hash\" value=\"\" \/>\n<\/fieldset>\n<div class=\"row\">\n\t<div class=\"col-12 col-lg-5\">\n\t\t<p><input size=\"40\" maxlength=\"400\" class=\"wpcf7-form-control wpcf7-text wpcf7-validates-as-required form-control\" aria-required=\"true\" aria-invalid=\"false\" placeholder=\"Navn\" value=\"\" type=\"text\" name=\"your-name\" \/><\/span><span class=\"wpcf7-form-control-wrap\" data-name=\"email\"><input size=\"40\" maxlength=\"400\" class=\"wpcf7-form-control wpcf7-email wpcf7-validates-as-required wpcf7-text wpcf7-validates-as-email form-control\" aria-required=\"true\" aria-invalid=\"false\" placeholder=\"e-mail\" value=\"\" type=\"email\" name=\"email\" \/><\/span><span class=\"wpcf7-form-control-wrap\" data-name=\"company\"><input size=\"40\" maxlength=\"400\" class=\"wpcf7-form-control wpcf7-text wpcf7-validates-as-required form-control\" aria-required=\"true\" aria-invalid=\"false\" placeholder=\"Virksomhed\" value=\"\" type=\"text\" name=\"company\" \/><\/span><span class=\"wpcf7-form-control-wrap\" data-name=\"tel-261\"><input size=\"40\" maxlength=\"400\" class=\"wpcf7-form-control wpcf7-tel wpcf7-validates-as-required wpcf7-text wpcf7-validates-as-tel form-control\" aria-required=\"true\" aria-invalid=\"false\" placeholder=\"Telefon\" value=\"\" type=\"tel\" name=\"tel-261\" \/>\n\t\t<\/p>\n\t<\/div>\n\t<div class=\"col-12 col-lg-7\">\n\t\t<p><textarea cols=\"40\" rows=\"10\" maxlength=\"2000\" class=\"wpcf7-form-control wpcf7-textarea wpcf7-validates-as-required form-control\" aria-required=\"true\" aria-invalid=\"false\" placeholder=\"Besked\" name=\"nachricht\"><\/textarea>\n\t\t<\/p>\n\t<\/div>\n<\/div>\n<div class=\"row contact-form\">\n\t<div class=\"col-12\">\n\t\t<p><span class=\"wpcf7-form-control wpcf7-acceptance\"><span class=\"wpcf7-list-item\"><label><input type=\"checkbox\" name=\"acceptance-444\" value=\"1\" aria-invalid=\"false\" \/><span class=\"wpcf7-list-item-label\">Jeg accepterer, at mine oplysninger fra kontaktformularen indsamles og behandles i forbindelse med min anmodning. Dataene vil blive slettet efter behandlingen. Detaljerede oplysninger kan findes i vores <a class=\"form-link\" href=\"https:\/\/bre-trafo.de\/da\/beskyttelse-af-data\/\" target=\"_blank\">privatlivspolitik.<\/a><\/span><\/label><\/span><\/span>\n\t\t<\/p>\n\t<\/div>\n<\/div>\n<div style= \"display: none;\">\n\t<p><label for=\"wpcf7-69e8c60e8d640-field\" class=\"hp-message\">Please leave this field empty.<\/label><input id=\"wpcf7-69e8c60e8d640-field\"  class=\"wpcf7-form-control wpcf7-text\" type=\"text\" name=\"honeypot-3213\" value=\"\" size=\"40\" tabindex=\"-1\" autocomplete=\"new-password\" \/>\n\t<\/p>\n<\/div>\n<div class=\"text-center\">\n\t<div class=\"btn-after\">\n\t\t<p><input class=\"wpcf7-form-control wpcf7-submit has-spinner btn-primary btn\" type=\"submit\" value=\"Submit\" \/>\n\t\t<\/p>\n\t<\/div>\n<\/div><div class=\"wpcf7-response-output\" aria-hidden=\"true\"><\/div>\n<\/form>\n<\/div>\n<\/div>\n","protected":false},"excerpt":{"rendered":"<p>Kontakt Har du sp\u00f8rgsm\u00e5l eller brug for teknisk information? Kom i kontakt med os. For specifikke foresp\u00f8rgsler kan du ogs\u00e5 bruge vores detaljerede foresp\u00f8rgselsformular. +49 (0) 60 62 &#8211; 9 42 50 info@bre-trafo.com<\/p>\n","protected":false},"author":15,"featured_media":0,"parent":8101,"menu_order":0,"comment_status":"closed","ping_status":"closed","template":"templates\/contentbuilder.php","meta":{"_acf_changed":false,"footnotes":""},"class_list":["post-10551","page","type-page","status-publish","hentry"],"acf":[],"yoast_head":"<!-- This site is optimized with the Yoast SEO plugin v27.4 - https:\/\/yoast.com\/product\/yoast-seo-wordpress\/ -->\n<title>Sp\u00e6ndingskilde til test af ensretterdioder - Breimer-Roth Transformatoren<\/title>\n<meta name=\"robots\" content=\"index, follow, max-snippet:-1, max-image-preview:large, max-video-preview:-1\" \/>\n<link rel=\"canonical\" href=\"https:\/\/bre-trafo.de\/da\/flere-produkter-og-tilbehoer\/justerbar-stroemkilde-til-test-af-ensretterdioder\/\" \/>\n<meta property=\"og:locale\" content=\"da_DK\" \/>\n<meta property=\"og:type\" content=\"article\" \/>\n<meta property=\"og:title\" content=\"Sp\u00e6ndingskilde til test af ensretterdioder - Breimer-Roth Transformatoren\" \/>\n<meta property=\"og:description\" content=\"Kontakt Har du sp\u00f8rgsm\u00e5l eller brug for teknisk information? Kom i kontakt med os. For specifikke foresp\u00f8rgsler kan du ogs\u00e5 bruge vores detaljerede foresp\u00f8rgselsformular. +49 (0) 60 62 &#8211; 9 42 50 info@bre-trafo.com\" \/>\n<meta property=\"og:url\" content=\"https:\/\/bre-trafo.de\/da\/flere-produkter-og-tilbehoer\/justerbar-stroemkilde-til-test-af-ensretterdioder\/\" \/>\n<meta property=\"og:site_name\" content=\"Breimer-Roth Transformatoren\" \/>\n<meta property=\"article:modified_time\" content=\"2025-05-26T07:56:04+00:00\" \/>\n<meta property=\"og:image\" content=\"https:\/\/bre-trafo.de\/wp-content\/uploads\/2018\/04\/phone.svg\" \/>\n<meta name=\"twitter:card\" content=\"summary_large_image\" \/>\n<script type=\"application\/ld+json\" class=\"yoast-schema-graph\">{\"@context\":\"https:\\\/\\\/schema.org\",\"@graph\":[{\"@type\":\"WebPage\",\"@id\":\"https:\\\/\\\/bre-trafo.de\\\/da\\\/flere-produkter-og-tilbehoer\\\/justerbar-stroemkilde-til-test-af-ensretterdioder\\\/\",\"url\":\"https:\\\/\\\/bre-trafo.de\\\/da\\\/flere-produkter-og-tilbehoer\\\/justerbar-stroemkilde-til-test-af-ensretterdioder\\\/\",\"name\":\"Sp\u00e6ndingskilde til test af ensretterdioder - Breimer-Roth Transformatoren\",\"isPartOf\":{\"@id\":\"https:\\\/\\\/bre-trafo.de\\\/da\\\/#website\"},\"primaryImageOfPage\":{\"@id\":\"https:\\\/\\\/bre-trafo.de\\\/da\\\/flere-produkter-og-tilbehoer\\\/justerbar-stroemkilde-til-test-af-ensretterdioder\\\/#primaryimage\"},\"image\":{\"@id\":\"https:\\\/\\\/bre-trafo.de\\\/da\\\/flere-produkter-og-tilbehoer\\\/justerbar-stroemkilde-til-test-af-ensretterdioder\\\/#primaryimage\"},\"thumbnailUrl\":\"https:\\\/\\\/bre-trafo.de\\\/wp-content\\\/uploads\\\/2018\\\/04\\\/phone.svg\",\"datePublished\":\"2025-03-19T07:02:34+00:00\",\"dateModified\":\"2025-05-26T07:56:04+00:00\",\"breadcrumb\":{\"@id\":\"https:\\\/\\\/bre-trafo.de\\\/da\\\/flere-produkter-og-tilbehoer\\\/justerbar-stroemkilde-til-test-af-ensretterdioder\\\/#breadcrumb\"},\"inLanguage\":\"da-DK\",\"potentialAction\":[{\"@type\":\"ReadAction\",\"target\":[\"https:\\\/\\\/bre-trafo.de\\\/da\\\/flere-produkter-og-tilbehoer\\\/justerbar-stroemkilde-til-test-af-ensretterdioder\\\/\"]}]},{\"@type\":\"ImageObject\",\"inLanguage\":\"da-DK\",\"@id\":\"https:\\\/\\\/bre-trafo.de\\\/da\\\/flere-produkter-og-tilbehoer\\\/justerbar-stroemkilde-til-test-af-ensretterdioder\\\/#primaryimage\",\"url\":\"https:\\\/\\\/bre-trafo.de\\\/wp-content\\\/uploads\\\/2018\\\/04\\\/phone.svg\",\"contentUrl\":\"https:\\\/\\\/bre-trafo.de\\\/wp-content\\\/uploads\\\/2018\\\/04\\\/phone.svg\"},{\"@type\":\"BreadcrumbList\",\"@id\":\"https:\\\/\\\/bre-trafo.de\\\/da\\\/flere-produkter-og-tilbehoer\\\/justerbar-stroemkilde-til-test-af-ensretterdioder\\\/#breadcrumb\",\"itemListElement\":[{\"@type\":\"ListItem\",\"position\":1,\"name\":\"Home\",\"item\":\"https:\\\/\\\/bre-trafo.de\\\/da\\\/hjem\\\/\"},{\"@type\":\"ListItem\",\"position\":2,\"name\":\"Andre produkter og tilbeh\u00f8r\",\"item\":\"https:\\\/\\\/bre-trafo.de\\\/da\\\/flere-produkter-og-tilbehoer\\\/\"},{\"@type\":\"ListItem\",\"position\":3,\"name\":\"Sp\u00e6ndingskilde til test af ensretterdioder\"}]},{\"@type\":\"WebSite\",\"@id\":\"https:\\\/\\\/bre-trafo.de\\\/da\\\/#website\",\"url\":\"https:\\\/\\\/bre-trafo.de\\\/da\\\/\",\"name\":\"Breimer-Roth Transformatoren\",\"description\":\"Trafo Hersteller\",\"publisher\":{\"@id\":\"https:\\\/\\\/bre-trafo.de\\\/da\\\/#organization\"},\"potentialAction\":[{\"@type\":\"SearchAction\",\"target\":{\"@type\":\"EntryPoint\",\"urlTemplate\":\"https:\\\/\\\/bre-trafo.de\\\/da\\\/?s={search_term_string}\"},\"query-input\":{\"@type\":\"PropertyValueSpecification\",\"valueRequired\":true,\"valueName\":\"search_term_string\"}}],\"inLanguage\":\"da-DK\"},{\"@type\":\"Organization\",\"@id\":\"https:\\\/\\\/bre-trafo.de\\\/da\\\/#organization\",\"name\":\"Breimer-Roth Transformatoren Erbach\",\"url\":\"https:\\\/\\\/bre-trafo.de\\\/da\\\/\",\"logo\":{\"@type\":\"ImageObject\",\"inLanguage\":\"da-DK\",\"@id\":\"https:\\\/\\\/bre-trafo.de\\\/da\\\/#\\\/schema\\\/logo\\\/image\\\/\",\"url\":\"https:\\\/\\\/bre-trafo.de\\\/wp-content\\\/uploads\\\/2025\\\/01\\\/Breimer-Roth-Sonderlogo_farbig.svg\",\"contentUrl\":\"https:\\\/\\\/bre-trafo.de\\\/wp-content\\\/uploads\\\/2025\\\/01\\\/Breimer-Roth-Sonderlogo_farbig.svg\",\"caption\":\"Breimer-Roth Transformatoren Erbach\"},\"image\":{\"@id\":\"https:\\\/\\\/bre-trafo.de\\\/da\\\/#\\\/schema\\\/logo\\\/image\\\/\"}}]}<\/script>\n<!-- \/ Yoast SEO plugin. -->","yoast_head_json":{"title":"Sp\u00e6ndingskilde til test af ensretterdioder - Breimer-Roth Transformatoren","robots":{"index":"index","follow":"follow","max-snippet":"max-snippet:-1","max-image-preview":"max-image-preview:large","max-video-preview":"max-video-preview:-1"},"canonical":"https:\/\/bre-trafo.de\/da\/flere-produkter-og-tilbehoer\/justerbar-stroemkilde-til-test-af-ensretterdioder\/","og_locale":"da_DK","og_type":"article","og_title":"Sp\u00e6ndingskilde til test af ensretterdioder - Breimer-Roth Transformatoren","og_description":"Kontakt Har du sp\u00f8rgsm\u00e5l eller brug for teknisk information? Kom i kontakt med os. For specifikke foresp\u00f8rgsler kan du ogs\u00e5 bruge vores detaljerede foresp\u00f8rgselsformular. +49 (0) 60 62 &#8211; 9 42 50 info@bre-trafo.com","og_url":"https:\/\/bre-trafo.de\/da\/flere-produkter-og-tilbehoer\/justerbar-stroemkilde-til-test-af-ensretterdioder\/","og_site_name":"Breimer-Roth Transformatoren","article_modified_time":"2025-05-26T07:56:04+00:00","og_image":[{"url":"https:\/\/bre-trafo.de\/wp-content\/uploads\/2018\/04\/phone.svg","type":"","width":"","height":""}],"twitter_card":"summary_large_image","schema":{"@context":"https:\/\/schema.org","@graph":[{"@type":"WebPage","@id":"https:\/\/bre-trafo.de\/da\/flere-produkter-og-tilbehoer\/justerbar-stroemkilde-til-test-af-ensretterdioder\/","url":"https:\/\/bre-trafo.de\/da\/flere-produkter-og-tilbehoer\/justerbar-stroemkilde-til-test-af-ensretterdioder\/","name":"Sp\u00e6ndingskilde til test af ensretterdioder - Breimer-Roth Transformatoren","isPartOf":{"@id":"https:\/\/bre-trafo.de\/da\/#website"},"primaryImageOfPage":{"@id":"https:\/\/bre-trafo.de\/da\/flere-produkter-og-tilbehoer\/justerbar-stroemkilde-til-test-af-ensretterdioder\/#primaryimage"},"image":{"@id":"https:\/\/bre-trafo.de\/da\/flere-produkter-og-tilbehoer\/justerbar-stroemkilde-til-test-af-ensretterdioder\/#primaryimage"},"thumbnailUrl":"https:\/\/bre-trafo.de\/wp-content\/uploads\/2018\/04\/phone.svg","datePublished":"2025-03-19T07:02:34+00:00","dateModified":"2025-05-26T07:56:04+00:00","breadcrumb":{"@id":"https:\/\/bre-trafo.de\/da\/flere-produkter-og-tilbehoer\/justerbar-stroemkilde-til-test-af-ensretterdioder\/#breadcrumb"},"inLanguage":"da-DK","potentialAction":[{"@type":"ReadAction","target":["https:\/\/bre-trafo.de\/da\/flere-produkter-og-tilbehoer\/justerbar-stroemkilde-til-test-af-ensretterdioder\/"]}]},{"@type":"ImageObject","inLanguage":"da-DK","@id":"https:\/\/bre-trafo.de\/da\/flere-produkter-og-tilbehoer\/justerbar-stroemkilde-til-test-af-ensretterdioder\/#primaryimage","url":"https:\/\/bre-trafo.de\/wp-content\/uploads\/2018\/04\/phone.svg","contentUrl":"https:\/\/bre-trafo.de\/wp-content\/uploads\/2018\/04\/phone.svg"},{"@type":"BreadcrumbList","@id":"https:\/\/bre-trafo.de\/da\/flere-produkter-og-tilbehoer\/justerbar-stroemkilde-til-test-af-ensretterdioder\/#breadcrumb","itemListElement":[{"@type":"ListItem","position":1,"name":"Home","item":"https:\/\/bre-trafo.de\/da\/hjem\/"},{"@type":"ListItem","position":2,"name":"Andre produkter og tilbeh\u00f8r","item":"https:\/\/bre-trafo.de\/da\/flere-produkter-og-tilbehoer\/"},{"@type":"ListItem","position":3,"name":"Sp\u00e6ndingskilde til test af ensretterdioder"}]},{"@type":"WebSite","@id":"https:\/\/bre-trafo.de\/da\/#website","url":"https:\/\/bre-trafo.de\/da\/","name":"Breimer-Roth Transformatoren","description":"Trafo Hersteller","publisher":{"@id":"https:\/\/bre-trafo.de\/da\/#organization"},"potentialAction":[{"@type":"SearchAction","target":{"@type":"EntryPoint","urlTemplate":"https:\/\/bre-trafo.de\/da\/?s={search_term_string}"},"query-input":{"@type":"PropertyValueSpecification","valueRequired":true,"valueName":"search_term_string"}}],"inLanguage":"da-DK"},{"@type":"Organization","@id":"https:\/\/bre-trafo.de\/da\/#organization","name":"Breimer-Roth Transformatoren Erbach","url":"https:\/\/bre-trafo.de\/da\/","logo":{"@type":"ImageObject","inLanguage":"da-DK","@id":"https:\/\/bre-trafo.de\/da\/#\/schema\/logo\/image\/","url":"https:\/\/bre-trafo.de\/wp-content\/uploads\/2025\/01\/Breimer-Roth-Sonderlogo_farbig.svg","contentUrl":"https:\/\/bre-trafo.de\/wp-content\/uploads\/2025\/01\/Breimer-Roth-Sonderlogo_farbig.svg","caption":"Breimer-Roth Transformatoren Erbach"},"image":{"@id":"https:\/\/bre-trafo.de\/da\/#\/schema\/logo\/image\/"}}]}},"_links":{"self":[{"href":"https:\/\/bre-trafo.de\/da\/wp-json\/wp\/v2\/pages\/10551","targetHints":{"allow":["GET"]}}],"collection":[{"href":"https:\/\/bre-trafo.de\/da\/wp-json\/wp\/v2\/pages"}],"about":[{"href":"https:\/\/bre-trafo.de\/da\/wp-json\/wp\/v2\/types\/page"}],"author":[{"embeddable":true,"href":"https:\/\/bre-trafo.de\/da\/wp-json\/wp\/v2\/users\/15"}],"replies":[{"embeddable":true,"href":"https:\/\/bre-trafo.de\/da\/wp-json\/wp\/v2\/comments?post=10551"}],"version-history":[{"count":4,"href":"https:\/\/bre-trafo.de\/da\/wp-json\/wp\/v2\/pages\/10551\/revisions"}],"predecessor-version":[{"id":21038,"href":"https:\/\/bre-trafo.de\/da\/wp-json\/wp\/v2\/pages\/10551\/revisions\/21038"}],"up":[{"embeddable":true,"href":"https:\/\/bre-trafo.de\/da\/wp-json\/wp\/v2\/pages\/8101"}],"wp:attachment":[{"href":"https:\/\/bre-trafo.de\/da\/wp-json\/wp\/v2\/media?parent=10551"}],"curies":[{"name":"wp","href":"https:\/\/api.w.org\/{rel}","templated":true}]}}